{"id":5266,"date":"2024-11-05T20:10:11","date_gmt":"2024-11-05T19:10:11","guid":{"rendered":"https:\/?page_id=5266"},"modified":"2024-11-19T18:09:36","modified_gmt":"2024-11-19T17:09:36","slug":"avis-legal","status":"publish","type":"page","link":"https:\/\/bioecohouse.es\/ca\/avis-legal\/","title":{"rendered":"Av\u00eds legal"},"content":{"rendered":"<div>\n<p><strong>AV\u00cdS LEGAL<\/strong><\/p>\n<p align=\"LEFT\"><b>Informaci\u00f3 de la companyia:<\/b><\/p>\n<p align=\"LEFT\">En compliment de l&#8217;article 10 de la Llei 34\/2002, d&#8217;11 de juliol, de Serveis de la Societat de la informaci\u00f3 i Comer\u00e7 Electr\u00f2nic, s&#8217;exposen les seg\u00fcents dades identificatives del titular d&#8217;aquest lloc web:<\/p>\n<p align=\"LEFT\">\u2022 La seva denominaci\u00f3 social: ECOVERS, SL<br \/>\u2022 El seu nom comercial \u00e9s: BIOECO HOUSE<br \/>\u2022 El seu CIF \u00e9s: B56624075<br \/>\u2022 El seu domicili social est\u00e0 a: Passeig dels Tarongers, 65-67, C \u2013 08860 CASTELLDEFELS \u2013 BARCELONA (ESPANYA)<\/p>\n<p align=\"LEFT\"><b>Objecte:<\/b><\/p>\n<p align=\"LEFT\">Les presents condicions generals (\u201cCondicions Generals\u201d) regulen l&#8217;acc\u00e9s i \u00fas per part de qualsevol persona (\u201cusuari\u201d) de les p\u00e0gines que integren el domini web https: (\u201clloc web\u201d), titularitat de ECOVERS, SL (\u201c<strong>Bioeco house<\/strong>\u201d), aix\u00ed com els continguts i serveis que en elles s&#8217;inclouen.<\/p>\n<p align=\"LEFT\">L&#8217;acc\u00e9s a aquest lloc web o la seva utilitzaci\u00f3 per l&#8217;usuari implica necess\u00e0riament, i sense reserves, el sotmetiment i acceptaci\u00f3 de les Condicions generals. Per tant, es recomana que l&#8217;usuari les llegeixi detingudament cada cop que vulgui entrar al lloc web de <strong>Bioeco house<\/strong>.<\/p>\n<p align=\"LEFT\"><strong>Bioeco house<\/strong> es reserva la facultat d&#8217;efectuar, en qualsevol moment i sense necessitat de previ cap av\u00eds, qualsevol modificaci\u00f3 o actualitzaci\u00f3 dels continguts i serveis, de les Condicions generals i, en general, de quants elements integren el disseny i la configuraci\u00f3 del seu lloc web.<\/p>\n<p align=\"LEFT\"><b>Exclusi\u00f3 de responsabilitat:<\/b><\/p>\n<p align=\"LEFT\">L&#8217;acc\u00e9s de l&#8217;usuari al lloc web no implica per <strong>Bioeco house<\/strong> l&#8217;obligaci\u00f3 de controlar l&#8217;abs\u00e8ncia de virus, cucs o qualsevol altre element inform\u00e0tic nociu. Correspon a l&#8217;usuari, en tot cas, la disponibilitat d&#8217;eines adequades per la detecci\u00f3 i desinfecci\u00f3 de programes inform\u00e0tics nocius. <strong>Bioeco house<\/strong> no es responsabilitza dels danys produ\u00efts al software i\/o equips inform\u00e0tics de l&#8217;usuari o de tercers durant la utilitzaci\u00f3 dels serveis oferits en el lloc web o la navegaci\u00f3 pel mateix. <strong>Bioeco house<\/strong> no es responsabilitza dels danys o perjudicis de qualsevol mena produ\u00efts a l&#8217;usuari que portin causa d&#8217;errors o desconnexions a les xarxes de telecomunicacions que produeixin la suspensi\u00f3, cancel\u00b7laci\u00f3 o interrupci\u00f3 del servei del lloc web durant la prestaci\u00f3 del mateix o amb car\u00e0cter previ.<\/p>\n<p align=\"LEFT\"><b>Acc\u00e9s i \u00fas del lloc web:<\/b><\/p>\n<p align=\"LEFT\">L&#8217;usuari accedeix al lloc web sota la seva exclusiva responsabilitat. Els continguts i serveis presentats en el lloc web tenen com a finalitat la difusi\u00f3 d&#8217;informaci\u00f3 amb relaci\u00f3 a les activitats desenvolupades per <strong>Bioeco house<\/strong>. Els continguts del lloc web no podran considerar-se en cap cas assessorament sobre cap q\u00fcesti\u00f3.<\/p>\n<p align=\"LEFT\">L&#8217;usuari \u00e9s completament responsable de l&#8217;acc\u00e9s i correcte \u00fas del lloc web amb subjecci\u00f3 a la legalitat vigent, sigui nacional o internacional, aix\u00ed com als principis de bona fe, a la moral, bones costums i ordre p\u00fablic. I espec\u00edficament, adquireix el comprom\u00eds d&#8217;observar diligentment les presents Condicions Generals.<\/p>\n<p align=\"LEFT\">L&#8217;usuari s&#8217;abstindr\u00e0 de fer servir els serveis i continguts del lloc web amb fins o efectes il\u00b7l\u00edcits i que siguin lesius dels drets i interessos de tercers, o que de qualsevol forma puguin danyar, inutilitzar, afectar o deteriorar el lloc web, els seus continguts i els seus serveis. Aix\u00ed mateix, queda prohibit impedir la norma d&#8217;utilitzaci\u00f3 o gaudi del lloc web a altres usuaris.<\/p>\n<p align=\"LEFT\">Els qui incompleixin tals obligacions respondran de qualsevol perjudici o dany que ocasionin. <strong>Bioeco house<\/strong> no respondr\u00e0 de cap conseq\u00fc\u00e8ncia, dany o perjudici que poguessin derivar-se del dit acc\u00e9s o \u00fas il\u00b7l\u00edcit per part de tercers.<\/p>\n<p align=\"LEFT\"><strong>Bioeco house<\/strong> posar\u00e0 els medis raonables a la seva disposici\u00f3 perqu\u00e8 els continguts i serveis inclosos en el seu lloc web siguin exactes i estiguin actualitzats. No obstant aix\u00f2, <strong>Bioeco house<\/strong> no est\u00e0 en condicions de poder garantir aquesta circumst\u00e0ncia en tot moment.<\/p>\n<p align=\"LEFT\">Donat que l&#8217;usuari pot descarregar determinats continguts del lloc web, <strong>Bioeco house<\/strong> disposa d&#8217;infraestructura necess\u00e0ria per evitar danys derivats de l&#8217;exist\u00e8ncia de virus inform\u00e0tics.<\/p>\n<p align=\"LEFT\"><strong>Bioeco house<\/strong> no es fa responsable dels potencials danys o errors que, a causa de la pres\u00e8ncia de qualsevol virus, pugui patir el sistema inform\u00e0tic (hardware o software) de l&#8217;usuari quan aquest accedeixi al lloc web o l&#8217;utilitzi.<\/p>\n<p align=\"LEFT\">Igualment, <strong>Bioeco house<\/strong> informar\u00e0 a l&#8217;usuari amb relaci\u00f3 a les especificacions t\u00e8cniques necess\u00e0ries per procedir a la desc\u00e0rrega d&#8217;informaci\u00f3 i continguts del seu lloc web. Es prega a l&#8217;usuari que presti atenci\u00f3 a aquests missatges d&#8217;av\u00eds, perqu\u00e8 <strong>Bioeco house<\/strong> no es responsabilitza dels danys o perjudicis que puguin patir els equips inform\u00e0tics de l&#8217;usuari perqu\u00e8 aquest hagi fet servir de manera indeguda o negligent el lloc web.<\/p>\n<p align=\"LEFT\"><b>Propietat intel\u00b7lectual i propietat industrial:<\/b><\/p>\n<p align=\"LEFT\">Tots els continguts, sense exclusi\u00f3 i de manera no limitativa, que formen part del lloc web, \u00e9s a dir, informaci\u00f3, articles, dades, textos, logos, icones, imatges, disseny i imatge del lloc web (aparen\u00e7a externa o look and feel), fitxers de v\u00eddeo, fitxers d&#8217;\u00e0udio, bases de dades i aplicacions inform\u00e0tiques, s\u00f3n propietat de <strong>Bioeco house<\/strong> o de tercers. Aquests estan protegits per les lleis de propietat intel\u00b7lectual i industrial vigents.<\/p>\n<p align=\"LEFT\">Queda prohibida qualsevol forma de reproducci\u00f3, distribuci\u00f3, comunicaci\u00f3 p\u00fablica, transformaci\u00f3, desc\u00e0rrega i, en general, qualsevol acte d&#8217;explotaci\u00f3 de la totalitat o part dels continguts (imatges, textos, dissenys, \u00edndexs, formes, etc.) que integren el lloc web, aix\u00ed com de les bases de dades i del software necessari per a la seva visualitzaci\u00f3 o funcionament, que no compti amb l&#8217;expressa i pr\u00e8via autoritzaci\u00f3 escrita.<\/p>\n<p align=\"LEFT\">L&#8217;usuari podr\u00e0 crear una c\u00f2pia privada dels continguts \u00fanicament i exclusivament per la seva utilitzaci\u00f3 personal. Tot \u00fas o explotaci\u00f3 diferents requeriran una autoritzaci\u00f3 pr\u00e8via i per escrit. En concret, es prohibeix a l&#8217;usuari reproduir, distribuir, comunicar p\u00fablicament (incl\u00f2s el dret de posada a disposici\u00f3), fixar, transformar, col\u00b7leccionar i, de qualsevol altra manera, explotar els continguts apareguts en el lloc web sense autoritzaci\u00f3 pr\u00e8via i per escrit.<\/p>\n<p align=\"LEFT\">Totes les marques, logotips o signes distintius assenyalats en el lloc web s\u00f3n marques, titularitat de <strong>Bioeco house<\/strong> o de tercers.<\/p>\n<p align=\"LEFT\"><b>Enlla\u00e7os:<\/b><\/p>\n<p align=\"LEFT\">Tot enlla\u00e7 hipertextual, profund, framing, o qualsevol altre tipus de connexi\u00f3 virtual a trav\u00e9s de xarxes de telecomunicaci\u00f3 des de qualsevol lloc web o adre\u00e7a URL (&#8220;enlla\u00e7os&#8221; al lloc web, haur\u00e0 de ser autoritzat pr\u00e8viament i per escrit, devent establir-se l&#8217;enlla\u00e7 en tot cas a la seva p\u00e0gina inicial.<\/p>\n<p align=\"LEFT\"><strong>Bioeco house<\/strong> desitja aclarir que els enlla\u00e7os a p\u00e0gines web de tercers que contingui el lloc web tenen \u00fanicament una finalitat orientativa, sent el seu objectiu el fet de posar a disposici\u00f3 de l&#8217;usuari altres fonts d&#8217;informaci\u00f3 que poguessin ser del seu inter\u00e8s.<\/p>\n<p align=\"LEFT\">Si qualsevol usuari o tercer observa que tals enlla\u00e7os poden ser contraris a les lleis, la moral o l&#8217;ordre p\u00fablic, o que siguin susceptibles d&#8217;incitar a la viol\u00e8ncia o a la discriminaci\u00f3 per raons sexuals, ideol\u00f2giques, religioses o racials, preguem que ho posi en el nostre coneixement a trav\u00e9s del contacte de la web.<\/p>\n<p align=\"LEFT\">Al marge del que disposa legalment, <strong>Bioeco house<\/strong> declina qualsevol responsabilitat en relaci\u00f3 amb els continguts dels enlla\u00e7os o amb els danys o errors que, per qualsevol virus present en accedir a ells o en utilitzar-los, puguin patir els sistemes inform\u00e0tics (hardware i software) de l&#8217;usuari.<\/p>\n<p align=\"LEFT\"><b>Pol\u00edtica de Privacitat:<\/b><\/p>\n<p align=\"LEFT\">El tractament de dades de car\u00e0cter personal que pugui efectuar-se a trav\u00e9s del lloc web es regir\u00e0 pel que s&#8217;ha establert a la <a title=\"Pol\u00edtica de Privacidad\" href=\"https:\/ca\/politica-de-privacitat\/\">Pol\u00edtica de Privacitat<\/a>, accessible en tot moment des del lloc web, sent part integrant del present Av\u00eds Legal.<\/p>\n<p align=\"LEFT\"><b>Pol\u00edtica de Cookies:<\/b><\/p>\n<p align=\"LEFT\">L&#8217;\u00fas de dispositius d&#8217;emmagatzematge i recuperaci\u00f3 de dades, tamb\u00e9 coneguts com a cookies o tecnologies similars, a trav\u00e9s del lloc web es regir\u00e0 per al que s&#8217;ha establert a la <a title=\"Pol\u00edtica de Cookies\" href=\"https:\/ca\/politica-de-cookies\/\">Pol\u00edtica de Cookies<\/a>, accessible en tot moment des del lloc web, sent part integrant del present Av\u00eds Legal.<\/p>\n<p align=\"LEFT\"><b>Prevalen\u00e7a de disposicions:<\/b><\/p>\n<p align=\"LEFT\">En cas d&#8217;existir discrep\u00e0ncia entre l&#8217;establert en aquest Av\u00eds Legal en la versi\u00f3 catalana i en altres versions ling\u00fc\u00edstiques, prevaldr\u00e0 el disposat en aquestes primeres.<\/p>\n<p align=\"LEFT\"><b>Nul\u00b7litat i inefic\u00e0cia de les cl\u00e0usules:<\/b><\/p>\n<p align=\"LEFT\">Si qualsevol cl\u00e0usula inclosa en aquest Av\u00eds Legal fos declarada total o parcialment nul\u00b7la o inefica\u00e7, tal nul\u00b7litat o inefic\u00e0cia tan sols afectar\u00e0 a la dita disposici\u00f3 o a la part de la mateixa que resulti nul\u00b7la o inefica\u00e7, subsistint l&#8217;Av\u00eds Legal en tot lo de m\u00e9s i considerant-se tal disposici\u00f3 total o parcialment per no inclosa.<\/p>\n<p align=\"LEFT\"><b>Legislaci\u00f3 i jurisdicci\u00f3 aplicable:<\/b><\/p>\n<p align=\"LEFT\">Les presents Condicions generals queden subjectes a l&#8217;ordenament jur\u00eddic espanyol.<\/p>\n<p align=\"LEFT\">Per la resoluci\u00f3 de qualsevol conflicte que pugui derivar-se de l&#8217;acc\u00e9s al lloc web, l&#8217;usuari i <strong>Bioeco house<\/strong> acorden sotmetre&#8217;s expressament als jutjats i tribunals de la ciutat de Barcelona, amb ren\u00fancia a qualsevol altre fur general o especial que les pugui correspondre.<\/p>\n<\/div>\n<p><!--more--><br \/>\n<!-- {\"type\":\"layout\",\"children\":[{\"type\":\"section\",\"props\":{\"image_position\":\"center-center\",\"style\":\"default\",\"title_breakpoint\":\"xl\",\"title_position\":\"top-left\",\"title_rotation\":\"left\",\"vertical_align\":\"middle\",\"width\":\"default\"},\"children\":[{\"type\":\"row\",\"children\":[{\"type\":\"column\",\"props\":{\"image_position\":\"center-center\",\"position_sticky_breakpoint\":\"m\"},\"children\":[{\"type\":\"text\",\"props\":{\"column_breakpoint\":\"m\",\"content\":\"\n\n<p><strong>AV\\u00cdS LEGAL<\\\/strong><\\\/p>\\n\n\n<p align=\\\"LEFT\\\"><b>Informaci\\u00f3 de la companyia:<\\\/b><\\\/p>\\n\n\n<p align=\\\"LEFT\\\">En compliment de l'article 10 de la Llei 34\\\/2002, d'11 de juliol, de Serveis de la Societat de la informaci\\u00f3 i Comer\\u00e7 Electr\\u00f2nic, s'exposen les seg\\u00fcents dades identificatives del titular d'aquest lloc web:<\\\/p>\\n\n\n<p align=\\\"LEFT\\\">\\u2022 La seva denominaci\\u00f3 social: ECOVERS, SL<br \\\/>\\u2022 El seu nom comercial \\u00e9s: BIOECO HOUSE<br \\\/>\\u2022 El seu CIF \\u00e9s: B56624075<br \\\/>\\u2022 El seu domicili social est\\u00e0 a: Passeig dels Tarongers, 65-67, C \\u2013 08860 CASTELLDEFELS \\u2013 BARCELONA (ESPANYA)<\\\/p>\\n\n\n<p align=\\\"LEFT\\\"><b>Objecte:<\\\/b><\\\/p>\\n\n\n<p align=\\\"LEFT\\\">Les presents condicions generals (\\u201cCondicions Generals\\u201d) regulen l'acc\\u00e9s i \\u00fas per part de qualsevol persona (\\u201cusuari\\u201d) de les p\\u00e0gines que integren el domini web https: (\\u201clloc web\\u201d), titularitat de ECOVERS, SL (\\u201c<strong>Bioeco house<\\\/strong>\\u201d), aix\\u00ed com els continguts i serveis que en elles s'inclouen.<\\\/p>\\n\n\n<p align=\\\"LEFT\\\">L'acc\\u00e9s a aquest lloc web o la seva utilitzaci\\u00f3 per l'usuari implica necess\\u00e0riament, i sense reserves, el sotmetiment i acceptaci\\u00f3 de les Condicions generals. Per tant, es recomana que l'usuari les llegeixi detingudament cada cop que vulgui entrar al lloc web de <strong>Bioeco house<\\\/strong>.<\\\/p>\\n\n\n<p align=\\\"LEFT\\\"><strong>Bioeco house<\\\/strong> es reserva la facultat d'efectuar, en qualsevol moment i sense necessitat de previ cap av\\u00eds, qualsevol modificaci\\u00f3 o actualitzaci\\u00f3 dels continguts i serveis, de les Condicions generals i, en general, de quants elements integren el disseny i la configuraci\\u00f3 del seu lloc web.<\\\/p>\\n\n\n<p align=\\\"LEFT\\\"><b>Exclusi\\u00f3 de responsabilitat:<\\\/b><\\\/p>\\n\n\n<p align=\\\"LEFT\\\">L'acc\\u00e9s de l'usuari al lloc web no implica per <strong>Bioeco house<\\\/strong> l'obligaci\\u00f3 de controlar l'abs\\u00e8ncia de virus, cucs o qualsevol altre element inform\\u00e0tic nociu. Correspon a l'usuari, en tot cas, la disponibilitat d'eines adequades per la detecci\\u00f3 i desinfecci\\u00f3 de programes inform\\u00e0tics nocius. <strong>Bioeco house<\\\/strong> no es responsabilitza dels danys produ\\u00efts al software i\\\/o equips inform\\u00e0tics de l'usuari o de tercers durant la utilitzaci\\u00f3 dels serveis oferits en el lloc web o la navegaci\\u00f3 pel mateix. <strong>Bioeco house<\\\/strong> no es responsabilitza dels danys o perjudicis de qualsevol mena produ\\u00efts a l'usuari que portin causa d'errors o desconnexions a les xarxes de telecomunicacions que produeixin la suspensi\\u00f3, cancel\\u00b7laci\\u00f3 o interrupci\\u00f3 del servei del lloc web durant la prestaci\\u00f3 del mateix o amb car\\u00e0cter previ.<\\\/p>\\n\n\n<p align=\\\"LEFT\\\"><b>Acc\\u00e9s i \\u00fas del lloc web:<\\\/b><\\\/p>\\n\n\n<p align=\\\"LEFT\\\">L'usuari accedeix al lloc web sota la seva exclusiva responsabilitat. Els continguts i serveis presentats en el lloc web tenen com a finalitat la difusi\\u00f3 d'informaci\\u00f3 amb relaci\\u00f3 a les activitats desenvolupades per <strong>Bioeco house<\\\/strong>. Els continguts del lloc web no podran considerar-se en cap cas assessorament sobre cap q\\u00fcesti\\u00f3.<\\\/p>\\n\n\n<p align=\\\"LEFT\\\">L'usuari \\u00e9s completament responsable de l'acc\\u00e9s i correcte \\u00fas del lloc web amb subjecci\\u00f3 a la legalitat vigent, sigui nacional o internacional, aix\\u00ed com als principis de bona fe, a la moral, bones costums i ordre p\\u00fablic. I espec\\u00edficament, adquireix el comprom\\u00eds d'observar diligentment les presents Condicions Generals.<\\\/p>\\n\n\n<p align=\\\"LEFT\\\">L'usuari s'abstindr\\u00e0 de fer servir els serveis i continguts del lloc web amb fins o efectes il\\u00b7l\\u00edcits i que siguin lesius dels drets i interessos de tercers, o que de qualsevol forma puguin danyar, inutilitzar, afectar o deteriorar el lloc web, els seus continguts i els seus serveis. Aix\\u00ed mateix, queda prohibit impedir la norma d'utilitzaci\\u00f3 o gaudi del lloc web a altres usuaris.<\\\/p>\\n\n\n<p align=\\\"LEFT\\\">Els qui incompleixin tals obligacions respondran de qualsevol perjudici o dany que ocasionin. <strong>Bioeco house<\\\/strong> no respondr\\u00e0 de cap conseq\\u00fc\\u00e8ncia, dany o perjudici que poguessin derivar-se del dit acc\\u00e9s o \\u00fas il\\u00b7l\\u00edcit per part de tercers.<\\\/p>\\n\n\n<p align=\\\"LEFT\\\"><strong>Bioeco house<\\\/strong> posar\\u00e0 els medis raonables a la seva disposici\\u00f3 perqu\\u00e8 els continguts i serveis inclosos en el seu lloc web siguin exactes i estiguin actualitzats. No obstant aix\\u00f2, <strong>Bioeco house<\\\/strong> no est\\u00e0 en condicions de poder garantir aquesta circumst\\u00e0ncia en tot moment.<\\\/p>\\n\n\n<p align=\\\"LEFT\\\">Donat que l'usuari pot descarregar determinats continguts del lloc web, <strong>Bioeco house<\\\/strong> disposa d'infraestructura necess\\u00e0ria per evitar danys derivats de l'exist\\u00e8ncia de virus inform\\u00e0tics.<\\\/p>\\n\n\n<p align=\\\"LEFT\\\"><strong>Bioeco house<\\\/strong> no es fa responsable dels potencials danys o errors que, a causa de la pres\\u00e8ncia de qualsevol virus, pugui patir el sistema inform\\u00e0tic (hardware o software) de l'usuari quan aquest accedeixi al lloc web o l'utilitzi.<\\\/p>\\n\n\n<p align=\\\"LEFT\\\">Igualment, <strong>Bioeco house<\\\/strong> informar\\u00e0 a l'usuari amb relaci\\u00f3 a les especificacions t\\u00e8cniques necess\\u00e0ries per procedir a la desc\\u00e0rrega d'informaci\\u00f3 i continguts del seu lloc web. Es prega a l'usuari que presti atenci\\u00f3 a aquests missatges d'av\\u00eds, perqu\\u00e8 <strong>Bioeco house<\\\/strong> no es responsabilitza dels danys o perjudicis que puguin patir els equips inform\\u00e0tics de l'usuari perqu\\u00e8 aquest hagi fet servir de manera indeguda o negligent el lloc web.<\\\/p>\\n\n\n<p align=\\\"LEFT\\\"><b>Propietat intel\\u00b7lectual i propietat industrial:<\\\/b><\\\/p>\\n\n\n<p align=\\\"LEFT\\\">Tots els continguts, sense exclusi\\u00f3 i de manera no limitativa, que formen part del lloc web, \\u00e9s a dir, informaci\\u00f3, articles, dades, textos, logos, icones, imatges, disseny i imatge del lloc web (aparen\\u00e7a externa o look and feel), fitxers de v\\u00eddeo, fitxers d'\\u00e0udio, bases de dades i aplicacions inform\\u00e0tiques, s\\u00f3n propietat de <strong>Bioeco house<\\\/strong> o de tercers. Aquests estan protegits per les lleis de propietat intel\\u00b7lectual i industrial vigents.<\\\/p>\\n\n\n<p align=\\\"LEFT\\\">Queda prohibida qualsevol forma de reproducci\\u00f3, distribuci\\u00f3, comunicaci\\u00f3 p\\u00fablica, transformaci\\u00f3, desc\\u00e0rrega i, en general, qualsevol acte d'explotaci\\u00f3 de la totalitat o part dels continguts (imatges, textos, dissenys, \\u00edndexs, formes, etc.) que integren el lloc web, aix\\u00ed com de les bases de dades i del software necessari per a la seva visualitzaci\\u00f3 o funcionament, que no compti amb l'expressa i pr\\u00e8via autoritzaci\\u00f3 escrita.<\\\/p>\\n\n\n<p align=\\\"LEFT\\\">L'usuari podr\\u00e0 crear una c\\u00f2pia privada dels continguts \\u00fanicament i exclusivament per la seva utilitzaci\\u00f3 personal. Tot \\u00fas o explotaci\\u00f3 diferents requeriran una autoritzaci\\u00f3 pr\\u00e8via i per escrit. En concret, es prohibeix a l'usuari reproduir, distribuir, comunicar p\\u00fablicament (incl\\u00f2s el dret de posada a disposici\\u00f3), fixar, transformar, col\\u00b7leccionar i, de qualsevol altra manera, explotar els continguts apareguts en el lloc web sense autoritzaci\\u00f3 pr\\u00e8via i per escrit.<\\\/p>\\n\n\n<p align=\\\"LEFT\\\">Totes les marques, logotips o signes distintius assenyalats en el lloc web s\\u00f3n marques, titularitat de <strong>Bioeco house<\\\/strong> o de tercers.<\\\/p>\\n\n\n<p align=\\\"LEFT\\\"><b>Enlla\\u00e7os:<\\\/b><\\\/p>\\n\n\n<p align=\\\"LEFT\\\">Tot enlla\\u00e7 hipertextual, profund, framing, o qualsevol altre tipus de connexi\\u00f3 virtual a trav\\u00e9s de xarxes de telecomunicaci\\u00f3 des de qualsevol lloc web o adre\\u00e7a URL (\\\"enlla\\u00e7os\\\" al lloc web, haur\\u00e0 de ser autoritzat pr\\u00e8viament i per escrit, devent establir-se l'enlla\\u00e7 en tot cas a la seva p\\u00e0gina inicial.<\\\/p>\\n\n\n<p align=\\\"LEFT\\\"><strong>Bioeco house<\\\/strong> desitja aclarir que els enlla\\u00e7os a p\\u00e0gines web de tercers que contingui el lloc web tenen \\u00fanicament una finalitat orientativa, sent el seu objectiu el fet de posar a disposici\\u00f3 de l'usuari altres fonts d'informaci\\u00f3 que poguessin ser del seu inter\\u00e8s.<\\\/p>\\n\n\n<p align=\\\"LEFT\\\">Si qualsevol usuari o tercer observa que tals enlla\\u00e7os poden ser contraris a les lleis, la moral o l'ordre p\\u00fablic, o que siguin susceptibles d'incitar a la viol\\u00e8ncia o a la discriminaci\\u00f3 per raons sexuals, ideol\\u00f2giques, religioses o racials, preguem que ho posi en el nostre coneixement a trav\\u00e9s del contacte de la web.<\\\/p>\\n\n\n<p align=\\\"LEFT\\\">Al marge del que disposa legalment, <strong>Bioeco house<\\\/strong> declina qualsevol responsabilitat en relaci\\u00f3 amb els continguts dels enlla\\u00e7os o amb els danys o errors que, per qualsevol virus present en accedir a ells o en utilitzar-los, puguin patir els sistemes inform\\u00e0tics (hardware i software) de l'usuari.<\\\/p>\\n\n\n<p align=\\\"LEFT\\\"><b>Pol\\u00edtica de Privacitat:<\\\/b><\\\/p>\\n\n\n<p align=\\\"LEFT\\\">El tractament de dades de car\\u00e0cter personal que pugui efectuar-se a trav\\u00e9s del lloc web es regir\\u00e0 pel que s'ha establert a la <a title=\\\"Pol\\u00edtica de Privacidad\\\" href=\\\"https:\\\/ca\\\/politica-de-privacitat\\\/\\\">Pol\\u00edtica de Privacitat<\\\/a>, accessible en tot moment des del lloc web, sent part integrant del present Av\\u00eds Legal.<\\\/p>\\n\n\n<p align=\\\"LEFT\\\"><b>Pol\\u00edtica de Cookies:<\\\/b><\\\/p>\\n\n\n<p align=\\\"LEFT\\\">L'\\u00fas de dispositius d'emmagatzematge i recuperaci\\u00f3 de dades, tamb\\u00e9 coneguts com a cookies o tecnologies similars, a trav\\u00e9s del lloc web es regir\\u00e0 per al que s'ha establert a la <a title=\\\"Pol\\u00edtica de Cookies\\\" href=\\\"https:\\\/ca\\\/politica-de-cookies\\\/\\\">Pol\\u00edtica de Cookies<\\\/a>, accessible en tot moment des del lloc web, sent part integrant del present Av\\u00eds Legal.<\\\/p>\\n\n\n<p align=\\\"LEFT\\\"><b>Prevalen\\u00e7a de disposicions:<\\\/b><\\\/p>\\n\n\n<p align=\\\"LEFT\\\">En cas d'existir discrep\\u00e0ncia entre l'establert en aquest Av\\u00eds Legal en la versi\\u00f3 catalana i en altres versions ling\\u00fc\\u00edstiques, prevaldr\\u00e0 el disposat en aquestes primeres.<\\\/p>\\n\n\n<p align=\\\"LEFT\\\"><b>Nul\\u00b7litat i inefic\\u00e0cia de les cl\\u00e0usules:<\\\/b><\\\/p>\\n\n\n<p align=\\\"LEFT\\\">Si qualsevol cl\\u00e0usula inclosa en aquest Av\\u00eds Legal fos declarada total o parcialment nul\\u00b7la o inefica\\u00e7, tal nul\\u00b7litat o inefic\\u00e0cia tan sols afectar\\u00e0 a la dita disposici\\u00f3 o a la part de la mateixa que resulti nul\\u00b7la o inefica\\u00e7, subsistint l'Av\\u00eds Legal en tot lo de m\\u00e9s i considerant-se tal disposici\\u00f3 total o parcialment per no inclosa.<\\\/p>\\n\n\n<p align=\\\"LEFT\\\"><b>Legislaci\\u00f3 i jurisdicci\\u00f3 aplicable:<\\\/b><\\\/p>\\n\n\n<p align=\\\"LEFT\\\">Les presents Condicions generals queden subjectes a l'ordenament jur\\u00eddic espanyol.<\\\/p>\\n\n\n<p align=\\\"LEFT\\\">Per la resoluci\\u00f3 de qualsevol conflicte que pugui derivar-se de l'acc\\u00e9s al lloc web, l'usuari i <strong>Bioeco house<\\\/strong> acorden sotmetre's expressament als jutjats i tribunals de la ciutat de Barcelona, amb ren\\u00fancia a qualsevol altre fur general o especial que les pugui correspondre.<\\\/p>\",\"margin\":\"default\"},\"name\":\"Texto\"}]}]}],\"name\":\"Av\\u00eds legal\"}],\"version\":\"4.4.12\"} --><\/p>\n","protected":false},"excerpt":{"rendered":"<p>AV\u00cdS LEGAL Informaci\u00f3 de la companyia: En compliment de l&#8217;article 10 de la Llei 34\/2002, d&#8217;11 de juliol, de Serveis de la Societat de la informaci\u00f3 i Comer\u00e7 Electr\u00f2nic, s&#8217;exposen les seg\u00fcents dades identificatives del titular d&#8217;aquest lloc web: \u2022 La seva denominaci\u00f3 social: ECOVERS, SL\u2022 El seu nom comercial \u00e9s: BIOECO HOUSE\u2022 El seu [&hellip;]<\/p>\n","protected":false},"author":1,"featured_media":0,"parent":0,"menu_order":0,"comment_status":"closed","ping_status":"closed","template":"","meta":{"footnotes":""},"class_list":["post-5266","page","type-page","status-publish","hentry"],"_links":{"self":[{"href":"https:\/\/bioecohouse.es\/ca\/wp-json\/wp\/v2\/pages\/5266","targetHints":{"allow":["GET"]}}],"collection":[{"href":"https:\/\/bioecohouse.es\/ca\/wp-json\/wp\/v2\/pages"}],"about":[{"href":"https:\/\/bioecohouse.es\/ca\/wp-json\/wp\/v2\/types\/page"}],"author":[{"embeddable":true,"href":"https:\/\/bioecohouse.es\/ca\/wp-json\/wp\/v2\/users\/1"}],"replies":[{"embeddable":true,"href":"https:\/\/bioecohouse.es\/ca\/wp-json\/wp\/v2\/comments?post=5266"}],"version-history":[{"count":0,"href":"https:\/\/bioecohouse.es\/ca\/wp-json\/wp\/v2\/pages\/5266\/revisions"}],"wp:attachment":[{"href":"https:\/\/bioecohouse.es\/ca\/wp-json\/wp\/v2\/media?parent=5266"}],"curies":[{"name":"wp","href":"https:\/\/api.w.org\/{rel}","templated":true}]}}