{"id":6180,"date":"2024-11-11T20:23:28","date_gmt":"2024-11-11T19:23:28","guid":{"rendered":"https:\/?page_id=6180"},"modified":"2024-11-19T18:10:53","modified_gmt":"2024-11-19T17:10:53","slug":"politica-de-cookies","status":"publish","type":"page","link":"https:\/\/bioecohouse.es\/ca\/politica-de-cookies\/","title":{"rendered":"Pol\u00edtica de cookies"},"content":{"rendered":"<div>\n<p><strong>POL\u00cdTICA DE COOKIES<\/strong><\/p>\n<p><strong>Qu\u00e8 s\u00f3n les cookies?<\/strong><\/p>\n<p>Una cookie \u00e9s un fitxer que es descarrega al vostre ordinador en accedir a determinades p\u00e0gines web. Les cookies permeten a una p\u00e0gina web, entre altres coses, emmagatzemar i recuperar informaci\u00f3 sobre h\u00e0bits de navegaci\u00f3 d&#8217;un usuari o del seu equip i, depenent de la informaci\u00f3 que continguin i de la manera que utilitzi el seu equip, es poden utilitzar per recon\u00e8ixer l&#8217;usuari.<\/p>\n<p><strong>Per a qu\u00e8 utilitza les cookies aquesta p\u00e0gina web i quines s\u00f3n?<\/strong><\/p>\n<p>Aquesta p\u00e0gina web utilitza les cookies per a una s\u00e8rie de finalitats, incloses:<\/p>\n<p>\u2022 <strong>An\u00e0lisi:<\/strong> S\u00f3n aquelles cookies que b\u00e9, tractades per nosaltres o per tercers, ens permeten quantificar el nombre d&#8217;usuaris i aix\u00ed realitzar el mesurament i l&#8217;an\u00e0lisi estad\u00edstica de la utilitzaci\u00f3 que fan els usuaris del servei. Per aix\u00f2 s&#8217;analitza la vostra navegaci\u00f3 a la nostra p\u00e0gina web per tal de millorar l&#8217;experi\u00e8ncia de l&#8217;usuari.<\/p>\n<p>\u2022 <strong>T\u00e8cniques:<\/strong> S\u00f3n aquelles necess\u00e0ries per a la navegaci\u00f3 i el bon funcionament de la nostra p\u00e0gina web. Permeten per exemple controlar el tr\u00e0nsit i la comunicaci\u00f3 de dades, accedir a parts d&#8217;acc\u00e9s restringit, utilitzar elements de seguretat, emmagatzemar continguts per poder difondre v\u00eddeos o compartir continguts a trav\u00e9s de xarxes socials.<\/p>\n<p>El detall de les cookies utilitzades en aquesta p\u00e0gina web \u00e9s el seg\u00fcent:<\/p>\n<\/div>\n<div>\n<p><strong>Cookies<\/strong><\/p>\n<p>_ga \/ _gat \/ _gid<\/p>\n<\/div>\n<div>\n<p><strong>Nom<\/strong><\/p>\n<p>Google Analytics<\/p>\n<\/div>\n<div>\n<p><strong>Tipus<\/strong><\/p>\n<p>De tercers<\/p>\n<\/div>\n<div>\n<p><strong>Prop\u00f2sit<\/strong><\/p>\n<p>Recollir informaci\u00f3 sobre la navegaci\u00f3 dels usuaris pel lloc per con\u00e8ixer l&#8217;origen de les visites i altres dades similars a nivell estad\u00edstic. No obt\u00e9 dades dels noms o els cognoms dels usuaris ni de l&#8217;adre\u00e7a postal concreta des d&#8217;on es connecten.<\/p>\n<\/div>\n<div>\n<p><strong>M\u00e9s informaci\u00f3<\/strong><\/p>\n<p>Google Analytics Centre de privacitat de Google:<\/p>\n<p><a href=\"http:\/\/www.google.com\/intl\/es\/policies\/privacy\/\" target=\"_blank\" rel=\"noopener\">http:\/\/www.google.com\/intl\/es\/policies\/privacy\/<\/a><\/p>\n<\/div>\n<div>\n<p>mf_user<\/p>\n<\/div>\n<div>\n<p>T\u00e8cniques<\/p>\n<\/div>\n<div>\n<p>Pr\u00f2pia<\/p>\n<\/div>\n<div>\n<p>Registra informaci\u00f3 sobre l&#8217;\u00fas que fa un usuari d&#8217;un lloc web. Sutilitza per ajudar a millorar el lloc.<\/p>\n<\/div>\n<div>\n<p><a href=\"https:\/ca\/\">https:\/ca<\/a>\/<\/p>\n<\/div>\n<div>\n<p><strong>Nota:<\/strong> Les cookies de tipus &#8216;Pr\u00f2pies&#8217; s\u00f3n utilitzades nom\u00e9s pel propietari d&#8217;aquesta web i les cookies &#8216;De tercers&#8217; s\u00f3n utilitzades, pel prestador del servei que est\u00e0 detallat al quadre anterior.<\/p>\n<p><strong>Com puc desactivar o eliminar aquestes cookies?<\/strong><\/p>\n<p>Podeu permetre, bloquejar o eliminar les cookies instal\u00b7lades al vostre equip mitjan\u00e7ant la configuraci\u00f3 de les opcions del navegador instal\u00b7lat al vostre ordinador:<\/p>\n<p><strong>Firefox<\/strong><br \/><a href=\"http:\/\/support.mozilla.org\/es\/kb\/habilitar-y-deshabilitar-cookies-que-los-sitios-we\" target=\"_blank\" rel=\"noopener\">http:\/\/support.mozilla.org\/es\/kb\/habilitar-y-deshabilitar-cookies-que-los-sitios-we<\/a><\/p>\n<p><strong>Chrome<\/strong><br \/><a href=\"http:\/\/support.google.com\/chrome\/bin\/answer.py?hl=es&amp;answer=95647\" target=\"_blank\" rel=\"noopener\">http:\/\/support.google.com\/chrome\/bin\/answer.py?hl=es&amp;answer=95647<\/a><\/p>\n<p><strong>Explorer<\/strong><\/p>\n<p><a href=\"http:\/\/windows.microsoft.com\/es-es\/windows7\/how-to-manage-cookies-in-internet-explorer-9\" target=\"_blank\" rel=\"noopener\">http:\/\/windows.microsoft.com\/es-es\/windows7\/how-to-manage-cookies-in-internet-explorer-9<\/a><\/p>\n<p><strong>Safari<\/strong><br \/><a href=\"http:\/\/support.apple.com\/kb\/ph5042\" target=\"_blank\" rel=\"noopener\">http:\/\/support.apple.com\/kb\/ph5042<\/a><\/p>\n<p><strong>Opera<\/strong><br \/><a href=\"http:\/\/help.opera.com\/Windows\/11.50\/es-ES\/cookies.html\" target=\"_blank\" rel=\"noopener\">http:\/\/help.opera.com\/Windows\/11.50\/es-ES\/cookies.html<\/a><\/p>\n<p><strong>Altres navegadors<\/strong><\/p>\n<p>Consulteu la documentaci\u00f3 del navegador que tingueu instal\u00b7lat.<\/p>\n<p>Complement d&#8217;inhabilitaci\u00f3 per a navegadors de Google Analytics<\/p>\n<p>Si voleu rebutjar les cookies anal\u00edtiques de Google Analytics a tots els navegadors, de manera que no s&#8217;envi\u00ef informaci\u00f3 vostra a Google Analytics, podeu descarregar un complement que realitza aquesta funci\u00f3 des d&#8217;aquest enlla\u00e7:<strong><\/strong><\/p>\n<p><a href=\"https:\/\/tools.google.com\/dlpage\/gaoptout\" target=\"_blank\" rel=\"noopener\">https:\/\/tools.google.com\/dlpage\/gaoptout<\/a><\/p>\n<\/div>\n<p><!--more--><br \/>\n<!-- {\"type\":\"layout\",\"children\":[{\"type\":\"section\",\"props\":{\"image_position\":\"center-center\",\"style\":\"default\",\"title_breakpoint\":\"xl\",\"title_position\":\"top-left\",\"title_rotation\":\"left\",\"vertical_align\":\"middle\",\"width\":\"default\"},\"children\":[{\"type\":\"row\",\"children\":[{\"type\":\"column\",\"props\":{\"image_position\":\"center-center\",\"position_sticky_breakpoint\":\"m\"},\"children\":[{\"type\":\"text\",\"props\":{\"column_breakpoint\":\"m\",\"content\":\"\n\n<p><strong>POL\\u00cdTICA DE COOKIES<\\\/strong><\\\/p>\\n\n\n<p><strong>Qu\\u00e8 s\\u00f3n les cookies?<\\\/strong><\\\/p>\\n\n\n<p>Una cookie \\u00e9s un fitxer que es descarrega al vostre ordinador en accedir a determinades p\\u00e0gines web. Les cookies permeten a una p\\u00e0gina web, entre altres coses, emmagatzemar i recuperar informaci\\u00f3 sobre h\\u00e0bits de navegaci\\u00f3 d'un usuari o del seu equip i, depenent de la informaci\\u00f3 que continguin i de la manera que utilitzi el seu equip, es poden utilitzar per recon\\u00e8ixer l'usuari.<\\\/p>\\n\n\n<p><strong>Per a qu\\u00e8 utilitza les cookies aquesta p\\u00e0gina web i quines s\\u00f3n?<\\\/strong><\\\/p>\\n\n\n<p>Aquesta p\\u00e0gina web utilitza les cookies per a una s\\u00e8rie de finalitats, incloses:<\\\/p>\\n\n\n<p>\\u2022 <strong>An\\u00e0lisi:<\\\/strong> S\\u00f3n aquelles cookies que b\\u00e9, tractades per nosaltres o per tercers, ens permeten quantificar el nombre d'usuaris i aix\\u00ed realitzar el mesurament i l'an\\u00e0lisi estad\\u00edstica de la utilitzaci\\u00f3 que fan els usuaris del servei. Per aix\\u00f2 s'analitza la vostra navegaci\\u00f3 a la nostra p\\u00e0gina web per tal de millorar l'experi\\u00e8ncia de l'usuari.<\\\/p>\\n\n\n<p>\\u2022 <strong>T\\u00e8cniques:<\\\/strong> S\\u00f3n aquelles necess\\u00e0ries per a la navegaci\\u00f3 i el bon funcionament de la nostra p\\u00e0gina web. Permeten per exemple controlar el tr\\u00e0nsit i la comunicaci\\u00f3 de dades, accedir a parts d'acc\\u00e9s restringit, utilitzar elements de seguretat, emmagatzemar continguts per poder difondre v\\u00eddeos o compartir continguts a trav\\u00e9s de xarxes socials.<\\\/p>\\n\n\n<p>El detall de les cookies utilitzades en aquesta p\\u00e0gina web \\u00e9s el seg\\u00fcent:<\\\/p>\",\"margin\":\"default\"}}]}]},{\"type\":\"row\",\"props\":{\"layout\":\"1-5,1-5,1-5,1-5,1-5|1-2,1-2,1-3,1-3,1-3\"},\"children\":[{\"type\":\"column\",\"props\":{\"image_position\":\"center-center\",\"position_sticky_breakpoint\":\"m\",\"width_medium\":\"1-5\",\"width_small\":\"1-2\"},\"children\":[{\"type\":\"text\",\"props\":{\"column_breakpoint\":\"m\",\"content\":\"\n\n<p><strong>Cookies<\\\/strong><\\\/p>\\n\n\n<p>_ga \\\/ _gat \\\/ _gid<\\\/p>\",\"margin\":\"default\"}}]},{\"type\":\"column\",\"props\":{\"image_position\":\"center-center\",\"position_sticky_breakpoint\":\"m\",\"width_medium\":\"1-5\",\"width_small\":\"1-2\"},\"children\":[{\"type\":\"text\",\"props\":{\"column_breakpoint\":\"m\",\"content\":\"\n\n<p><strong>Nom<\\\/strong><\\\/p>\\n\n\n<p>Google Analytics<\\\/p>\",\"margin\":\"default\"}}]},{\"type\":\"column\",\"props\":{\"image_position\":\"center-center\",\"position_sticky_breakpoint\":\"m\",\"width_medium\":\"1-5\",\"width_small\":\"1-3\"},\"children\":[{\"type\":\"text\",\"props\":{\"column_breakpoint\":\"m\",\"content\":\"\n\n<p><strong>Tipus<\\\/strong><\\\/p>\\n\n\n<p>De tercers<\\\/p>\",\"margin\":\"default\"}}]},{\"type\":\"column\",\"props\":{\"image_position\":\"center-center\",\"position_sticky_breakpoint\":\"m\",\"width_medium\":\"1-5\",\"width_small\":\"1-3\"},\"children\":[{\"type\":\"text\",\"props\":{\"column_breakpoint\":\"m\",\"content\":\"\n\n<p><strong>Prop\\u00f2sit<\\\/strong><\\\/p>\\n\n\n<p>Recollir informaci\\u00f3 sobre la navegaci\\u00f3 dels usuaris pel lloc per con\\u00e8ixer l'origen de les visites i altres dades similars a nivell estad\\u00edstic. No obt\\u00e9 dades dels noms o els cognoms dels usuaris ni de l'adre\\u00e7a postal concreta des d'on es connecten.<\\\/p>\",\"margin\":\"default\"}}]},{\"type\":\"column\",\"props\":{\"image_position\":\"center-center\",\"position_sticky_breakpoint\":\"m\",\"width_medium\":\"1-5\",\"width_small\":\"1-3\"},\"children\":[{\"type\":\"text\",\"props\":{\"column_breakpoint\":\"m\",\"content\":\"\n\n<p><strong>M\\u00e9s informaci\\u00f3<\\\/strong><\\\/p>\\n\n\n<p>Google Analytics Centre de privacitat de Google:<\\\/p>\\n\n\n<p><a href=\\\"http:\\\/\\\/www.google.com\\\/intl\\\/es\\\/policies\\\/privacy\\\/\\\">http:\\\/\\\/www.google.com\\\/intl\\\/es\\\/policies\\\/privacy\\\/<\\\/a><\\\/p>\",\"margin\":\"default\"}}]}]},{\"type\":\"row\",\"props\":{\"layout\":\"1-5,1-5,1-5,1-5,1-5|1-2,1-2,1-3,1-3,1-3\"},\"children\":[{\"type\":\"column\",\"props\":{\"image_position\":\"center-center\",\"position_sticky_breakpoint\":\"m\",\"width_medium\":\"1-5\",\"width_small\":\"1-2\"},\"children\":[{\"type\":\"text\",\"props\":{\"column_breakpoint\":\"m\",\"content\":\"\n\n<p>mf_user<\\\/p>\",\"margin\":\"default\"}}]},{\"type\":\"column\",\"props\":{\"image_position\":\"center-center\",\"position_sticky_breakpoint\":\"m\",\"width_medium\":\"1-5\",\"width_small\":\"1-2\"},\"children\":[{\"type\":\"text\",\"props\":{\"column_breakpoint\":\"m\",\"content\":\"\n\n<p>T\\u00e8cniques<\\\/p>\",\"margin\":\"default\"}}]},{\"type\":\"column\",\"props\":{\"image_position\":\"center-center\",\"position_sticky_breakpoint\":\"m\",\"width_medium\":\"1-5\",\"width_small\":\"1-3\"},\"children\":[{\"type\":\"text\",\"props\":{\"column_breakpoint\":\"m\",\"content\":\"\n\n<p>Pr\\u00f2pia<\\\/p>\",\"margin\":\"default\"}}]},{\"type\":\"column\",\"props\":{\"image_position\":\"center-center\",\"position_sticky_breakpoint\":\"m\",\"width_medium\":\"1-5\",\"width_small\":\"1-3\"},\"children\":[{\"type\":\"text\",\"props\":{\"column_breakpoint\":\"m\",\"content\":\"\n\n<p>Registra informaci\\u00f3 sobre l'\\u00fas que fa un usuari d'un lloc web. Sutilitza per ajudar a millorar el lloc.<\\\/p>\",\"margin\":\"default\"}}]},{\"type\":\"column\",\"props\":{\"image_position\":\"center-center\",\"position_sticky_breakpoint\":\"m\",\"width_medium\":\"1-5\",\"width_small\":\"1-3\"},\"children\":[{\"type\":\"text\",\"props\":{\"column_breakpoint\":\"m\",\"content\":\"\n\n<p><a href=\\\"https:\\\/ca\\\/\\\">https:\\\/ca<\\\/a>\\\/<\\\/p>\",\"margin\":\"default\"}}]}]},{\"type\":\"row\",\"children\":[{\"type\":\"column\",\"props\":{\"image_position\":\"center-center\",\"position_sticky_breakpoint\":\"m\"},\"children\":[{\"type\":\"text\",\"props\":{\"column_breakpoint\":\"m\",\"content\":\"\n\n<p><strong>Nota:<\\\/strong> Les cookies de tipus 'Pr\\u00f2pies' s\\u00f3n utilitzades nom\\u00e9s pel propietari d'aquesta web i les cookies 'De tercers' s\\u00f3n utilitzades, pel prestador del servei que est\\u00e0 detallat al quadre anterior.<\\\/p>\\n\n\n<p><strong>Com puc desactivar o eliminar aquestes cookies?<\\\/strong><\\\/p>\\n\n\n<p>Podeu permetre, bloquejar o eliminar les cookies instal\\u00b7lades al vostre equip mitjan\\u00e7ant la configuraci\\u00f3 de les opcions del navegador instal\\u00b7lat al vostre ordinador:<\\\/p>\\n\n\n<p><strong>Firefox<\\\/strong><br \\\/><a href=\\\"http:\\\/\\\/support.mozilla.org\\\/es\\\/kb\\\/habilitar-y-deshabilitar-cookies-que-los-sitios-we\\\">http:\\\/\\\/support.mozilla.org\\\/es\\\/kb\\\/habilitar-y-deshabilitar-cookies-que-los-sitios-we<\\\/a><\\\/p>\\n\n\n<p><strong>Chrome<\\\/strong><br \\\/><a href=\\\"http:\\\/\\\/support.google.com\\\/chrome\\\/bin\\\/answer.py?hl=es&amp;answer=95647\\\">http:\\\/\\\/support.google.com\\\/chrome\\\/bin\\\/answer.py?hl=es&amp;answer=95647<\\\/a><\\\/p>\\n\n\n<p><strong>Explorer<\\\/strong><\\\/p>\\n\n\n<p><a href=\\\"http:\\\/\\\/windows.microsoft.com\\\/es-es\\\/windows7\\\/how-to-manage-cookies-in-internet-explorer-9\\\">http:\\\/\\\/windows.microsoft.com\\\/es-es\\\/windows7\\\/how-to-manage-cookies-in-internet-explorer-9<\\\/a><\\\/p>\\n\n\n<p><strong>Safari<\\\/strong><br \\\/><a href=\\\"http:\\\/\\\/support.apple.com\\\/kb\\\/ph5042\\\">http:\\\/\\\/support.apple.com\\\/kb\\\/ph5042<\\\/a><\\\/p>\\n\n\n<p><strong>Opera<\\\/strong><br \\\/><a href=\\\"http:\\\/\\\/help.opera.com\\\/Windows\\\/11.50\\\/es-ES\\\/cookies.html\\\">http:\\\/\\\/help.opera.com\\\/Windows\\\/11.50\\\/es-ES\\\/cookies.html<\\\/a><\\\/p>\\n\n\n<p><strong>Altres navegadors<\\\/strong><\\\/p>\\n\n\n<p>Consulteu la documentaci\\u00f3 del navegador que tingueu instal\\u00b7lat.<\\\/p>\\n\n\n<p>Complement d'inhabilitaci\\u00f3 per a navegadors de Google Analytics<\\\/p>\\n\n\n<p>Si voleu rebutjar les cookies anal\\u00edtiques de Google Analytics a tots els navegadors, de manera que no s'envi\\u00ef informaci\\u00f3 vostra a Google Analytics, podeu descarregar un complement que realitza aquesta funci\\u00f3 des d'aquest enlla\\u00e7:<strong><\\\/strong><\\\/p>\\n\n\n<p><a href=\\\"https:\\\/\\\/tools.google.com\\\/dlpage\\\/gaoptout\\\">https:\\\/\\\/tools.google.com\\\/dlpage\\\/gaoptout<\\\/a><\\\/p>\",\"margin\":\"default\"}}]}]}],\"name\":\"Pol\\u00edtica de cookies\"}],\"version\":\"4.4.12\"} --><\/p>\n","protected":false},"excerpt":{"rendered":"<p>POL\u00cdTICA DE COOKIES Qu\u00e8 s\u00f3n les cookies? Una cookie \u00e9s un fitxer que es descarrega al vostre ordinador en accedir a determinades p\u00e0gines web. Les cookies permeten a una p\u00e0gina web, entre altres coses, emmagatzemar i recuperar informaci\u00f3 sobre h\u00e0bits de navegaci\u00f3 d&#8217;un usuari o del seu equip i, depenent de la informaci\u00f3 que continguin [&hellip;]<\/p>\n","protected":false},"author":1,"featured_media":0,"parent":0,"menu_order":0,"comment_status":"closed","ping_status":"closed","template":"","meta":{"footnotes":""},"class_list":["post-6180","page","type-page","status-publish","hentry"],"_links":{"self":[{"href":"https:\/\/bioecohouse.es\/ca\/wp-json\/wp\/v2\/pages\/6180","targetHints":{"allow":["GET"]}}],"collection":[{"href":"https:\/\/bioecohouse.es\/ca\/wp-json\/wp\/v2\/pages"}],"about":[{"href":"https:\/\/bioecohouse.es\/ca\/wp-json\/wp\/v2\/types\/page"}],"author":[{"embeddable":true,"href":"https:\/\/bioecohouse.es\/ca\/wp-json\/wp\/v2\/users\/1"}],"replies":[{"embeddable":true,"href":"https:\/\/bioecohouse.es\/ca\/wp-json\/wp\/v2\/comments?post=6180"}],"version-history":[{"count":0,"href":"https:\/\/bioecohouse.es\/ca\/wp-json\/wp\/v2\/pages\/6180\/revisions"}],"wp:attachment":[{"href":"https:\/\/bioecohouse.es\/ca\/wp-json\/wp\/v2\/media?parent=6180"}],"curies":[{"name":"wp","href":"https:\/\/api.w.org\/{rel}","templated":true}]}}