{"id":6193,"date":"2024-11-11T20:35:20","date_gmt":"2024-11-11T19:35:20","guid":{"rendered":"https:\/?page_id=6193"},"modified":"2024-11-19T18:02:50","modified_gmt":"2024-11-19T17:02:50","slug":"politica-de-privacitat","status":"publish","type":"page","link":"https:\/\/bioecohouse.es\/ca\/politica-de-privacitat\/","title":{"rendered":"Pol\u00edtica de privacitat"},"content":{"rendered":"<div>\n<p><b>POL\u00cdTICA DE PRIVACITAT<\/b><\/p>\n<p>Aquesta Pol\u00edtica de Protecci\u00f3 de dades i de privadesa regula el tractament de dades personals facilitades per l&#8217;usuari a trav\u00e9s del lloc web que <strong>Bioeco house<\/strong> posa a disposici\u00f3 dels usuaris d&#8217;Internet. Aquesta Pol\u00edtica forma part integrant de l&#8217;Av\u00eds Legal accessible en tot moment des del lloc web.<\/p>\n<p>L&#8217;usuari garanteix que les dades aportades s\u00f3n vertaderes, exactes, completes i actualitzades, i \u00e9s responsable de qualsevol dany o perjudici, directe o indirecte, que es pugui ocasionar a conseq\u00fc\u00e8ncia de l&#8217;incompliment d&#8217;aquesta obligaci\u00f3. En el cas que les dades aportades pertanyessin a un tercer, l&#8217;usuari garanteix que ha informat el tercer dels aspectes continguts en aquest document i ha obtingut la seva autoritzaci\u00f3 i consentiment per facilitar les seves dades a <strong>Bioeco house<\/strong> per als fins assenyalats.<\/p>\n<p>El lloc web pot oferir funcionalitats per compartir continguts mitjan\u00e7ant aplicacions de tercers, com LinkedIn, Facebook o X-Twitter. Aquestes aplicacions poden recollir i tractar informaci\u00f3 relacionada amb la navegaci\u00f3 de l&#8217;usuari als diferents llocs webs. Qualsevol informaci\u00f3 personal que sigui demanada a trav\u00e9s d&#8217;aquestes aplicacions, pot ser utilitzada per tercers usuaris d&#8217;aquestes, i les seves interaccions estan sotmeses a les pol\u00edtiques de privadesa de les companyies que faciliten les aplicacions.<\/p>\n<p>El lloc web pot allotjar blocs, f\u00f2rums i altres aplicacions o serveis de xarxes socials amb la finalitat de facilitar l&#8217;intercanvi de coneixement i contingut. Qualsevol informaci\u00f3 personal que faciliti l&#8217;usuari pot ser compartida amb altres usuaris d&#8217;aquest servei, sobre els quals <strong>Bioeco house<\/strong> no t\u00e9 cap control.<\/p>\n<p>Per tal d&#8217;oferir informaci\u00f3 o serveis d&#8217;inter\u00e8s en funci\u00f3 de la localitzaci\u00f3 de l&#8217;usuari, <strong>Bioeco house<\/strong> podr\u00e0 accedir a dades relatives a la geolocalitzaci\u00f3 del dispositiu de l&#8217;usuari, en els casos en qu\u00e8 aix\u00ed ho permeti la configuraci\u00f3 de l&#8217;usuari.<\/p>\n<p>A efectes de seguretat t\u00e8cnica i diagn\u00f2stic de sistemes, de forma anonimitzada o agregada, <strong>Bioeco house<\/strong> podr\u00e0 registrar l&#8217;adre\u00e7a IP (nombre d&#8217;identificaci\u00f3 de l&#8217;acc\u00e9s a Internet del dispositiu, que permet als dispositius, sistemes i servidors recon\u00e8ixer-se i comunicar-se entre si). Aquesta informaci\u00f3 tamb\u00e9 podr\u00e0 ser emprada amb finalitats anal\u00edtiques de rendiment web.<\/p>\n<p><b>Qui \u00e9s el responsable del tractament de les dades personals de l&#8217;usuari?<\/b><\/p>\n<p>\u2022 La seva denominaci\u00f3 social \u00e9s: ECOVERS, SL<br \/>\u2022 El seu nom comercial \u00e9s: BIOECO HOUSE<br \/>\u2022 El seu CIF \u00e9s: B56624075<br \/>\u2022 El seu domicili social \u00e9s a: Passeig dels Tarongers, 65-67, C \u2013 08860 CASTELLDEFELS \u2013 BARCELONA (ESPANYA).<\/p>\n<p><b>Amb quina finalitat es tracten les dades personals de l&#8217;usuari?<\/b><\/p>\n<p><strong>Bioeco house<\/strong> tracta la informaci\u00f3 facilitada per l&#8217;usuari per tal d&#8217;atendre les sol\u00b7licituds d&#8217;\u00edndole diversa dutes a terme per part d&#8217;aquest. En funci\u00f3 de la naturalesa de la sol\u00b7licitud, la finalitat perseguir\u00e0 la gesti\u00f3 de (i) consultes i sol\u00b7licituds de propostes, (RFP) trameses a trav\u00e9s del formulari de contacte habilitat a aquest efecte, (ii) curricular emesos a trav\u00e9s del lloc web, ( iii) la participaci\u00f3 en blocs, mitjan\u00e7ant comentaris, (iv) la subscripci\u00f3 a contingut exclusiu de <strong>Bioeco house<\/strong>, (v) enquestes, (vi) comunicacions electr\u00f2niques de naturalesa informativa i promocional, d&#8217;acord amb els seus interessos. <strong>Bioeco house<\/strong> podr\u00e0 elaborar un perfil comercial, basant-se en la informaci\u00f3 facilitada. No es prendran decisions automatitzades sobre la base d&#8217;aquest perfil.<\/p>\n<p>En cas que l&#8217;usuari es registri al lloc web a trav\u00e9s del login social, <strong>Bioeco house<\/strong> \u00fanicament accedir\u00e0 a les dades personals de l&#8217;usuari per a les quals hagi prestat el seu consentiment durant la configuraci\u00f3 de l&#8217;acc\u00e9s de la xarxa social de qu\u00e8 es tracti. Qualsevol informaci\u00f3 facilitada en connexi\u00f3 amb aquestes aplicacions socials podria ser accedida per membres de la corresponent xarxa social, aquestes interaccions es regiran per les pol\u00edtiques de privadesa de les entitats prestadores dels serveis. <strong>Bioeco house<\/strong> no disposa de cap control ni responsabilitat respecte de les entitats esmentades o de l&#8217;\u00fas que facin de la informaci\u00f3 de l&#8217;usuari.<\/p>\n<p><b>Informaci\u00f3 sobre el tractament de dades per a enviament de comunicacions des de Bioeco house:<\/b><\/p>\n<p>Les dades emprades, o facilitades, a les comunicacions informatives i\/o promocionals s\u00f3n tractades per <strong>Bioeco house<\/strong> per a finalitats consistents en l&#8217;enviament electr\u00f2nic d&#8217;informaci\u00f3 i comunicacions sobre serveis, activitats, publicacions, celebracions, felicitacions i esdeveniments o esdeveniments socials i professionals de <strong>Bioeco house<\/strong> o de tercers de la xarxa de firmes <strong>Bioeco house<\/strong> del sector assessoria i digital; el seguiment i optimitzaci\u00f3 de les campanyes de m\u00e0rqueting realitzades mitjan\u00e7ant tecnologies a aquest efecte; i l&#8217;elaboraci\u00f3 de perfils amb finalitats comercials emprant dades de contacte i les seves prefer\u00e8ncies.<\/p>\n<p>Constitueix base jur\u00eddica dels tractaments esmentats, el consentiment expr\u00e9s atorgat pel titular. En cadascuna de les comunicacions rebudes es pot donar de baixa d&#8217;aquests enviaments mitjan\u00e7ant el mecanisme habilitat a aquest efecte. El criteri de conservaci\u00f3 de les dades tindr\u00e0 base en la manifestaci\u00f3 contr\u00e0ria al tractament per part seva. En tot cas, es poden exercir els drets d&#8217;acc\u00e9s, rectificaci\u00f3, oposici\u00f3, cancel\u00b7laci\u00f3, portabilitat i limitaci\u00f3 del tractament, aix\u00ed com plantejar qualsevol consulta respecte del tractament de les vostres dades personals a trav\u00e9s del formulari en contacte.<\/p>\n<p><b>Per quant de temps es conserven les dades personals de l&#8217;usuari?<\/b><\/p>\n<p>Amb car\u00e0cter general, les dades personals proporcionades es conservaran durant el temps necessari per atendre la sol\u00b7licitud de l&#8217;usuari o mentre no se sol\u00b7licita la supressi\u00f3 per l&#8217;usuari. En el cas concret de curr\u00edculum, les dades seran conservades per un per\u00edode m\u00e0xim de tres anys, llevat d&#8217;indicaci\u00f3 en contra per part de l&#8217;interessat.<\/p>\n<p><strong>Quina \u00e9s la legitimaci\u00f3 per al tractament de les dades personals de l&#8217;usuari?<\/strong><\/p>\n<p>La base legal per al tractament de les dades \u00e9s la legitimaci\u00f3 per consentiment de l&#8217;usuari.<\/p>\n<p><strong>A quins destinataris es comunicaran les dades personals de l&#8217;usuari?<\/strong><\/p>\n<p>Les dades podran ser cedides a administracions i organismes p\u00fablics per complir obligacions directament exigibles a <strong>Bioeco house<\/strong>.<\/p>\n<p>En aquells casos en qu\u00e8 l&#8217;usuari accepti l&#8217;assist\u00e8ncia a esdeveniments organitzats o patrocinats per <strong>Bioeco house<\/strong> en col\u00b7laboraci\u00f3 amb una altra\/s entitat\/s patrocinadores, coorganitzadores o prove\u00efdores de serveis, les dades personals podran ser facilitades a aquestes, basant-se en l&#8217;inter\u00e8s leg\u00edtim identificar els assistents a l&#8217;esdeveniment que organitzen o patrocinen, aix\u00ed com el control dels accessos a les instal\u00b7lacions on se celebri l&#8217;esdeveniment.<\/p>\n<p><strong>Quins s\u00f3n els drets de l&#8217;usuari quan facilita les seves dades personals?<\/strong><\/p>\n<p>L&#8217;usuari t\u00e9 dret a obtenir confirmaci\u00f3 sobre si <strong>Bioeco house<\/strong> tracta dades personals que la concerneixen, aix\u00ed com a accedir a les seves dades personals, sol\u00b7licitar la rectificaci\u00f3 de les dades inexactes o, si escau, sol\u00b7licitar-ne la supressi\u00f3 quan, entre altres motius, les dades ja no siguin necess\u00e0ries per als fins que van ser recollits.<\/p>\n<p>En determinades circumst\u00e0ncies, l&#8217;usuari podr\u00e0 sol\u00b7licitar la limitaci\u00f3 del tractament de les seves dades, cas en qu\u00e8 \u00fanicament es conservaran per a l&#8217;exercici o la defensa de reclamacions.<\/p>\n<p>En determinades circumst\u00e0ncies i per motius relacionats amb la situaci\u00f3 particular, l&#8217;usuari podr\u00e0 oposar-se al tractament de les seves dades. <strong>Bioeco house<\/strong> cessar\u00e0 en el tractament de les dades, tret de motius leg\u00edtims imperiosos, o l&#8217;exercici o la defensa de possibles reclamacions.<\/p>\n<p>L&#8217;usuari podr\u00e0 exercir el dret a la portabilitat de les dades, en un format estructurat, d&#8217;\u00fas com\u00fa i lectura mec\u00e0nica, i a transmetre&#8217;ls a un altre responsable del tractament. Aquesta acci\u00f3 podria comportar un c\u00e0non raonable que ha de pagar l&#8217;usuari, en funci\u00f3 dels costos administratius afrontats per satisfer la sol\u00b7licitud, de conformitat amb la normativa.<\/p>\n<p>L&#8217;usuari podr\u00e0 plantejar les q\u00fcestions que consideri en relaci\u00f3 amb aquesta Pol\u00edtica, aix\u00ed com exercir els seus drets en els termes legalment previstos, havent de dirigir una comunicaci\u00f3 mitjan\u00e7ant correu electr\u00f2nic del nostre apartat de contacte.<\/p>\n<p>En cas de no obtenir satisfacci\u00f3 en l&#8217;exercici dels vostres drets, l&#8217;usuari podr\u00e0 presentar una reclamaci\u00f3 davant l&#8217;Ag\u00e8ncia Espanyola de Protecci\u00f3 de Dades a trav\u00e9s de la seu electr\u00f2nica, en presentaci\u00f3 d&#8217;una reclamaci\u00f3 de tutela de drets.<\/p>\n<\/div>\n<p><!--more--><br \/>\n<!-- {\"type\":\"layout\",\"children\":[{\"type\":\"section\",\"props\":{\"image_position\":\"center-center\",\"style\":\"default\",\"title_breakpoint\":\"xl\",\"title_position\":\"top-left\",\"title_rotation\":\"left\",\"vertical_align\":\"middle\",\"width\":\"default\"},\"children\":[{\"type\":\"row\",\"children\":[{\"type\":\"column\",\"props\":{\"image_position\":\"center-center\",\"position_sticky_breakpoint\":\"m\"},\"children\":[{\"type\":\"text\",\"props\":{\"column_breakpoint\":\"m\",\"content\":\"\n\n<p><b>POL\\u00cdTICA DE PRIVACITAT<\\\/b><\\\/p>\\n\n\n<p>Aquesta Pol\\u00edtica de Protecci\\u00f3 de dades i de privadesa regula el tractament de dades personals facilitades per l'usuari a trav\\u00e9s del lloc web que <strong>Bioeco house<\\\/strong> posa a disposici\\u00f3 dels usuaris d'Internet. Aquesta Pol\\u00edtica forma part integrant de l'Av\\u00eds Legal accessible en tot moment des del lloc web.<\\\/p>\\n\n\n<p>L'usuari garanteix que les dades aportades s\\u00f3n vertaderes, exactes, completes i actualitzades, i \\u00e9s responsable de qualsevol dany o perjudici, directe o indirecte, que es pugui ocasionar a conseq\\u00fc\\u00e8ncia de l'incompliment d'aquesta obligaci\\u00f3. En el cas que les dades aportades pertanyessin a un tercer, l'usuari garanteix que ha informat el tercer dels aspectes continguts en aquest document i ha obtingut la seva autoritzaci\\u00f3 i consentiment per facilitar les seves dades a <strong>Bioeco house<\\\/strong> per als fins assenyalats.<\\\/p>\\n\n\n<p>El lloc web pot oferir funcionalitats per compartir continguts mitjan\\u00e7ant aplicacions de tercers, com LinkedIn, Facebook o X-Twitter. Aquestes aplicacions poden recollir i tractar informaci\\u00f3 relacionada amb la navegaci\\u00f3 de l'usuari als diferents llocs webs. Qualsevol informaci\\u00f3 personal que sigui demanada a trav\\u00e9s d'aquestes aplicacions, pot ser utilitzada per tercers usuaris d'aquestes, i les seves interaccions estan sotmeses a les pol\\u00edtiques de privadesa de les companyies que faciliten les aplicacions.<\\\/p>\\n\n\n<p>El lloc web pot allotjar blocs, f\\u00f2rums i altres aplicacions o serveis de xarxes socials amb la finalitat de facilitar l'intercanvi de coneixement i contingut. Qualsevol informaci\\u00f3 personal que faciliti l'usuari pot ser compartida amb altres usuaris d'aquest servei, sobre els quals <strong>Bioeco house<\\\/strong> no t\\u00e9 cap control.<\\\/p>\\n\n\n<p>Per tal d'oferir informaci\\u00f3 o serveis d'inter\\u00e8s en funci\\u00f3 de la localitzaci\\u00f3 de l'usuari, <strong>Bioeco house<\\\/strong> podr\\u00e0 accedir a dades relatives a la geolocalitzaci\\u00f3 del dispositiu de l'usuari, en els casos en qu\\u00e8 aix\\u00ed ho permeti la configuraci\\u00f3 de l'usuari.<\\\/p>\\n\n\n<p>A efectes de seguretat t\\u00e8cnica i diagn\\u00f2stic de sistemes, de forma anonimitzada o agregada, <strong>Bioeco house<\\\/strong> podr\\u00e0 registrar l'adre\\u00e7a IP (nombre d'identificaci\\u00f3 de l'acc\\u00e9s a Internet del dispositiu, que permet als dispositius, sistemes i servidors recon\\u00e8ixer-se i comunicar-se entre si). Aquesta informaci\\u00f3 tamb\\u00e9 podr\\u00e0 ser emprada amb finalitats anal\\u00edtiques de rendiment web.<\\\/p>\\n\n\n<p><b>Qui \\u00e9s el responsable del tractament de les dades personals de l'usuari?<\\\/b><\\\/p>\\n\n\n<p>\\u2022 La seva denominaci\\u00f3 social \\u00e9s: ECOVERS, SL<br \\\/>\\u2022 El seu nom comercial \\u00e9s: BIOECO HOUSE<br \\\/>\\u2022 El seu CIF \\u00e9s: B56624075<br \\\/>\\u2022 El seu domicili social \\u00e9s a: Passeig dels Tarongers, 65-67, C \\u2013 08860 CASTELLDEFELS \\u2013 BARCELONA (ESPANYA).<\\\/p>\\n\n\n<p><b>Amb quina finalitat es tracten les dades personals de l'usuari?<\\\/b><\\\/p>\\n\n\n<p><strong>Bioeco house<\\\/strong> tracta la informaci\\u00f3 facilitada per l'usuari per tal d'atendre les sol\\u00b7licituds d'\\u00edndole diversa dutes a terme per part d'aquest. En funci\\u00f3 de la naturalesa de la sol\\u00b7licitud, la finalitat perseguir\\u00e0 la gesti\\u00f3 de (i) consultes i sol\\u00b7licituds de propostes, (RFP) trameses a trav\\u00e9s del formulari de contacte habilitat a aquest efecte, (ii) curricular emesos a trav\\u00e9s del lloc web, ( iii) la participaci\\u00f3 en blocs, mitjan\\u00e7ant comentaris, (iv) la subscripci\\u00f3 a contingut exclusiu de <strong>Bioeco house<\\\/strong>, (v) enquestes, (vi) comunicacions electr\\u00f2niques de naturalesa informativa i promocional, d'acord amb els seus interessos. <strong>Bioeco house<\\\/strong> podr\\u00e0 elaborar un perfil comercial, basant-se en la informaci\\u00f3 facilitada. No es prendran decisions automatitzades sobre la base d'aquest perfil.<\\\/p>\\n\n\n<p>En cas que l'usuari es registri al lloc web a trav\\u00e9s del login social, <strong>Bioeco house<\\\/strong> \\u00fanicament accedir\\u00e0 a les dades personals de l'usuari per a les quals hagi prestat el seu consentiment durant la configuraci\\u00f3 de l'acc\\u00e9s de la xarxa social de qu\\u00e8 es tracti. Qualsevol informaci\\u00f3 facilitada en connexi\\u00f3 amb aquestes aplicacions socials podria ser accedida per membres de la corresponent xarxa social, aquestes interaccions es regiran per les pol\\u00edtiques de privadesa de les entitats prestadores dels serveis. <strong>Bioeco house<\\\/strong> no disposa de cap control ni responsabilitat respecte de les entitats esmentades o de l'\\u00fas que facin de la informaci\\u00f3 de l'usuari.<\\\/p>\\n\n\n<p><b>Informaci\\u00f3 sobre el tractament de dades per a enviament de comunicacions des de Bioeco house:<\\\/b><\\\/p>\\n\n\n<p>Les dades emprades, o facilitades, a les comunicacions informatives i\\\/o promocionals s\\u00f3n tractades per <strong>Bioeco house<\\\/strong> per a finalitats consistents en l'enviament electr\\u00f2nic d'informaci\\u00f3 i comunicacions sobre serveis, activitats, publicacions, celebracions, felicitacions i esdeveniments o esdeveniments socials i professionals de <strong>Bioeco house<\\\/strong> o de tercers de la xarxa de firmes <strong>Bioeco house<\\\/strong> del sector assessoria i digital; el seguiment i optimitzaci\\u00f3 de les campanyes de m\\u00e0rqueting realitzades mitjan\\u00e7ant tecnologies a aquest efecte; i l'elaboraci\\u00f3 de perfils amb finalitats comercials emprant dades de contacte i les seves prefer\\u00e8ncies.<\\\/p>\\n\n\n<p>Constitueix base jur\\u00eddica dels tractaments esmentats, el consentiment expr\\u00e9s atorgat pel titular. En cadascuna de les comunicacions rebudes es pot donar de baixa d'aquests enviaments mitjan\\u00e7ant el mecanisme habilitat a aquest efecte. El criteri de conservaci\\u00f3 de les dades tindr\\u00e0 base en la manifestaci\\u00f3 contr\\u00e0ria al tractament per part seva. En tot cas, es poden exercir els drets d'acc\\u00e9s, rectificaci\\u00f3, oposici\\u00f3, cancel\\u00b7laci\\u00f3, portabilitat i limitaci\\u00f3 del tractament, aix\\u00ed com plantejar qualsevol consulta respecte del tractament de les vostres dades personals a trav\\u00e9s del formulari en contacte.<\\\/p>\\n\n\n<p><b>Per quant de temps es conserven les dades personals de l'usuari?<\\\/b><\\\/p>\\n\n\n<p>Amb car\\u00e0cter general, les dades personals proporcionades es conservaran durant el temps necessari per atendre la sol\\u00b7licitud de l'usuari o mentre no se sol\\u00b7licita la supressi\\u00f3 per l'usuari. En el cas concret de curr\\u00edculum, les dades seran conservades per un per\\u00edode m\\u00e0xim de tres anys, llevat d'indicaci\\u00f3 en contra per part de l'interessat.<\\\/p>\\n\n\n<p><strong>Quina \\u00e9s la legitimaci\\u00f3 per al tractament de les dades personals de l'usuari?<\\\/strong><\\\/p>\\n\n\n<p>La base legal per al tractament de les dades \\u00e9s la legitimaci\\u00f3 per consentiment de l'usuari.<\\\/p>\\n\n\n<p><strong>A quins destinataris es comunicaran les dades personals de l'usuari?<\\\/strong><\\\/p>\\n\n\n<p>Les dades podran ser cedides a administracions i organismes p\\u00fablics per complir obligacions directament exigibles a <strong>Bioeco house<\\\/strong>.<\\\/p>\\n\n\n<p>En aquells casos en qu\\u00e8 l'usuari accepti l'assist\\u00e8ncia a esdeveniments organitzats o patrocinats per <strong>Bioeco house<\\\/strong> en col\\u00b7laboraci\\u00f3 amb una altra\\\/s entitat\\\/s patrocinadores, coorganitzadores o prove\\u00efdores de serveis, les dades personals podran ser facilitades a aquestes, basant-se en l'inter\\u00e8s leg\\u00edtim identificar els assistents a l'esdeveniment que organitzen o patrocinen, aix\\u00ed com el control dels accessos a les instal\\u00b7lacions on se celebri l'esdeveniment.<\\\/p>\\n\n\n<p><strong>Quins s\\u00f3n els drets de l'usuari quan facilita les seves dades personals?<\\\/strong><\\\/p>\\n\n\n<p>L'usuari t\\u00e9 dret a obtenir confirmaci\\u00f3 sobre si <strong>Bioeco house<\\\/strong> tracta dades personals que la concerneixen, aix\\u00ed com a accedir a les seves dades personals, sol\\u00b7licitar la rectificaci\\u00f3 de les dades inexactes o, si escau, sol\\u00b7licitar-ne la supressi\\u00f3 quan, entre altres motius, les dades ja no siguin necess\\u00e0ries per als fins que van ser recollits.<\\\/p>\\n\n\n<p>En determinades circumst\\u00e0ncies, l'usuari podr\\u00e0 sol\\u00b7licitar la limitaci\\u00f3 del tractament de les seves dades, cas en qu\\u00e8 \\u00fanicament es conservaran per a l'exercici o la defensa de reclamacions.<\\\/p>\\n\n\n<p>En determinades circumst\\u00e0ncies i per motius relacionats amb la situaci\\u00f3 particular, l'usuari podr\\u00e0 oposar-se al tractament de les seves dades. <strong>Bioeco house<\\\/strong> cessar\\u00e0 en el tractament de les dades, tret de motius leg\\u00edtims imperiosos, o l'exercici o la defensa de possibles reclamacions.<\\\/p>\\n\n\n<p>L'usuari podr\\u00e0 exercir el dret a la portabilitat de les dades, en un format estructurat, d'\\u00fas com\\u00fa i lectura mec\\u00e0nica, i a transmetre'ls a un altre responsable del tractament. Aquesta acci\\u00f3 podria comportar un c\\u00e0non raonable que ha de pagar l'usuari, en funci\\u00f3 dels costos administratius afrontats per satisfer la sol\\u00b7licitud, de conformitat amb la normativa.<\\\/p>\\n\n\n<p>L'usuari podr\\u00e0 plantejar les q\\u00fcestions que consideri en relaci\\u00f3 amb aquesta Pol\\u00edtica, aix\\u00ed com exercir els seus drets en els termes legalment previstos, havent de dirigir una comunicaci\\u00f3 mitjan\\u00e7ant correu electr\\u00f2nic del nostre apartat de contacte.<\\\/p>\\n\n\n<p>En cas de no obtenir satisfacci\\u00f3 en l'exercici dels vostres drets, l'usuari podr\\u00e0 presentar una reclamaci\\u00f3 davant l'Ag\\u00e8ncia Espanyola de Protecci\\u00f3 de Dades a trav\\u00e9s de la seu electr\\u00f2nica, en presentaci\\u00f3 d'una reclamaci\\u00f3 de tutela de drets.<\\\/p>\",\"margin\":\"default\"}}]}]}],\"name\":\"Pol\\u00edtica de privacitat\"}],\"version\":\"4.4.12\"} --><\/p>\n","protected":false},"excerpt":{"rendered":"<p>POL\u00cdTICA DE PRIVACITAT Aquesta Pol\u00edtica de Protecci\u00f3 de dades i de privadesa regula el tractament de dades personals facilitades per l&#8217;usuari a trav\u00e9s del lloc web que Bioeco house posa a disposici\u00f3 dels usuaris d&#8217;Internet. Aquesta Pol\u00edtica forma part integrant de l&#8217;Av\u00eds Legal accessible en tot moment des del lloc web. L&#8217;usuari garanteix que les [&hellip;]<\/p>\n","protected":false},"author":1,"featured_media":0,"parent":0,"menu_order":0,"comment_status":"closed","ping_status":"closed","template":"","meta":{"footnotes":""},"class_list":["post-6193","page","type-page","status-publish","hentry"],"_links":{"self":[{"href":"https:\/\/bioecohouse.es\/ca\/wp-json\/wp\/v2\/pages\/6193","targetHints":{"allow":["GET"]}}],"collection":[{"href":"https:\/\/bioecohouse.es\/ca\/wp-json\/wp\/v2\/pages"}],"about":[{"href":"https:\/\/bioecohouse.es\/ca\/wp-json\/wp\/v2\/types\/page"}],"author":[{"embeddable":true,"href":"https:\/\/bioecohouse.es\/ca\/wp-json\/wp\/v2\/users\/1"}],"replies":[{"embeddable":true,"href":"https:\/\/bioecohouse.es\/ca\/wp-json\/wp\/v2\/comments?post=6193"}],"version-history":[{"count":0,"href":"https:\/\/bioecohouse.es\/ca\/wp-json\/wp\/v2\/pages\/6193\/revisions"}],"wp:attachment":[{"href":"https:\/\/bioecohouse.es\/ca\/wp-json\/wp\/v2\/media?parent=6193"}],"curies":[{"name":"wp","href":"https:\/\/api.w.org\/{rel}","templated":true}]}}