{"id":6198,"date":"2024-11-11T20:52:46","date_gmt":"2024-11-11T19:52:46","guid":{"rendered":"https:\/?page_id=6198"},"modified":"2025-09-16T21:32:31","modified_gmt":"2025-09-16T19:32:31","slug":"serveis-extra","status":"publish","type":"page","link":"https:\/\/bioecohouse.es\/ca\/serveis-extra\/","title":{"rendered":"Serveis extra"},"content":{"rendered":"<p><img decoding=\"async\" src=\"\/wp-content\/uploads\/2024\/09\/personalizadas-icono.webp\" alt=\"\"><\/p>\n<h1>\n<p>Serveis extra<\/p>\n<\/h1>\n<div>\n<p><strong><span class=\"text-brown\">Benvingut a la nostra secci\u00f3 de <span class=\"text-green\">serveis extra <span class=\"text-brown\">per a cases <span class=\"text-green\">bioeco prefabricades<\/span><\/span><\/span><\/span><\/strong><\/p>\n<\/div>\n<div>\n<p><span class=\"text-brown\">A m\u00e9s de les nostres cases sostenibles i eficients, tamb\u00e9 oferim serveis addicionals per a millorar la teva experi\u00e8ncia de veure en una casa eco-friendly. A continuaci\u00f3, trobar\u00e0s una breu descripci\u00f3 de cada un dels nostres serveis extra.<\/span><\/p>\n<\/div>\n<p><img decoding=\"async\" src=\"\/wp-content\/uploads\/2024\/09\/piscina-y-jardin.webp\" alt=\"\"><br \/>\n<img decoding=\"async\" src=\"\/wp-content\/uploads\/2024\/09\/piscinas.webp\" alt=\"\"><\/p>\n<h1>\n<p class=\"text-brown\" style=\"font-weight: 200;\">Construcci\u00f3<br \/><span style=\"font-weight: 800;\">de piscines<\/span><\/p>\n<\/h1>\n<div>\n<p class=\"text-brown\"><strong>Est\u00e0ndard i a mida<\/strong><\/p>\n<\/div>\n<div>\n<p><span class=\"text-brown\"><strong>Qui no vol relaxar-se a una piscina un dia calor\u00f3s?<\/strong> Si est\u00e0 buscant agregar una piscina a la seva propietat, els nostres experts poden ajudar-lo a construir una piscina sostenible que s&#8217;adapti a les seves necessitats.<\/span><\/p>\n<\/div>\n<p><img decoding=\"async\" src=\"\/wp-content\/uploads\/2024\/09\/piscina-y-jardin.webp\" alt=\"\"><br \/>\n<img decoding=\"async\" src=\"\/wp-content\/uploads\/2024\/09\/placas-fotovoltaicas-1.webp\" alt=\"\"><br \/>\n<img decoding=\"async\" src=\"\/wp-content\/uploads\/2024\/09\/placas-fotovoltaicas-1.webp\" alt=\"\"><br \/>\n<img decoding=\"async\" src=\"\/wp-content\/uploads\/2024\/10\/paneles-solares.webp\" alt=\"\"><\/p>\n<h1>\n<p class=\"text-brown\" style=\"font-weight: 200;\">Plaques<br \/><span style=\"font-weight: 800;\">fotovoltaiques<\/span><\/p>\n<\/h1>\n<div>\n<p class=\"text-brown\"><strong>Estalvia en energia<\/strong><\/p>\n<\/div>\n<div>\n<p>L&#8217;energia solar \u00e9s una de les fonts d&#8217;energia renovable m\u00e9s abundants i netes. Si desitja reduir la seva empremta de carboni i estalviar en costos d&#8217;energia, podem instal\u00b7lar plaques fotovoltaiques a la seva propietat.<\/p>\n<\/div>\n<p><img decoding=\"async\" src=\"\/wp-content\/uploads\/2024\/09\/diseno-de-cocina.webp\" alt=\"\"><br \/>\n<img decoding=\"async\" src=\"\/wp-content\/uploads\/2024\/10\/cocina.webp\" alt=\"\"><\/p>\n<h1>\n<p class=\"text-green\" style=\"font-weight: 200;\">Instal\u00b7laci\u00f3 de<br \/><span style=\"font-weight: 800;\">cuines<\/span><\/p>\n<\/h1>\n<div>\n<p class=\"text-white\"><strong>Dissenys moderns i al teu gust<\/strong><\/p>\n<\/div>\n<div>\n<p><span class=\"text-white\">Una cuina \u00e9s el cor de qualsevol llar, i si desitges un disseny modern i equipar-lo amb electrodom\u00e8stics d&#8217;alta qualitat i efici\u00e8ncia energ\u00e8tica, podem ajudar-te.<\/span><\/p>\n<\/div>\n<p><img decoding=\"async\" src=\"\/wp-content\/uploads\/2024\/09\/diseno-de-cocina.webp\" alt=\"\"><br \/>\n<img decoding=\"async\" src=\"\/wp-content\/uploads\/2024\/09\/tu-proyecto.webp\" alt=\"\"><\/p>\n<h1>\n<p>Explica&#8217;ns el teu projecte<\/p>\n<\/h1>\n<div>\n<p><strong><span class=\"text-brown\">Ens enorgulleix oferir <span class=\"text-green\">solucions habitables, sostenibles i d&#8217;alta qualitat, <span class=\"text-brown\">que contribueixen a la preservaci\u00f3 del <span class=\"text-green\">medi ambient.<\/span><\/span><\/span><\/span><\/strong><\/p>\n<\/div>\n<div>\n<p><strong><span class=\"text-green\">Contacta&#8217;ns avui mateix per a<span class=\"text-brown\">\u00a0m\u00e9s informaci\u00f3 sobre les nostres cases <span class=\"text-green\">bioeco prefabricades.<\/span><\/span><\/span><\/strong><\/p>\n<\/div>\n<p><img decoding=\"async\" src=\"\/wp-content\/uploads\/2024\/09\/proyecto-acuarela-casa-prefabricada.webp\" alt=\"\"><\/p>\n<div>\n<div>\n<p style=\"color:#000000;\">Per sol\u00b7licitar informaci\u00f3, emplena el seg\u00fcent formulari.<\/p>\n\n<div class=\"wpcf7 no-js\" id=\"wpcf7-f6314-o1\" lang=\"es-ES\" dir=\"ltr\" data-wpcf7-id=\"6314\">\n<div class=\"screen-reader-response\"><p role=\"status\" aria-live=\"polite\" aria-atomic=\"true\"><\/p> <ul><\/ul><\/div>\n<form action=\"\/ca\/wp-json\/wp\/v2\/pages\/6198#wpcf7-f6314-o1\" method=\"post\" class=\"wpcf7-form init\" aria-label=\"Formulario de contacto\" novalidate=\"novalidate\" data-status=\"init\">\n<fieldset class=\"hidden-fields-container\"><input type=\"hidden\" name=\"_wpcf7\" value=\"6314\" \/><input type=\"hidden\" name=\"_wpcf7_version\" value=\"6.1.5\" \/><input type=\"hidden\" name=\"_wpcf7_locale\" value=\"es_ES\" \/><input type=\"hidden\" name=\"_wpcf7_unit_tag\" value=\"wpcf7-f6314-o1\" \/><input type=\"hidden\" name=\"_wpcf7_container_post\" value=\"0\" \/><input type=\"hidden\" name=\"_wpcf7_posted_data_hash\" value=\"\" \/><input type=\"hidden\" name=\"_wpcf7_recaptcha_response\" value=\"\" \/>\n<\/fieldset>\n<p><label> Nom<br \/>\n<span class=\"wpcf7-form-control-wrap\" data-name=\"your-name\"><input size=\"40\" maxlength=\"400\" class=\"wpcf7-form-control wpcf7-text wpcf7-validates-as-required\" autocomplete=\"name\" aria-required=\"true\" aria-invalid=\"false\" value=\"\" type=\"text\" name=\"your-name\" \/><\/span> <\/label>\n<\/p>\n<p><label> Email<br \/>\n<span class=\"wpcf7-form-control-wrap\" data-name=\"your-email\"><input size=\"40\" maxlength=\"400\" class=\"wpcf7-form-control wpcf7-email wpcf7-validates-as-required wpcf7-text wpcf7-validates-as-email\" autocomplete=\"email\" aria-required=\"true\" aria-invalid=\"false\" value=\"\" type=\"email\" name=\"your-email\" \/><\/span> <\/label>\n<\/p>\n<p><label> Tel\u00e8fon<br \/>\n<span class=\"wpcf7-form-control-wrap\" data-name=\"phone\"><input size=\"40\" maxlength=\"400\" class=\"wpcf7-form-control wpcf7-text wpcf7-validates-as-required\" aria-required=\"true\" aria-invalid=\"false\" value=\"\" type=\"text\" name=\"phone\" \/><\/span> <\/label>\n<\/p>\n<p><label> Assumpte<br \/>\n<span class=\"wpcf7-form-control-wrap\" data-name=\"your-subject\"><input size=\"40\" maxlength=\"400\" class=\"wpcf7-form-control wpcf7-text wpcf7-validates-as-required\" aria-required=\"true\" aria-invalid=\"false\" value=\"\" type=\"text\" name=\"your-subject\" \/><\/span> <\/label>\n<\/p>\n<p><label> Missatge<br \/>\n<span class=\"wpcf7-form-control-wrap\" data-name=\"your-message\"><textarea cols=\"40\" rows=\"10\" maxlength=\"2000\" class=\"wpcf7-form-control wpcf7-textarea\" aria-invalid=\"false\" name=\"your-message\"><\/textarea><\/span> <\/label>\n<\/p>\n<p><span class=\"wpcf7-form-control-wrap\" data-name=\"terms\"><span class=\"wpcf7-form-control wpcf7-acceptance\"><span class=\"wpcf7-list-item\"><label><input type=\"checkbox\" name=\"terms\" value=\"1\" aria-invalid=\"false\" \/><span class=\"wpcf7-list-item-label\">Accepto la pol\u00edtica de privacitat<\/span><\/label><\/span><\/span><\/span>\n<\/p>\n<p><input class=\"wpcf7-form-control wpcf7-submit has-spinner\" type=\"submit\" value=\"Enviar\" \/>\n<\/p><div class=\"wpcf7-response-output\" aria-hidden=\"true\"><\/div>\n<\/form>\n<\/div>\n<\/div>\n<\/div>\n<p><!--more--><br \/>\n<!-- {\"type\":\"layout\",\"children\":[{\"type\":\"section\",\"props\":{\"height\":\"pixels\",\"height_viewport\":465,\"image\":\"wp-content\\\/uploads\\\/2024\\\/09\\\/texas-1.webp\",\"image_position\":\"center-center\",\"image_size\":\"cover\",\"media_overlay\":\"rgba(0, 0, 0, 0.24)\",\"style\":\"default\",\"title_breakpoint\":\"xl\",\"title_position\":\"top-left\",\"title_rotation\":\"left\",\"vertical_align\":\"middle\",\"width\":\"default\"},\"children\":[{\"type\":\"row\",\"children\":[{\"type\":\"column\",\"props\":{\"image_position\":\"center-center\",\"position_sticky_breakpoint\":\"m\"},\"children\":[{\"type\":\"image\",\"props\":{\"image\":\"wp-content\\\/uploads\\\/2024\\\/09\\\/personalizadas-icono.webp\",\"image_svg_color\":\"emphasis\",\"image_width\":80,\"margin\":\"small\",\"text_align\":\"center\"}},{\"type\":\"headline\",\"props\":{\"content\":\"\n\n<p>Serveis extra<\\\/p>\",\"margin\":\"default\",\"text_align\":\"center\",\"title_element\":\"h1\",\"title_style\":\"h2\"},\"name\":\"Headline\"}]}]}],\"name\":\"Portada\"},{\"type\":\"section\",\"props\":{\"image_position\":\"center-center\",\"padding_remove_bottom\":false,\"style\":\"default\",\"title_breakpoint\":\"xl\",\"title_position\":\"top-left\",\"title_rotation\":\"left\",\"vertical_align\":\"middle\",\"width\":\"default\"},\"children\":[{\"type\":\"row\",\"children\":[{\"type\":\"column\",\"props\":{\"image_position\":\"center-center\",\"position_sticky_breakpoint\":\"m\"},\"children\":[{\"type\":\"text\",\"props\":{\"block_align\":\"center\",\"column_breakpoint\":\"m\",\"content\":\"\n\n<p><strong><span class=\\\"text-brown\\\">Benvingut a la nostra secci\\u00f3 de <span class=\\\"text-green\\\">serveis extra <span class=\\\"text-brown\\\">per a cases <span class=\\\"text-green\\\">bioeco prefabricades<\\\/span><\\\/span><\\\/span><\\\/span><\\\/strong><\\\/p>\",\"margin\":\"default\",\"maxwidth\":\"2xlarge\",\"text_align\":\"center\",\"text_style\":\"lead\"}},{\"type\":\"text\",\"props\":{\"block_align\":\"center\",\"column_breakpoint\":\"m\",\"content\":\"\n\n<p><span class=\\\"text-brown\\\">A m\\u00e9s de les nostres cases sostenibles i eficients, tamb\\u00e9 oferim serveis addicionals per a millorar la teva experi\\u00e8ncia de veure en una casa eco-friendly. A continuaci\\u00f3, trobar\\u00e0s una breu descripci\\u00f3 de cada un dels nostres serveis extra.<\\\/span><\\\/p>\",\"margin\":\"default\",\"maxwidth\":\"2xlarge\",\"text_align\":\"center\"}}]}]}],\"name\":\"Introducci\\u00f3\"},{\"type\":\"section\",\"props\":{\"image_position\":\"center-center\",\"padding_remove_bottom\":true,\"padding_remove_top\":true,\"style\":\"default\",\"title_breakpoint\":\"xl\",\"title_position\":\"top-left\",\"title_rotation\":\"left\",\"vertical_align\":\"middle\",\"width\":\"default\"},\"children\":[{\"type\":\"row\",\"children\":[{\"type\":\"column\",\"props\":{\"image_position\":\"center-center\",\"position_sticky_breakpoint\":\"m\"},\"children\":[{\"type\":\"image\",\"props\":{\"image\":\"wp-content\\\/uploads\\\/2024\\\/09\\\/piscina-y-jardin.webp\",\"image_height\":600,\"image_svg_color\":\"emphasis\",\"margin\":\"default\",\"visibility\":\"hidden-l\"}}]}]}],\"name\":\"Piscines m\\u00f2bil\"},{\"type\":\"section\",\"props\":{\"image_position\":\"center-center\",\"padding_remove_bottom\":true,\"padding_remove_top\":true,\"style\":\"default\",\"title_breakpoint\":\"xl\",\"title_position\":\"top-left\",\"title_rotation\":\"left\",\"vertical_align\":\"middle\",\"width\":\"default\"},\"children\":[{\"type\":\"row\",\"props\":{\"column_gap\":\"collapse\",\"layout\":\"1-2,1-2\"},\"children\":[{\"type\":\"column\",\"props\":{\"image_position\":\"center-center\",\"position_sticky_breakpoint\":\"m\",\"style\":\"tile-primary\",\"vertical_align\":\"middle\",\"width_medium\":\"1-2\"},\"children\":[{\"type\":\"image\",\"props\":{\"image\":\"wp-content\\\/uploads\\\/2024\\\/09\\\/piscinas.webp\",\"image_svg_color\":\"emphasis\",\"image_width\":60,\"margin\":\"small\"}},{\"type\":\"headline\",\"props\":{\"content\":\"\n\n<p class=\\\"text-brown\\\" style=\\\"font-weight: 200;\\\">Construcci\\u00f3<br \\\/><span style=\\\"font-weight: 800;\\\">de piscines<\\\/span><\\\/p>\",\"margin\":\"small\",\"title_element\":\"h1\",\"title_style\":\"h2\"}},{\"type\":\"text\",\"props\":{\"column_breakpoint\":\"m\",\"content\":\"\n\n<p class=\\\"text-brown\\\"><strong>Est\\u00e0ndard i a mida<\\\/strong><\\\/p>\",\"margin\":\"small\",\"text_style\":\"lead\"}},{\"type\":\"text\",\"props\":{\"column_breakpoint\":\"m\",\"content\":\"\n\n<p><span class=\\\"text-brown\\\"><strong>Qui no vol relaxar-se a una piscina un dia calor\\u00f3s?<\\\/strong> Si est\\u00e0 buscant agregar una piscina a la seva propietat, els nostres experts poden ajudar-lo a construir una piscina sostenible que s'adapti a les seves necessitats.<\\\/span><\\\/p>\",\"margin\":\"default\"}}]},{\"type\":\"column\",\"props\":{\"image_position\":\"center-center\",\"position_sticky_breakpoint\":\"m\",\"vertical_align\":\"middle\",\"width_medium\":\"1-2\"},\"children\":[{\"type\":\"image\",\"props\":{\"image\":\"wp-content\\\/uploads\\\/2024\\\/09\\\/piscina-y-jardin.webp\",\"image_height\":600,\"image_svg_color\":\"emphasis\",\"margin\":\"default\",\"visibility\":\"l\"}}]}]}],\"name\":\"Piscines\"},{\"type\":\"section\",\"props\":{\"image_position\":\"center-center\",\"padding_remove_bottom\":true,\"padding_remove_top\":false,\"style\":\"default\",\"title_breakpoint\":\"xl\",\"title_position\":\"top-left\",\"title_rotation\":\"left\",\"vertical_align\":\"middle\",\"width\":\"default\"},\"children\":[{\"type\":\"row\",\"children\":[{\"type\":\"column\",\"props\":{\"image_position\":\"center-center\",\"position_sticky_breakpoint\":\"m\"},\"children\":[{\"type\":\"image\",\"props\":{\"image\":\"wp-content\\\/uploads\\\/2024\\\/09\\\/placas-fotovoltaicas-1.webp\",\"image_height\":600,\"image_svg_color\":\"emphasis\",\"margin\":\"default\",\"visibility\":\"hidden-l\"}}]}]}],\"name\":\"Plaques fotovoltaiques m\\u00f2bil\"},{\"type\":\"section\",\"props\":{\"image_position\":\"center-center\",\"padding_remove_bottom\":true,\"padding_remove_top\":true,\"style\":\"default\",\"title_breakpoint\":\"xl\",\"title_position\":\"top-left\",\"title_rotation\":\"left\",\"vertical_align\":\"middle\",\"width\":\"default\"},\"children\":[{\"type\":\"row\",\"props\":{\"column_gap\":\"collapse\",\"layout\":\"1-2,1-2\"},\"children\":[{\"type\":\"column\",\"props\":{\"image_position\":\"center-center\",\"position_sticky_breakpoint\":\"m\",\"vertical_align\":\"middle\",\"width_medium\":\"1-2\"},\"children\":[{\"type\":\"image\",\"props\":{\"image\":\"wp-content\\\/uploads\\\/2024\\\/09\\\/placas-fotovoltaicas-1.webp\",\"image_height\":600,\"image_svg_color\":\"emphasis\",\"margin\":\"default\",\"visibility\":\"l\"}}]},{\"type\":\"column\",\"props\":{\"image_position\":\"center-center\",\"position_sticky_breakpoint\":\"m\",\"style\":\"tile-muted\",\"vertical_align\":\"middle\",\"width_medium\":\"1-2\"},\"children\":[{\"type\":\"image\",\"props\":{\"block_align\":\"center\",\"image\":\"wp-content\\\/uploads\\\/2024\\\/10\\\/paneles-solares.webp\",\"image_svg_color\":\"emphasis\",\"image_width\":60,\"margin\":\"small\",\"maxwidth\":\"xlarge\"}},{\"type\":\"headline\",\"props\":{\"block_align\":\"center\",\"content\":\"\n\n<p class=\\\"text-brown\\\" style=\\\"font-weight: 200;\\\">Plaques<br \\\/><span style=\\\"font-weight: 800;\\\">fotovoltaiques<\\\/span><\\\/p>\",\"margin\":\"small\",\"maxwidth\":\"xlarge\",\"title_element\":\"h1\",\"title_style\":\"h2\"}},{\"type\":\"text\",\"props\":{\"block_align\":\"center\",\"column_breakpoint\":\"m\",\"content\":\"\n\n<p class=\\\"text-brown\\\"><strong>Estalvia en energia<\\\/strong><\\\/p>\",\"margin\":\"small\",\"maxwidth\":\"xlarge\",\"text_style\":\"lead\"}},{\"type\":\"text\",\"props\":{\"block_align\":\"center\",\"column_breakpoint\":\"m\",\"content\":\"\n\n<p>L'energia solar \\u00e9s una de les fonts d'energia renovable m\\u00e9s abundants i netes. Si desitja reduir la seva empremta de carboni i estalviar en costos d'energia, podem instal\\u00b7lar plaques fotovoltaiques a la seva propietat.<\\\/p>\",\"margin\":\"default\",\"maxwidth\":\"xlarge\"}}]}]}],\"name\":\"Plaques fotovoltaiques\"},{\"type\":\"section\",\"props\":{\"image_position\":\"center-center\",\"padding_remove_bottom\":true,\"padding_remove_top\":false,\"style\":\"default\",\"title_breakpoint\":\"xl\",\"title_position\":\"top-left\",\"title_rotation\":\"left\",\"vertical_align\":\"middle\",\"width\":\"default\"},\"children\":[{\"type\":\"row\",\"children\":[{\"type\":\"column\",\"props\":{\"image_position\":\"center-center\",\"position_sticky_breakpoint\":\"m\"},\"children\":[{\"type\":\"image\",\"props\":{\"image\":\"wp-content\\\/uploads\\\/2024\\\/09\\\/diseno-de-cocina.webp\",\"image_height\":600,\"image_svg_color\":\"emphasis\",\"margin\":\"default\",\"visibility\":\"hidden-l\"}}]}]}],\"name\":\"Cuines m\\u00f2bil\"},{\"type\":\"section\",\"props\":{\"image_position\":\"center-center\",\"padding_remove_top\":true,\"style\":\"default\",\"title_breakpoint\":\"xl\",\"title_position\":\"top-left\",\"title_rotation\":\"left\",\"vertical_align\":\"middle\",\"width\":\"default\"},\"children\":[{\"type\":\"row\",\"props\":{\"column_gap\":\"collapse\",\"layout\":\"1-2,1-2\"},\"children\":[{\"type\":\"column\",\"props\":{\"image_position\":\"center-center\",\"position_sticky_breakpoint\":\"m\",\"style\":\"tile-secondary\",\"vertical_align\":\"middle\",\"width_medium\":\"1-2\"},\"children\":[{\"type\":\"image\",\"props\":{\"image\":\"wp-content\\\/uploads\\\/2024\\\/10\\\/cocina.webp\",\"image_svg_color\":\"emphasis\",\"image_width\":60,\"margin\":\"small\"}},{\"type\":\"headline\",\"props\":{\"content\":\"\n\n<p class=\\\"text-green\\\" style=\\\"font-weight: 200;\\\">Instal\\u00b7laci\\u00f3 de<br \\\/><span style=\\\"font-weight: 800;\\\">cuines<\\\/span><\\\/p>\",\"margin\":\"small\",\"title_element\":\"h1\",\"title_style\":\"h2\"}},{\"type\":\"text\",\"props\":{\"column_breakpoint\":\"m\",\"content\":\"\n\n<p class=\\\"text-white\\\"><strong>Dissenys moderns i al teu gust<\\\/strong><\\\/p>\",\"margin\":\"small\",\"text_style\":\"lead\"}},{\"type\":\"text\",\"props\":{\"column_breakpoint\":\"m\",\"content\":\"\n\n<p><span class=\\\"text-white\\\">Una cuina \\u00e9s el cor de qualsevol llar, i si desitges un disseny modern i equipar-lo amb electrodom\\u00e8stics d'alta qualitat i efici\\u00e8ncia energ\\u00e8tica, podem ajudar-te.<\\\/span><\\\/p>\",\"margin\":\"default\"}}]},{\"type\":\"column\",\"props\":{\"image_position\":\"center-center\",\"position_sticky_breakpoint\":\"m\",\"vertical_align\":\"middle\",\"width_medium\":\"1-2\"},\"children\":[{\"type\":\"image\",\"props\":{\"image\":\"wp-content\\\/uploads\\\/2024\\\/09\\\/diseno-de-cocina.webp\",\"image_height\":600,\"image_svg_color\":\"emphasis\",\"margin\":\"default\",\"visibility\":\"l\"}}]}]}],\"name\":\"Cuines\"},{\"type\":\"section\",\"props\":{\"height\":\"pixels\",\"height_viewport\":400,\"image\":\"wp-content\\\/uploads\\\/2024\\\/09\\\/cuentanos-tu-proyecto.webp\",\"image_position\":\"center-center\",\"image_size\":\"cover\",\"media_overlay\":\"rgba(0, 0, 0, 0.57)\",\"style\":\"default\",\"title_breakpoint\":\"xl\",\"title_position\":\"top-left\",\"title_rotation\":\"left\",\"vertical_align\":\"middle\",\"width\":\"default\"},\"children\":[{\"type\":\"row\",\"children\":[{\"type\":\"column\",\"props\":{\"image_position\":\"center-center\",\"position_sticky_breakpoint\":\"m\"},\"children\":[{\"type\":\"image\",\"props\":{\"image\":\"wp-content\\\/uploads\\\/2024\\\/09\\\/tu-proyecto.webp\",\"image_svg_color\":\"emphasis\",\"image_width\":80,\"margin\":\"small\",\"text_align\":\"center\"}},{\"type\":\"headline\",\"props\":{\"content\":\"\n\n<p>Explica'ns el teu projecte<\\\/p>\",\"margin\":\"default\",\"text_align\":\"center\",\"title_element\":\"h1\",\"title_style\":\"h2\"},\"name\":\"Headline\"}]}]}],\"name\":\"Explica'ns el teu projecte\"},{\"type\":\"section\",\"props\":{\"image_position\":\"center-center\",\"padding\":\"small\",\"padding_remove_bottom\":false,\"style\":\"default\",\"title_breakpoint\":\"xl\",\"title_position\":\"top-left\",\"title_rotation\":\"left\",\"vertical_align\":\"middle\",\"width\":\"default\"},\"children\":[{\"type\":\"row\",\"children\":[{\"type\":\"column\",\"props\":{\"image_position\":\"center-center\",\"position_sticky_breakpoint\":\"m\",\"vertical_align\":\"middle\",\"width_medium\":\"1-2\"},\"children\":[{\"type\":\"text\",\"props\":{\"column_breakpoint\":\"m\",\"content\":\"\n\n<p><strong><span class=\\\"text-brown\\\">Ens enorgulleix oferir <span class=\\\"text-green\\\">solucions habitables, sostenibles i d'alta qualitat, <span class=\\\"text-brown\\\">que contribueixen a la preservaci\\u00f3 del <span class=\\\"text-green\\\">medi ambient.<\\\/span><\\\/span><\\\/span><\\\/span><\\\/strong><\\\/p>\",\"margin\":\"default\",\"text_align\":\"center\",\"text_style\":\"large\"}},{\"type\":\"text\",\"props\":{\"column_breakpoint\":\"m\",\"content\":\"\n\n<p><strong><span class=\\\"text-green\\\">Contacta'ns avui mateix per a<span class=\\\"text-brown\\\">\\u00a0m\\u00e9s informaci\\u00f3 sobre les nostres cases <span class=\\\"text-green\\\">bioeco prefabricades.<\\\/span><\\\/span><\\\/span><\\\/strong><\\\/p>\",\"margin\":\"default\",\"text_align\":\"center\",\"text_style\":\"lead\"}},{\"type\":\"image\",\"props\":{\"image\":\"wp-content\\\/uploads\\\/2024\\\/09\\\/proyecto-acuarela-casa-prefabricada.webp\",\"image_box_decoration\":\"mask\",\"image_svg_color\":\"emphasis\",\"margin\":\"default\"}}]},{\"type\":\"column\",\"props\":{\"image_position\":\"center-center\",\"position_sticky_breakpoint\":\"m\",\"vertical_align\":\"middle\",\"width_medium\":\"1-2\"},\"children\":[{\"type\":\"html\",\"props\":{\"content\":\"\n\n<div>\n\n<p style=\\\"color:#000000;\\\">Per sol\\u00b7licitar informaci\\u00f3, emplena el seg\\u00fcent formulari.<\\\/p>[contact-form-7 id=\\\"ac398fc\\\" title=\\\"Formulari ca\\\"]<\\\/div>\",\"css\":\".el-element{\\n\\twidth: auto;\\n  \\tdisplay: flex;\\n  \\tjustify-content: center;\\n    padding-right:10px;\\n}\"}}]}],\"props\":{\"layout\":\"1-2,1-2\"}}],\"name\":\"Formulari de contacte\"}],\"version\":\"4.5.27\"} --><\/p>\n","protected":false},"excerpt":{"rendered":"<p>Serveis extra Benvingut a la nostra secci\u00f3 de serveis extra per a cases bioeco prefabricades A m\u00e9s de les nostres cases sostenibles i eficients, tamb\u00e9 oferim serveis addicionals per a millorar la teva experi\u00e8ncia de veure en una casa eco-friendly. A continuaci\u00f3, trobar\u00e0s una breu descripci\u00f3 de cada un dels nostres serveis extra. Construcci\u00f3de piscines [&hellip;]<\/p>\n","protected":false},"author":1,"featured_media":0,"parent":0,"menu_order":0,"comment_status":"closed","ping_status":"closed","template":"","meta":{"footnotes":""},"class_list":["post-6198","page","type-page","status-publish","hentry"],"_links":{"self":[{"href":"https:\/\/bioecohouse.es\/ca\/wp-json\/wp\/v2\/pages\/6198","targetHints":{"allow":["GET"]}}],"collection":[{"href":"https:\/\/bioecohouse.es\/ca\/wp-json\/wp\/v2\/pages"}],"about":[{"href":"https:\/\/bioecohouse.es\/ca\/wp-json\/wp\/v2\/types\/page"}],"author":[{"embeddable":true,"href":"https:\/\/bioecohouse.es\/ca\/wp-json\/wp\/v2\/users\/1"}],"replies":[{"embeddable":true,"href":"https:\/\/bioecohouse.es\/ca\/wp-json\/wp\/v2\/comments?post=6198"}],"version-history":[{"count":0,"href":"https:\/\/bioecohouse.es\/ca\/wp-json\/wp\/v2\/pages\/6198\/revisions"}],"wp:attachment":[{"href":"https:\/\/bioecohouse.es\/ca\/wp-json\/wp\/v2\/media?parent=6198"}],"curies":[{"name":"wp","href":"https:\/\/api.w.org\/{rel}","templated":true}]}}