{"id":6215,"date":"2024-11-11T21:05:33","date_gmt":"2024-11-11T20:05:33","guid":{"rendered":"https:\/?page_id=6215"},"modified":"2025-09-16T21:32:07","modified_gmt":"2025-09-16T19:32:07","slug":"sistemes-de-construccio","status":"publish","type":"page","link":"https:\/\/bioecohouse.es\/ca\/sistemes-de-construccio\/","title":{"rendered":"Sistemes de construcci\u00f3"},"content":{"rendered":"<p><img decoding=\"async\" src=\"\/wp-content\/uploads\/2024\/09\/sistemas-constructivos-white.webp\" alt=\"\"><\/p>\n<h1>\n<p>Opta per un dels nostres sistemes de construcci\u00f3<\/p>\n<\/h1>\n<div>\n<p><strong><span class=\"text-brown\">L&#8217;\u00faltima baula de <span class=\"text-green\">l&#8217;evoluci\u00f3 <span class=\"text-brown\">de la <span class=\"text-green\">fusta <span class=\"text-brown\">com a material<\/span><\/span><\/span><\/span><\/span><\/strong><\/p>\n<\/div>\n<p><img decoding=\"async\" src=\"\/wp-content\/uploads\/2024\/08\/fabricacion.webp\" alt=\"\"><\/p>\n<h1><span class=\"text-brown\">Entramat lleuger de fusta<\/span><\/h1>\n<div>\n<p><span class=\"text-brown\">Les estructures s\u00f3n fabricades de manera pr\u00e8via a la seva instal\u00b7laci\u00f3 al lloc de construcci\u00f3. Es produeixen a f\u00e0brica els elements com bigues, columnes, panells i altres components estructurals, despr\u00e9s s\u00f3n transportats al lloc de construcci\u00f3 per al seu assemblatge. La seva construcci\u00f3 \u00e9s m\u00e9s r\u00e0pida i eficient que la construcci\u00f3 tradicional, perqu\u00e8 els components ja estan preparats per instal\u00b7lar-los al lloc. \u00c9s r\u00e0pida, segura, neta, amb pocs residus i amb alta efici\u00e8ncia energ\u00e8tica. Formats per un panell tipus Sandwich amb una enumeraci\u00f3 de tota mena de materials a\u00efllants.<\/span><\/p>\n<\/div>\n<ul>\n<li>\n<p>        <img decoding=\"async\" src=\"\/wp-content\/uploads\/2024\/09\/construccion-rapida.webp\" alt=\"\"><\/p>\n<div><strong><span class=\"text-brown\">R\u00e0pida construcci\u00f3<\/span><\/strong><\/div>\n<\/li>\n<li>\n<p>        <img decoding=\"async\" src=\"\/wp-content\/uploads\/2024\/09\/aislamiento-termico.webp\" alt=\"\"><\/p>\n<div><strong><span class=\"text-brown\">A\u00efllament t\u00e8rmic<\/span><\/strong><\/div>\n<\/li>\n<li>\n<p>        <img decoding=\"async\" src=\"\/wp-content\/uploads\/2024\/09\/ahorro-1.webp\" alt=\"\"><\/p>\n<div><strong><span class=\"text-brown\">Estalvi<\/span><\/strong><\/div>\n<\/li>\n<li>\n<p>        <img decoding=\"async\" src=\"\/wp-content\/uploads\/2024\/09\/flexibilidad.webp\" alt=\"\"><\/p>\n<div><strong><span class=\"text-brown\">Flexibilitat<\/span><\/strong><\/div>\n<\/li>\n<li>\n<p>        <img decoding=\"async\" src=\"\/wp-content\/uploads\/2024\/09\/sostenible.webp\" alt=\"\"><\/p>\n<div><strong><span class=\"text-brown\">Sostenible<\/span><\/strong><\/div>\n<\/li>\n<li>\n<p>        <img decoding=\"async\" src=\"\/wp-content\/uploads\/2024\/09\/resistencia-al-fuego.webp\" alt=\"\"><\/p>\n<div><strong><span class=\"text-brown\">Resist\u00e8ncia al foc<\/span><\/strong><\/div>\n<\/li>\n<li>\n<p>        <img decoding=\"async\" src=\"\/wp-content\/uploads\/2024\/09\/multiples-acabados.webp\" alt=\"\"><\/p>\n<div><strong><span class=\"text-brown\">M\u00faltiples acabats<\/span><\/strong><\/div>\n<\/li>\n<\/ul>\n<div>\n<p><strong><span class=\"text-green\">Soluci\u00f3 senzilla i efica\u00e7 <span class=\"text-brown\">per a projectes de construcci\u00f3 i renovaci\u00f3<\/span><\/span><\/strong><\/p>\n<\/div>\n<p><img decoding=\"async\" src=\"\/wp-content\/uploads\/2024\/09\/ytong-hormigon-celular.webp\" alt=\"\"><\/p>\n<h1><span class=\"text-green\">Formig\u00f3 cel\u00b7lular<\/span><\/h1>\n<div>\n<p>Per aquells que valoren la construcci\u00f3 tradicional, per\u00f2 tamb\u00e9 busquen gaudir d&#8217;una casa amb altes prestacions, oferim l&#8217;opci\u00f3 d&#8217;utilitzar blocs de formig\u00f3 cel\u00b7lular. Destaca per ser lliure de components qu\u00edmics i org\u00e0nics vol\u00e0tils, essent 100% mineral i reciclable.<br \/>Est\u00e0 compost de: sorra blanca molt pura, cal\u00e7, ciment, aigua i agent d&#8217;expansi\u00f3.<\/p>\n<\/div>\n<div>\n<p>El formig\u00f3 cel\u00b7lular ofereix un rendiment t\u00e8rmic superior a la mitjana de les solucions de ma\u00e7oneria convencionals. L&#8217;estructura alveolar dels blocs permet l&#8217;encapsulament de milions de bombolles min\u00fascules d&#8217;aire i garanteix aix\u00ed un rendiment t\u00e8rmic 3 en 1.<\/p>\n<\/div>\n<ul>\n<li>\n<p>        <img decoding=\"async\" src=\"\/wp-content\/uploads\/2024\/09\/aislamiento-termico-green.webp\" alt=\"\"><\/p>\n<div><strong><span class=\"text-green\">A\u00efllament t\u00e8rmic<\/span><\/strong><\/div>\n<\/li>\n<li>\n<p>        <img decoding=\"async\" src=\"\/wp-content\/uploads\/2024\/09\/estanqueidad-aire.webp\" alt=\"\"><\/p>\n<div><strong><span class=\"text-green\">Estanquitat a l&#8217;aire<\/span><\/strong><\/div>\n<\/li>\n<li>\n<p>        <img decoding=\"async\" src=\"\/wp-content\/uploads\/2024\/09\/resistencia-al-fuego-green.webp\" alt=\"\"><\/p>\n<div><strong><span class=\"text-green\">Resist\u00e8ncia al foc<\/span><\/strong><\/div>\n<\/li>\n<li>\n<p>        <img decoding=\"async\" src=\"\/wp-content\/uploads\/2024\/09\/sostenible-green.webp\" alt=\"\"><\/p>\n<div><strong><span class=\"text-green\">Sostenible<\/span><\/strong><\/div>\n<\/li>\n<\/ul>\n<p><img decoding=\"async\" src=\"\/wp-content\/uploads\/2024\/09\/ytong-hormigon-celular.webp\" alt=\"\"><br \/>\n<img decoding=\"async\" src=\"\/wp-content\/uploads\/2024\/09\/tu-proyecto.webp\" alt=\"\"><\/p>\n<h1>\n<p>Explica&#8217;ns el teu projecte<\/p>\n<\/h1>\n<div>\n<p><strong><span class=\"text-brown\">Ens enorgulleix oferir <span class=\"text-green\">solucions habitables, sostenibles i d&#8217;alta qualitat, <span class=\"text-brown\">que contribueixen a la preservaci\u00f3 del <span class=\"text-green\">medi ambient.<\/span><\/span><\/span><\/span><\/strong><\/p>\n<\/div>\n<div>\n<p><strong><span class=\"text-green\">Contacta&#8217;ns avui mateix per a<span class=\"text-brown\">\u00a0m\u00e9s informaci\u00f3 sobre les nostres cases <span class=\"text-green\">bioeco prefabricades.<\/span><\/span><\/span><\/strong><\/p>\n<\/div>\n<p><img decoding=\"async\" src=\"\/wp-content\/uploads\/2024\/09\/proyecto-acuarela-casa-prefabricada.webp\" alt=\"\"><\/p>\n<div>\n<div>\n<p style=\"color:#000000;\">Per sol\u00b7licitar informaci\u00f3, emplena el seg\u00fcent formulari.<\/p>\n\n<div class=\"wpcf7 no-js\" id=\"wpcf7-f6314-o1\" lang=\"es-ES\" dir=\"ltr\" data-wpcf7-id=\"6314\">\n<div class=\"screen-reader-response\"><p role=\"status\" aria-live=\"polite\" aria-atomic=\"true\"><\/p> <ul><\/ul><\/div>\n<form action=\"\/ca\/wp-json\/wp\/v2\/pages\/6215#wpcf7-f6314-o1\" method=\"post\" class=\"wpcf7-form init\" aria-label=\"Formulario de contacto\" novalidate=\"novalidate\" data-status=\"init\">\n<fieldset class=\"hidden-fields-container\"><input type=\"hidden\" name=\"_wpcf7\" value=\"6314\" \/><input type=\"hidden\" name=\"_wpcf7_version\" value=\"6.1.5\" \/><input type=\"hidden\" name=\"_wpcf7_locale\" value=\"es_ES\" \/><input type=\"hidden\" name=\"_wpcf7_unit_tag\" value=\"wpcf7-f6314-o1\" \/><input type=\"hidden\" name=\"_wpcf7_container_post\" value=\"0\" \/><input type=\"hidden\" name=\"_wpcf7_posted_data_hash\" value=\"\" \/><input type=\"hidden\" name=\"_wpcf7_recaptcha_response\" value=\"\" \/>\n<\/fieldset>\n<p><label> Nom<br \/>\n<span class=\"wpcf7-form-control-wrap\" data-name=\"your-name\"><input size=\"40\" maxlength=\"400\" class=\"wpcf7-form-control wpcf7-text wpcf7-validates-as-required\" autocomplete=\"name\" aria-required=\"true\" aria-invalid=\"false\" value=\"\" type=\"text\" name=\"your-name\" \/><\/span> <\/label>\n<\/p>\n<p><label> Email<br \/>\n<span class=\"wpcf7-form-control-wrap\" data-name=\"your-email\"><input size=\"40\" maxlength=\"400\" class=\"wpcf7-form-control wpcf7-email wpcf7-validates-as-required wpcf7-text wpcf7-validates-as-email\" autocomplete=\"email\" aria-required=\"true\" aria-invalid=\"false\" value=\"\" type=\"email\" name=\"your-email\" \/><\/span> <\/label>\n<\/p>\n<p><label> Tel\u00e8fon<br \/>\n<span class=\"wpcf7-form-control-wrap\" data-name=\"phone\"><input size=\"40\" maxlength=\"400\" class=\"wpcf7-form-control wpcf7-text wpcf7-validates-as-required\" aria-required=\"true\" aria-invalid=\"false\" value=\"\" type=\"text\" name=\"phone\" \/><\/span> <\/label>\n<\/p>\n<p><label> Assumpte<br \/>\n<span class=\"wpcf7-form-control-wrap\" data-name=\"your-subject\"><input size=\"40\" maxlength=\"400\" class=\"wpcf7-form-control wpcf7-text wpcf7-validates-as-required\" aria-required=\"true\" aria-invalid=\"false\" value=\"\" type=\"text\" name=\"your-subject\" \/><\/span> <\/label>\n<\/p>\n<p><label> Missatge<br \/>\n<span class=\"wpcf7-form-control-wrap\" data-name=\"your-message\"><textarea cols=\"40\" rows=\"10\" maxlength=\"2000\" class=\"wpcf7-form-control wpcf7-textarea\" aria-invalid=\"false\" name=\"your-message\"><\/textarea><\/span> <\/label>\n<\/p>\n<p><span class=\"wpcf7-form-control-wrap\" data-name=\"terms\"><span class=\"wpcf7-form-control wpcf7-acceptance\"><span class=\"wpcf7-list-item\"><label><input type=\"checkbox\" name=\"terms\" value=\"1\" aria-invalid=\"false\" \/><span class=\"wpcf7-list-item-label\">Accepto la pol\u00edtica de privacitat<\/span><\/label><\/span><\/span><\/span>\n<\/p>\n<p><input class=\"wpcf7-form-control wpcf7-submit has-spinner\" type=\"submit\" value=\"Enviar\" \/>\n<\/p><div class=\"wpcf7-response-output\" aria-hidden=\"true\"><\/div>\n<\/form>\n<\/div>\n<\/div>\n<\/div>\n<p><!--more--><br \/>\n<!-- {\"type\":\"layout\",\"children\":[{\"type\":\"section\",\"props\":{\"height\":\"pixels\",\"height_viewport\":465,\"image\":\"wp-content\\\/uploads\\\/2024\\\/09\\\/casa-personalizada-california.webp\",\"image_position\":\"center-center\",\"image_size\":\"cover\",\"media_overlay\":\"rgba(0, 0, 0, 0.24)\",\"style\":\"default\",\"title_breakpoint\":\"xl\",\"title_position\":\"top-left\",\"title_rotation\":\"left\",\"vertical_align\":\"middle\",\"width\":\"default\"},\"children\":[{\"type\":\"row\",\"children\":[{\"type\":\"column\",\"props\":{\"image_position\":\"center-center\",\"position_sticky_breakpoint\":\"m\"},\"children\":[{\"type\":\"image\",\"props\":{\"image\":\"wp-content\\\/uploads\\\/2024\\\/09\\\/sistemas-constructivos-white.webp\",\"image_svg_color\":\"emphasis\",\"image_width\":80,\"margin\":\"small\",\"text_align\":\"center\"}},{\"type\":\"headline\",\"props\":{\"block_align\":\"center\",\"content\":\"\n\n<p>Opta per un dels nostres sistemes de construcci\\u00f3<\\\/p>\",\"margin\":\"default\",\"maxwidth\":\"2xlarge\",\"text_align\":\"center\",\"title_element\":\"h1\",\"title_style\":\"h2\"},\"name\":\"Headline\"}]}]}],\"name\":\"Portada\"},{\"type\":\"section\",\"props\":{\"image_position\":\"center-center\",\"style\":\"default\",\"title_breakpoint\":\"xl\",\"title_position\":\"top-left\",\"title_rotation\":\"left\",\"vertical_align\":\"middle\",\"width\":\"default\"},\"children\":[{\"type\":\"row\",\"children\":[{\"type\":\"column\",\"props\":{\"image_position\":\"center-center\",\"position_sticky_breakpoint\":\"m\"},\"children\":[{\"type\":\"text\",\"props\":{\"block_align\":\"center\",\"column_breakpoint\":\"m\",\"content\":\"\n\n<p><strong><span class=\\\"text-brown\\\">L'\\u00faltima baula de <span class=\\\"text-green\\\">l'evoluci\\u00f3 <span class=\\\"text-brown\\\">de la <span class=\\\"text-green\\\">fusta <span class=\\\"text-brown\\\">com a material<\\\/span><\\\/span><\\\/span><\\\/span><\\\/span><\\\/strong><\\\/p>\",\"margin\":\"default\",\"maxwidth\":\"2xlarge\",\"text_align\":\"center\",\"text_style\":\"lead\"}}]}]}],\"name\":\"Introducci\\u00f3\"},{\"type\":\"section\",\"props\":{\"image_position\":\"center-center\",\"padding_remove_top\":true,\"style\":\"default\",\"title_breakpoint\":\"xl\",\"title_position\":\"top-left\",\"title_rotation\":\"left\",\"vertical_align\":\"middle\",\"width\":\"default\"},\"children\":[{\"type\":\"row\",\"props\":{\"column_gap\":\"collapse\",\"layout\":\"1-2,1-2\",\"row_gap\":\"collapse\"},\"children\":[{\"type\":\"column\",\"props\":{\"image_position\":\"center-center\",\"position_sticky_breakpoint\":\"m\",\"vertical_align\":\"middle\",\"width_medium\":\"1-2\"},\"children\":[{\"type\":\"image\",\"props\":{\"image\":\"wp-content\\\/uploads\\\/2024\\\/08\\\/fabricacion.webp\",\"image_height\":920,\"image_svg_color\":\"emphasis\",\"image_width\":920,\"margin\":\"default\"}}]},{\"type\":\"column\",\"props\":{\"image_position\":\"center-center\",\"position_sticky_breakpoint\":\"m\",\"style\":\"tile-primary\",\"vertical_align\":\"middle\",\"width_medium\":\"1-2\"},\"children\":[{\"type\":\"headline\",\"props\":{\"content\":\"<span class=\\\"text-brown\\\">Entramat lleuger de fusta<\\\/span>\",\"text_align\":\"left\",\"title_element\":\"h1\",\"title_style\":\"h3\"}},{\"type\":\"text\",\"props\":{\"column_breakpoint\":\"m\",\"content\":\"\n\n<p><span class=\\\"text-brown\\\">Les estructures s\\u00f3n fabricades de manera pr\\u00e8via a la seva instal\\u00b7laci\\u00f3 al lloc de construcci\\u00f3. Es produeixen a f\\u00e0brica els elements com bigues, columnes, panells i altres components estructurals, despr\\u00e9s s\\u00f3n transportats al lloc de construcci\\u00f3 per al seu assemblatge. La seva construcci\\u00f3 \\u00e9s m\\u00e9s r\\u00e0pida i eficient que la construcci\\u00f3 tradicional, perqu\\u00e8 els components ja estan preparats per instal\\u00b7lar-los al lloc. \\u00c9s r\\u00e0pida, segura, neta, amb pocs residus i amb alta efici\\u00e8ncia energ\\u00e8tica. Formats per un panell tipus Sandwich amb una enumeraci\\u00f3 de tota mena de materials a\\u00efllants.<\\\/span><\\\/p>\",\"margin\":\"default\",\"text_align\":\"left\"}},{\"name\":\"List Columns Thirds\",\"type\":\"list\",\"children\":[{\"type\":\"list_item\",\"props\":{\"content\":\"<strong><span class=\\\"text-brown\\\">R\\u00e0pida construcci\\u00f3<\\\/span><\\\/strong>\",\"image\":\"wp-content\\\/uploads\\\/2024\\\/09\\\/construccion-rapida.webp\"}},{\"type\":\"list_item\",\"props\":{\"content\":\"<strong><span class=\\\"text-brown\\\">A\\u00efllament t\\u00e8rmic<\\\/span><\\\/strong>\",\"image\":\"wp-content\\\/uploads\\\/2024\\\/09\\\/aislamiento-termico.webp\"}},{\"type\":\"list_item\",\"props\":{\"content\":\"<strong><span class=\\\"text-brown\\\">Estalvi<\\\/span><\\\/strong>\",\"image\":\"wp-content\\\/uploads\\\/2024\\\/09\\\/ahorro-1.webp\"}},{\"type\":\"list_item\",\"props\":{\"content\":\"<strong><span class=\\\"text-brown\\\">Flexibilitat<\\\/span><\\\/strong>\",\"image\":\"wp-content\\\/uploads\\\/2024\\\/09\\\/flexibilidad.webp\"}},{\"type\":\"list_item\",\"props\":{\"content\":\"<strong><span class=\\\"text-brown\\\">Sostenible<\\\/span><\\\/strong>\",\"image\":\"wp-content\\\/uploads\\\/2024\\\/09\\\/sostenible.webp\"}},{\"type\":\"list_item\",\"props\":{\"content\":\"<strong><span class=\\\"text-brown\\\">Resist\\u00e8ncia al foc<\\\/span><\\\/strong>\",\"image\":\"wp-content\\\/uploads\\\/2024\\\/09\\\/resistencia-al-fuego.webp\"}},{\"type\":\"list_item\",\"props\":{\"content\":\"<strong><span class=\\\"text-brown\\\">M\\u00faltiples acabats<\\\/span><\\\/strong>\",\"image\":\"wp-content\\\/uploads\\\/2024\\\/09\\\/multiples-acabados.webp\"}}],\"props\":{\"column\":\"1-2\",\"column_breakpoint\":\"s\",\"image_align\":\"left\",\"image_svg_color\":\"emphasis\",\"image_vertical_align\":true,\"list_element\":\"ul\",\"list_horizontal_separator\":\", \",\"list_type\":\"vertical\",\"show_image\":true,\"show_link\":true}}]}]}],\"name\":\"Entramat lleuger fusta\"},{\"type\":\"section\",\"props\":{\"image_position\":\"center-center\",\"padding\":\"small\",\"padding_remove_bottom\":false,\"padding_remove_top\":true,\"style\":\"default\",\"title_breakpoint\":\"xl\",\"title_position\":\"top-left\",\"title_rotation\":\"left\",\"vertical_align\":\"middle\",\"width\":\"default\"},\"children\":[{\"type\":\"row\",\"children\":[{\"type\":\"column\",\"props\":{\"image_position\":\"center-center\",\"position_sticky_breakpoint\":\"m\"},\"children\":[{\"type\":\"text\",\"props\":{\"block_align\":\"center\",\"column_breakpoint\":\"m\",\"content\":\"\n\n<p><strong><span class=\\\"text-green\\\">Soluci\\u00f3 senzilla i efica\\u00e7 <span class=\\\"text-brown\\\">per a projectes de construcci\\u00f3 i renovaci\\u00f3<\\\/span><\\\/span><\\\/strong><\\\/p>\",\"margin\":\"default\",\"maxwidth\":\"2xlarge\",\"text_align\":\"center\",\"text_style\":\"lead\"}}]}]}],\"name\":\"Introducci\\u00f3\"},{\"type\":\"section\",\"props\":{\"image_position\":\"center-center\",\"padding\":\"none\",\"style\":\"default\",\"title_breakpoint\":\"xl\",\"title_position\":\"top-left\",\"title_rotation\":\"left\",\"vertical_align\":\"middle\",\"width\":\"default\"},\"children\":[{\"type\":\"row\",\"children\":[{\"type\":\"column\",\"props\":{\"image_position\":\"center-center\",\"position_sticky_breakpoint\":\"m\"},\"children\":[{\"type\":\"image\",\"props\":{\"image\":\"wp-content\\\/uploads\\\/2024\\\/09\\\/ytong-hormigon-celular.webp\",\"image_height\":920,\"image_svg_color\":\"emphasis\",\"image_width\":920,\"margin\":\"default\",\"visibility\":\"hidden-l\"}}]}]}],\"name\":\"Ytong m\\u00f2bil\"},{\"type\":\"section\",\"props\":{\"image_position\":\"center-center\",\"padding_remove_top\":true,\"style\":\"default\",\"title_breakpoint\":\"xl\",\"title_position\":\"top-left\",\"title_rotation\":\"left\",\"vertical_align\":\"middle\",\"width\":\"default\"},\"children\":[{\"type\":\"row\",\"props\":{\"column_gap\":\"collapse\",\"layout\":\"1-2,1-2\"},\"children\":[{\"type\":\"column\",\"props\":{\"image_position\":\"center-center\",\"position_sticky_breakpoint\":\"m\",\"style\":\"tile-secondary\",\"vertical_align\":\"middle\",\"width_medium\":\"1-2\"},\"children\":[{\"type\":\"headline\",\"props\":{\"content\":\"<span class=\\\"text-green\\\">Formig\\u00f3 cel\\u00b7lular<\\\/span>\",\"title_color\":\"secondary\",\"title_element\":\"h1\",\"title_style\":\"h3\"}},{\"type\":\"text\",\"props\":{\"column_breakpoint\":\"m\",\"content\":\"\n\n<p>Per aquells que valoren la construcci\\u00f3 tradicional, per\\u00f2 tamb\\u00e9 busquen gaudir d'una casa amb altes prestacions, oferim l'opci\\u00f3 d'utilitzar blocs de formig\\u00f3 cel\\u00b7lular. Destaca per ser lliure de components qu\\u00edmics i org\\u00e0nics vol\\u00e0tils, essent 100% mineral i reciclable.<br \\\/>Est\\u00e0 compost de: sorra blanca molt pura, cal\\u00e7, ciment, aigua i agent d'expansi\\u00f3.<\\\/p>\",\"margin\":\"default\",\"text_color\":\"emphasis\"}},{\"type\":\"text\",\"props\":{\"column_breakpoint\":\"m\",\"content\":\"\n\n<p>El formig\\u00f3 cel\\u00b7lular ofereix un rendiment t\\u00e8rmic superior a la mitjana de les solucions de ma\\u00e7oneria convencionals. L'estructura alveolar dels blocs permet l'encapsulament de milions de bombolles min\\u00fascules d'aire i garanteix aix\\u00ed un rendiment t\\u00e8rmic 3 en 1.<\\\/p>\",\"margin\":\"default\",\"text_color\":\"emphasis\"}},{\"name\":\"List Columns Thirds\",\"type\":\"list\",\"children\":[{\"type\":\"list_item\",\"props\":{\"content\":\"<strong><span class=\\\"text-green\\\">A\\u00efllament t\\u00e8rmic<\\\/span><\\\/strong>\",\"image\":\"wp-content\\\/uploads\\\/2024\\\/09\\\/aislamiento-termico-green.webp\"}},{\"type\":\"list_item\",\"props\":{\"content\":\"<strong><span class=\\\"text-green\\\">Estanquitat a l'aire<\\\/span><\\\/strong>\",\"image\":\"wp-content\\\/uploads\\\/2024\\\/09\\\/estanqueidad-aire.webp\"}},{\"type\":\"list_item\",\"props\":{\"content\":\"<strong><span class=\\\"text-green\\\">Resist\\u00e8ncia al foc<\\\/span><\\\/strong>\",\"image\":\"wp-content\\\/uploads\\\/2024\\\/09\\\/resistencia-al-fuego-green.webp\"}},{\"type\":\"list_item\",\"props\":{\"content\":\"<strong><span class=\\\"text-green\\\">Sostenible<\\\/span><\\\/strong>\",\"image\":\"wp-content\\\/uploads\\\/2024\\\/09\\\/sostenible-green.webp\"}}],\"props\":{\"column\":\"1-2\",\"column_breakpoint\":\"s\",\"image_align\":\"left\",\"image_svg_color\":\"emphasis\",\"image_vertical_align\":true,\"list_element\":\"ul\",\"list_horizontal_separator\":\", \",\"list_type\":\"vertical\",\"show_image\":true,\"show_link\":true}}]},{\"type\":\"column\",\"props\":{\"image_position\":\"center-center\",\"position_sticky_breakpoint\":\"m\",\"vertical_align\":\"middle\",\"width_medium\":\"1-2\"},\"children\":[{\"type\":\"image\",\"props\":{\"image\":\"wp-content\\\/uploads\\\/2024\\\/09\\\/ytong-hormigon-celular.webp\",\"image_height\":920,\"image_svg_color\":\"emphasis\",\"image_width\":920,\"margin\":\"default\",\"visibility\":\"l\"}}]}]}],\"name\":\"YTONG\"},{\"type\":\"section\",\"props\":{\"height\":\"pixels\",\"height_viewport\":400,\"image\":\"wp-content\\\/uploads\\\/2024\\\/09\\\/cuentanos-tu-proyecto.webp\",\"image_position\":\"center-center\",\"image_size\":\"cover\",\"media_overlay\":\"rgba(0, 0, 0, 0.57)\",\"style\":\"default\",\"title_breakpoint\":\"xl\",\"title_position\":\"top-left\",\"title_rotation\":\"left\",\"vertical_align\":\"middle\",\"width\":\"default\"},\"children\":[{\"type\":\"row\",\"children\":[{\"type\":\"column\",\"props\":{\"image_position\":\"center-center\",\"position_sticky_breakpoint\":\"m\"},\"children\":[{\"type\":\"image\",\"props\":{\"image\":\"wp-content\\\/uploads\\\/2024\\\/09\\\/tu-proyecto.webp\",\"image_svg_color\":\"emphasis\",\"image_width\":80,\"margin\":\"small\",\"text_align\":\"center\"}},{\"type\":\"headline\",\"props\":{\"content\":\"\n\n<p>Explica'ns el teu projecte<\\\/p>\",\"margin\":\"default\",\"text_align\":\"center\",\"title_element\":\"h1\",\"title_style\":\"h2\"},\"name\":\"Headline\"}]}]}],\"name\":\"Explica'ns el teu projecte\"},{\"type\":\"section\",\"props\":{\"image_position\":\"center-center\",\"padding\":\"small\",\"padding_remove_bottom\":false,\"style\":\"default\",\"title_breakpoint\":\"xl\",\"title_position\":\"top-left\",\"title_rotation\":\"left\",\"vertical_align\":\"middle\",\"width\":\"default\"},\"children\":[{\"type\":\"row\",\"children\":[{\"type\":\"column\",\"props\":{\"image_position\":\"center-center\",\"position_sticky_breakpoint\":\"m\",\"vertical_align\":\"middle\",\"width_medium\":\"1-2\"},\"children\":[{\"type\":\"text\",\"props\":{\"column_breakpoint\":\"m\",\"content\":\"\n\n<p><strong><span class=\\\"text-brown\\\">Ens enorgulleix oferir <span class=\\\"text-green\\\">solucions habitables, sostenibles i d'alta qualitat, <span class=\\\"text-brown\\\">que contribueixen a la preservaci\\u00f3 del <span class=\\\"text-green\\\">medi ambient.<\\\/span><\\\/span><\\\/span><\\\/span><\\\/strong><\\\/p>\",\"margin\":\"default\",\"text_align\":\"center\",\"text_style\":\"large\"}},{\"type\":\"text\",\"props\":{\"column_breakpoint\":\"m\",\"content\":\"\n\n<p><strong><span class=\\\"text-green\\\">Contacta'ns avui mateix per a<span class=\\\"text-brown\\\">\\u00a0m\\u00e9s informaci\\u00f3 sobre les nostres cases <span class=\\\"text-green\\\">bioeco prefabricades.<\\\/span><\\\/span><\\\/span><\\\/strong><\\\/p>\",\"margin\":\"default\",\"text_align\":\"center\",\"text_style\":\"lead\"}},{\"type\":\"image\",\"props\":{\"image\":\"wp-content\\\/uploads\\\/2024\\\/09\\\/proyecto-acuarela-casa-prefabricada.webp\",\"image_box_decoration\":\"mask\",\"image_svg_color\":\"emphasis\",\"margin\":\"default\"}}]},{\"type\":\"column\",\"props\":{\"image_position\":\"center-center\",\"position_sticky_breakpoint\":\"m\",\"vertical_align\":\"middle\",\"width_medium\":\"1-2\"},\"children\":[{\"type\":\"html\",\"props\":{\"content\":\"\n\n<div>\n\n<p style=\\\"color:#000000;\\\">Per sol\\u00b7licitar informaci\\u00f3, emplena el seg\\u00fcent formulari.<\\\/p>[contact-form-7 id=\\\"ac398fc\\\" title=\\\"Formulari ca\\\"]<\\\/div>\",\"css\":\".el-element{\\n\\twidth: auto;\\n  \\tdisplay: flex;\\n  \\tjustify-content: center;\\n    padding-right:10px;\\n}\"}}]}],\"props\":{\"layout\":\"1-2,1-2\"}}],\"name\":\"Formulari de contacte\"}],\"version\":\"4.5.27\"} --><\/p>\n","protected":false},"excerpt":{"rendered":"<p>Opta per un dels nostres sistemes de construcci\u00f3 L&#8217;\u00faltima baula de l&#8217;evoluci\u00f3 de la fusta com a material Entramat lleuger de fusta Les estructures s\u00f3n fabricades de manera pr\u00e8via a la seva instal\u00b7laci\u00f3 al lloc de construcci\u00f3. Es produeixen a f\u00e0brica els elements com bigues, columnes, panells i altres components estructurals, despr\u00e9s s\u00f3n transportats al [&hellip;]<\/p>\n","protected":false},"author":1,"featured_media":0,"parent":0,"menu_order":0,"comment_status":"closed","ping_status":"closed","template":"","meta":{"footnotes":""},"class_list":["post-6215","page","type-page","status-publish","hentry"],"_links":{"self":[{"href":"https:\/\/bioecohouse.es\/ca\/wp-json\/wp\/v2\/pages\/6215","targetHints":{"allow":["GET"]}}],"collection":[{"href":"https:\/\/bioecohouse.es\/ca\/wp-json\/wp\/v2\/pages"}],"about":[{"href":"https:\/\/bioecohouse.es\/ca\/wp-json\/wp\/v2\/types\/page"}],"author":[{"embeddable":true,"href":"https:\/\/bioecohouse.es\/ca\/wp-json\/wp\/v2\/users\/1"}],"replies":[{"embeddable":true,"href":"https:\/\/bioecohouse.es\/ca\/wp-json\/wp\/v2\/comments?post=6215"}],"version-history":[{"count":0,"href":"https:\/\/bioecohouse.es\/ca\/wp-json\/wp\/v2\/pages\/6215\/revisions"}],"wp:attachment":[{"href":"https:\/\/bioecohouse.es\/ca\/wp-json\/wp\/v2\/media?parent=6215"}],"curies":[{"name":"wp","href":"https:\/\/api.w.org\/{rel}","templated":true}]}}