{"id":8411,"date":"2025-02-06T19:49:15","date_gmt":"2025-02-06T18:49:15","guid":{"rendered":"https:\/?page_id=8411"},"modified":"2025-02-06T20:27:06","modified_gmt":"2025-02-06T19:27:06","slug":"cases-modulars-prefabricades-de-fusta","status":"publish","type":"page","link":"https:\/\/bioecohouse.es\/ca\/cases-modulars-prefabricades-de-fusta\/","title":{"rendered":"Cases modulars prefabricades de fusta"},"content":{"rendered":"<p><img decoding=\"async\" src=\"\/wp-content\/uploads\/2024\/09\/modulares-icono.webp\" alt=\"\"><\/p>\n<h1>Cases modulars prefabricades de fusta<\/h1>\n<p><img decoding=\"async\" src=\"\/wp-content\/uploads\/2024\/11\/casa-modular-francesca81-5.webp\" alt=\"\"><\/p>\n<h2><strong><span class=\"text-brown\">Innovaci\u00f3, efici\u00e8ncia i sostenibilitat <span class=\"text-green\"><br \/>s&#8217;uneixen per construir el futur de la vivenda.<\/span><\/span><\/strong><\/h2>\n<div>\n<p><span class=\"text-brown\">Les cases prefabricades de fusta han revolucionat la construcci\u00f3, oferint una alternativa r\u00e0pida, eficient i sostenible. Fabricades en m\u00f2duls i assemblades en destinaci\u00f3, reduir temps i costos.<\/span><\/p>\n<p><span class=\"text-brown\">Si busques una vivenda innovadora, ecol\u00f2gica i confortable, Bioeco House \u00e9s l&#8217;opci\u00f3 ideal. Inverteix en el teu benestar i la cura del planeta!<\/span><\/p>\n<p><span class=\"text-brown\"><strong>Viu de manera ecol\u00f2gica, eficient i moderna amb Bioeco house!<\/strong><\/span><\/p>\n<\/div>\n<p><img decoding=\"async\" src=\"\/wp-content\/uploads\/2025\/01\/casa-modular-alexandra90-1.webp\" alt=\"\"><\/p>\n<h2><strong><span class=\"text-brown\">Casa teva, el teu disseny, el teu futur. <span class=\"text-green\"><br \/>Construcci\u00f3 modular sense l\u00edmits.<\/span><\/span><\/strong><\/h2>\n<div>\n<p><span class=\"text-brown\">La fusta \u00e9s un material renovable, ecol\u00f2gic i amb baixa empremta de carboni, ideal per a la construcci\u00f3 sostenible. El seu excel\u00b7lent a\u00efllament t\u00e8rmic i ac\u00fastic ajuda a mantenir una temperatura estable, reduint el consum energ\u00e8tic i els costos en calefacci\u00f3 i refrigeraci\u00f3.<\/span><\/p>\n<p><span class=\"text-brown\">A m\u00e9s, el seu \u00fas en habitatges modulars permet integrar energies renovables com panells solars i aerot\u00e8rmia, optimitzant encara m\u00e9s l&#8217;efici\u00e8ncia i la sostenibilitat de la llar. D&#8217;aquesta manera, les cases de fusta ofereixen confort, modernitat i un menor impacte ambiental.<\/span><\/p>\n<\/div>\n<p><img decoding=\"async\" src=\"\/wp-content\/uploads\/2025\/01\/casa-modular-alexandra90-1.webp\" alt=\"\"><br \/>\n<img decoding=\"async\" src=\"\/wp-content\/uploads\/2025\/01\/casa-modular-veronica55-4.webp\" alt=\"\"><\/p>\n<h2><strong><span class=\"text-brown\">R\u00e0pides, ecol\u00f2giques i personalitzades:<br \/>la llar del dem\u00e0, avui.<\/span><\/strong><\/h2>\n<div>\n<p><span class=\"text-brown\">Amb una estructura lleugera i resistent, aquest tipus de vivendes ofereix una soluci\u00f3 r\u00e0pida i duradora per als que busquen una llar funcional i adaptable.<\/span><\/p>\n<p><span class=\"text-brown\">Gr\u00e0cies a la seva estructura lleugera, no es requereixen fonamentacions pesades, cosa que agilitza el proc\u00e9s. A m\u00e9s, la seva flexibilitat permet adaptar-se a diferents terrenys i possibilita ampliacions futures, fent d&#8217;aquests habitatges una inversi\u00f3 intel\u00b7ligent i pr\u00e0ctica.<\/span><\/p>\n<\/div>\n<p><p>\n        <a href=\"\/ca\/cases-bioeco-modulars\/\">Veure cases modulars<\/a>\n    <\/p>\n<\/p>\n<div>\n<p><strong><span class=\"text-green\">Ressenyes<\/span> <span class=\"text-brown\">dels qui ja tenen la seva casa <span class=\"text-green\">bioeco<\/span><\/span><\/strong><\/p>\n<\/div>\n<div>\n<p style=\"color: #000000;\">Ressenyes de clients que ja experimenten els beneficis d\u2019una vida ecol\u00f2gica amb una casa bioeco prefabricada.<\/p>\n<\/div>\n<div>\n<pre class=\"ti-widget\"><template id=\"trustindex-google-widget-html\"><div class=\" ti-widget  ti-goog ti-review-text-mode-readmore ti-text-align-center\" data-no-translation=\"true\" data-plugin-version=\"13.2.8\" data-layout-id=\"34\" data-layout-category=\"slider\" data-set-id=\"light-background\" data-pid=\"\" data-language=\"es\" data-close-locale=\"Cerca\" data-review-target-width=\"300\" data-css-version=\"2\" data-reply-by-locale=\"Respuesta del propietario\" data-only-rating-locale=\"Esta usuario solo dej\u00f3 una calificaci\u00f3n.\" data-pager-autoplay-timeout=\"6\"> <div class=\"ti-widget-container ti-col-3\"> <div class=\"ti-header ti-header-grid source-Google\"> <div class=\"ti-fade-container\"> <div class=\"ti-rating-text\"> <strong class=\"ti-rating ti-rating-large\"> EXCELENTE <\/strong> <\/div> <span class=\"ti-stars star-lg\"><trustindex-image class=\"ti-star\" data-imgurl=\"https:\/\/cdn.trustindex.io\/assets\/platform\/Google\/star\/f.svg\" alt=\"Google\" width=\"17\" height=\"17\" loading=\"lazy\"><\/trustindex-image><trustindex-image class=\"ti-star\" data-imgurl=\"https:\/\/cdn.trustindex.io\/assets\/platform\/Google\/star\/f.svg\" alt=\"Google\" width=\"17\" height=\"17\" loading=\"lazy\"><\/trustindex-image><trustindex-image class=\"ti-star\" data-imgurl=\"https:\/\/cdn.trustindex.io\/assets\/platform\/Google\/star\/f.svg\" alt=\"Google\" width=\"17\" height=\"17\" loading=\"lazy\"><\/trustindex-image><trustindex-image class=\"ti-star\" data-imgurl=\"https:\/\/cdn.trustindex.io\/assets\/platform\/Google\/star\/f.svg\" alt=\"Google\" width=\"17\" height=\"17\" loading=\"lazy\"><\/trustindex-image><trustindex-image class=\"ti-star\" data-imgurl=\"https:\/\/cdn.trustindex.io\/assets\/platform\/Google\/star\/f.svg\" alt=\"Google\" width=\"17\" height=\"17\" loading=\"lazy\"><\/trustindex-image><\/span> <div class=\"ti-rating-text\"> <span class=\"nowrap\">A base de <strong>3 rese\u00f1as<\/strong><\/span> <\/div> <div class=\"ti-large-logo\"> <div class=\"ti-v-center\"> <trustindex-image class=\"ti-logo-fb\" data-imgurl=\"https:\/\/cdn.trustindex.io\/assets\/platform\/Google\/logo.svg\" width=\"150\" height=\"25\" loading=\"lazy\" alt=\"Google\"><\/trustindex-image> <\/div> <\/div> <\/div> <\/div> <div class=\"ti-reviews-container\"> <div class=\"ti-controls\"> <div class=\"ti-next\" aria-label=\"Siguiente rese\u00f1a\" role=\"button\" tabindex=\"0\"><\/div> <div class=\"ti-prev\" aria-label=\"Rese\u00f1a anterior\" role=\"button\" tabindex=\"0\"><\/div> <\/div> <div class=\"ti-reviews-container-wrapper\">  <div data-empty=\"0\" class=\"ti-review-item source-Google ti-image-layout-thumbnail\" data-id=\"cfcd208495d565ef66e7dff9f98764da\"> <div class=\"ti-inner\"> <div class=\"ti-review-header\"> <div class=\"ti-platform-icon ti-with-tooltip\"> <span class=\"ti-tooltip\">Publicado en <\/span> <trustindex-image data-imgurl=\"https:\/\/cdn.trustindex.io\/assets\/platform\/Google\/icon.svg\" alt=\"\" width=\"20\" height=\"20\" loading=\"lazy\"><\/trustindex-image> <\/div> <div class=\"ti-profile-img\"> <trustindex-image data-imgurl=\"https:\/\/lh3.googleusercontent.com\/a-\/ALV-UjVXOZ5HgBwPvycMT3-Dt1QB_If9FpdPuoZYvr6PTI4nNEJip4i8tA=w40-h40-c-rp-mo-ba2-br100\" alt=\"agusti roberto valverde profile picture\" loading=\"lazy\"><\/trustindex-image> <\/div> <div class=\"ti-profile-details\"> <div class=\"ti-name\"> agusti roberto valverde <\/div> <div class=\"ti-date\">29\/01\/2025<\/div> <\/div> <\/div> <span class=\"ti-stars\"><trustindex-image class=\"ti-star\" data-imgurl=\"https:\/\/cdn.trustindex.io\/assets\/platform\/Google\/star\/f.svg\" alt=\"Google\" width=\"17\" height=\"17\" loading=\"lazy\"><\/trustindex-image><trustindex-image class=\"ti-star\" data-imgurl=\"https:\/\/cdn.trustindex.io\/assets\/platform\/Google\/star\/f.svg\" alt=\"Google\" width=\"17\" height=\"17\" loading=\"lazy\"><\/trustindex-image><trustindex-image class=\"ti-star\" data-imgurl=\"https:\/\/cdn.trustindex.io\/assets\/platform\/Google\/star\/f.svg\" alt=\"Google\" width=\"17\" height=\"17\" loading=\"lazy\"><\/trustindex-image><trustindex-image class=\"ti-star\" data-imgurl=\"https:\/\/cdn.trustindex.io\/assets\/platform\/Google\/star\/f.svg\" alt=\"Google\" width=\"17\" height=\"17\" loading=\"lazy\"><\/trustindex-image><trustindex-image class=\"ti-star\" data-imgurl=\"https:\/\/cdn.trustindex.io\/assets\/platform\/Google\/star\/f.svg\" alt=\"Google\" width=\"17\" height=\"17\" loading=\"lazy\"><\/trustindex-image><span class=\"ti-verified-review ti-verified-platform\"><span class=\"ti-verified-tooltip\">Trustindex verifica que la fuente original de la rese\u00f1a sea Google.<\/span><\/span><\/span> <div class=\"ti-review-text-container ti-review-content\"><!-- R-CONTENT -->trato sublime, explicaciones claras, todo magnifico para un resultado excepcional, la construcci\u00f3n ha sido r\u00e1pida con un resultado incre\u00edble. si buscas una casa sostenible a un buen  precio, no hay nadie mejor.<!-- R-CONTENT --><\/div> <span class=\"ti-read-more\" data-container=\".ti-review-content\" data-collapse-text=\"Ocultar\" data-open-text=\"Leer m\u00e1s\"><\/span> <\/div> <\/div>  <div data-empty=\"0\" class=\"ti-review-item source-Google ti-image-layout-thumbnail\" data-id=\"cfcd208495d565ef66e7dff9f98764da\"> <div class=\"ti-inner\"> <div class=\"ti-review-header\"> <div class=\"ti-platform-icon ti-with-tooltip\"> <span class=\"ti-tooltip\">Publicado en <\/span> <trustindex-image data-imgurl=\"https:\/\/cdn.trustindex.io\/assets\/platform\/Google\/icon.svg\" alt=\"\" width=\"20\" height=\"20\" loading=\"lazy\"><\/trustindex-image> <\/div> <div class=\"ti-profile-img\"> <trustindex-image data-imgurl=\"https:\/\/lh3.googleusercontent.com\/a\/ACg8ocLSQKIzwvBbajzJyEwdY90jYNKamMUc3lyr8UkvEOz6MGYfAw=w40-h40-c-rp-mo-br100\" alt=\"Marc Diestre Perez profile picture\" loading=\"lazy\"><\/trustindex-image> <\/div> <div class=\"ti-profile-details\"> <div class=\"ti-name\"> Marc Diestre Perez <\/div> <div class=\"ti-date\">20\/11\/2024<\/div> <\/div> <\/div> <span class=\"ti-stars\"><trustindex-image class=\"ti-star\" data-imgurl=\"https:\/\/cdn.trustindex.io\/assets\/platform\/Google\/star\/f.svg\" alt=\"Google\" width=\"17\" height=\"17\" loading=\"lazy\"><\/trustindex-image><trustindex-image class=\"ti-star\" data-imgurl=\"https:\/\/cdn.trustindex.io\/assets\/platform\/Google\/star\/f.svg\" alt=\"Google\" width=\"17\" height=\"17\" loading=\"lazy\"><\/trustindex-image><trustindex-image class=\"ti-star\" data-imgurl=\"https:\/\/cdn.trustindex.io\/assets\/platform\/Google\/star\/f.svg\" alt=\"Google\" width=\"17\" height=\"17\" loading=\"lazy\"><\/trustindex-image><trustindex-image class=\"ti-star\" data-imgurl=\"https:\/\/cdn.trustindex.io\/assets\/platform\/Google\/star\/f.svg\" alt=\"Google\" width=\"17\" height=\"17\" loading=\"lazy\"><\/trustindex-image><trustindex-image class=\"ti-star\" data-imgurl=\"https:\/\/cdn.trustindex.io\/assets\/platform\/Google\/star\/f.svg\" alt=\"Google\" width=\"17\" height=\"17\" loading=\"lazy\"><\/trustindex-image><span class=\"ti-verified-review ti-verified-platform\"><span class=\"ti-verified-tooltip\">Trustindex verifica que la fuente original de la rese\u00f1a sea Google.<\/span><\/span><\/span> <div class=\"ti-review-text-container ti-review-content\"><!-- R-CONTENT -->Gracias a los consejos y el buen hacer de Marius mi proyecto de casa vacacional ha ido sorteando todos los problemas que han surgido. Me ha ayudado en todo lo que ha podido. Un profesional como pocos. Mil gracias Marius<!-- R-CONTENT --><\/div> <span class=\"ti-read-more\" data-container=\".ti-review-content\" data-collapse-text=\"Ocultar\" data-open-text=\"Leer m\u00e1s\"><\/span> <\/div> <\/div>  <div data-empty=\"0\" class=\"ti-review-item source-Google ti-image-layout-thumbnail\" data-id=\"cfcd208495d565ef66e7dff9f98764da\"> <div class=\"ti-inner\"> <div class=\"ti-review-header\"> <div class=\"ti-platform-icon ti-with-tooltip\"> <span class=\"ti-tooltip\">Publicado en <\/span> <trustindex-image data-imgurl=\"https:\/\/cdn.trustindex.io\/assets\/platform\/Google\/icon.svg\" alt=\"\" width=\"20\" height=\"20\" loading=\"lazy\"><\/trustindex-image> <\/div> <div class=\"ti-profile-img\"> <trustindex-image data-imgurl=\"https:\/\/lh3.googleusercontent.com\/a-\/ALV-UjUAidMyiW-nu3rxzuAvYf4_UPSKYSVAd07aLVL0ynSKAhYnGuTA=w40-h40-c-rp-mo-br100\" alt=\"Alexandra Pa\u00f1os Alcal\u00e1 profile picture\" loading=\"lazy\"><\/trustindex-image> <\/div> <div class=\"ti-profile-details\"> <div class=\"ti-name\"> Alexandra Pa\u00f1os Alcal\u00e1 <\/div> <div class=\"ti-date\">12\/08\/2024<\/div> <\/div> <\/div> <span class=\"ti-stars\"><trustindex-image class=\"ti-star\" data-imgurl=\"https:\/\/cdn.trustindex.io\/assets\/platform\/Google\/star\/f.svg\" alt=\"Google\" width=\"17\" height=\"17\" loading=\"lazy\"><\/trustindex-image><trustindex-image class=\"ti-star\" data-imgurl=\"https:\/\/cdn.trustindex.io\/assets\/platform\/Google\/star\/f.svg\" alt=\"Google\" width=\"17\" height=\"17\" loading=\"lazy\"><\/trustindex-image><trustindex-image class=\"ti-star\" data-imgurl=\"https:\/\/cdn.trustindex.io\/assets\/platform\/Google\/star\/f.svg\" alt=\"Google\" width=\"17\" height=\"17\" loading=\"lazy\"><\/trustindex-image><trustindex-image class=\"ti-star\" data-imgurl=\"https:\/\/cdn.trustindex.io\/assets\/platform\/Google\/star\/f.svg\" alt=\"Google\" width=\"17\" height=\"17\" loading=\"lazy\"><\/trustindex-image><trustindex-image class=\"ti-star\" data-imgurl=\"https:\/\/cdn.trustindex.io\/assets\/platform\/Google\/star\/f.svg\" alt=\"Google\" width=\"17\" height=\"17\" loading=\"lazy\"><\/trustindex-image><span class=\"ti-verified-review ti-verified-platform\"><span class=\"ti-verified-tooltip\">Trustindex verifica que la fuente original de la rese\u00f1a sea Google.<\/span><\/span><\/span> <div class=\"ti-review-text-container ti-review-content\"><!-- R-CONTENT -->Para nosotros la atenci\u00f3n al cliente de Marius  ha sido inmejorable. Responde siempre r\u00e1pido con cualquier duda o pregunta que se presenta y es muy resolutivo. Estamos encantados con nuestra casa y el resultado es el esperado. Muchas gracias por todo!<!-- R-CONTENT --><\/div> <span class=\"ti-read-more\" data-container=\".ti-review-content\" data-collapse-text=\"Ocultar\" data-open-text=\"Leer m\u00e1s\"><\/span> <\/div> <\/div>  <\/div> <div class=\"ti-controls-line\"> <div class=\"dot\"><\/div> <\/div> <\/div>   <\/div> <\/div> <\/template><\/pre><div data-src=\"https:\/\/cdn.trustindex.io\/loader.js?wp-widget\" data-template-id=\"trustindex-google-widget-html\" data-css-url=\"https:\/\/bioecohouse.es\/wp-content\/uploads\/trustindex-google-widget.css?1773940234\"><\/div>\n<\/div>\n<p><!--more--><br \/>\n<!-- {\"type\":\"layout\",\"children\":[{\"type\":\"section\",\"props\":{\"height\":\"pixels\",\"height_viewport\":465,\"image\":\"wp-content\\\/uploads\\\/2025\\\/01\\\/casa-modular-veronica55-1.webp\",\"image_position\":\"center-center\",\"image_size\":\"cover\",\"media_overlay\":\"rgba(0, 0, 0, 0.62)\",\"style\":\"default\",\"title_breakpoint\":\"xl\",\"title_position\":\"top-left\",\"title_rotation\":\"left\",\"vertical_align\":\"middle\",\"width\":\"default\"},\"children\":[{\"type\":\"row\",\"children\":[{\"type\":\"column\",\"props\":{\"image_position\":\"center-center\",\"position_sticky_breakpoint\":\"m\"},\"children\":[{\"type\":\"image\",\"props\":{\"image\":\"wp-content\\\/uploads\\\/2024\\\/09\\\/modulares-icono.webp\",\"image_svg_color\":\"emphasis\",\"image_width\":80,\"margin\":\"small\",\"text_align\":\"center\"}},{\"type\":\"headline\",\"props\":{\"content\":\"Cases modulars prefabricades de fusta\",\"margin\":\"default\",\"text_align\":\"center\",\"title_element\":\"h1\",\"title_style\":\"h2\"},\"name\":\"Cabecera\"}]}]}],\"name\":\"Portada\"},{\"type\":\"section\",\"props\":{\"image_position\":\"center-center\",\"style\":\"default\",\"title_breakpoint\":\"xl\",\"title_position\":\"top-left\",\"title_rotation\":\"left\",\"vertical_align\":\"middle\",\"width\":\"default\"},\"children\":[{\"type\":\"row\",\"children\":[{\"type\":\"column\",\"props\":{\"image_position\":\"center-center\",\"position_sticky_breakpoint\":\"m\",\"vertical_align\":\"middle\",\"width_medium\":\"1-2\"},\"children\":[{\"type\":\"image\",\"props\":{\"image\":\"wp-content\\\/uploads\\\/2024\\\/11\\\/casa-modular-francesca81-5.webp\",\"image_height\":400,\"image_svg_color\":\"emphasis\",\"image_width\":800,\"margin\":\"default\"}}]},{\"type\":\"column\",\"props\":{\"image_position\":\"center-center\",\"position_sticky_breakpoint\":\"m\",\"vertical_align\":\"middle\",\"width_medium\":\"1-2\"},\"children\":[{\"type\":\"headline\",\"props\":{\"content\":\"<strong><span class=\\\"text-brown\\\">Innovaci\\u00f3, efici\\u00e8ncia i sostenibilitat <span class=\\\"text-green\\\"><br \\\/>s'uneixen per construir el futur de la vivenda.<\\\/span><\\\/span><\\\/strong>\",\"text_align\":\"center\",\"title_element\":\"h2\",\"title_style\":\"h2\"}},{\"type\":\"text\",\"props\":{\"block_align\":\"center\",\"column_breakpoint\":\"m\",\"content\":\"\n\n<p><span class=\\\"text-brown\\\">Les cases prefabricades de fusta han revolucionat la construcci\\u00f3, oferint una alternativa r\\u00e0pida, eficient i sostenible. Fabricades en m\\u00f2duls i assemblades en destinaci\\u00f3, reduir temps i costos.<\\\/span><\\\/p>\\n\n\n<p><span class=\\\"text-brown\\\">Si busques una vivenda innovadora, ecol\\u00f2gica i confortable, Bioeco House \\u00e9s l'opci\\u00f3 ideal. Inverteix en el teu benestar i la cura del planeta!<\\\/span><\\\/p>\\n\n\n<p><span class=\\\"text-brown\\\"><strong>Viu de manera ecol\\u00f2gica, eficient i moderna amb Bioeco house!<\\\/strong><\\\/span><\\\/p>\",\"margin\":\"default\",\"maxwidth\":\"2xlarge\",\"text_align\":\"center\"}}]}],\"props\":{\"layout\":\"1-2,1-2\"}}],\"name\":\"Text 1\"},{\"type\":\"section\",\"props\":{\"image_position\":\"center-center\",\"padding_remove_bottom\":true,\"style\":\"secondary\",\"title_breakpoint\":\"xl\",\"title_position\":\"top-left\",\"title_rotation\":\"left\",\"vertical_align\":\"middle\",\"width\":\"default\"},\"children\":[{\"type\":\"row\",\"children\":[{\"type\":\"column\",\"props\":{\"image_position\":\"center-center\",\"position_sticky_breakpoint\":\"m\"},\"children\":[{\"type\":\"image\",\"props\":{\"image\":\"wp-content\\\/uploads\\\/2025\\\/01\\\/casa-modular-alexandra90-1.webp\",\"image_height\":400,\"image_svg_color\":\"emphasis\",\"image_width\":800,\"margin\":\"default\",\"text_align\":\"center\",\"visibility\":\"hidden-l\"}}]}]}],\"name\":\"Foto text 2 m\\u00f2bil\"},{\"type\":\"section\",\"props\":{\"image_position\":\"center-center\",\"padding_remove_top\":false,\"style\":\"secondary\",\"title_breakpoint\":\"xl\",\"title_position\":\"top-left\",\"title_rotation\":\"left\",\"vertical_align\":\"middle\",\"width\":\"default\"},\"children\":[{\"type\":\"row\",\"children\":[{\"type\":\"column\",\"props\":{\"image_position\":\"center-center\",\"position_sticky_breakpoint\":\"m\",\"vertical_align\":\"middle\",\"width_medium\":\"1-2\"},\"children\":[{\"type\":\"headline\",\"props\":{\"content\":\"<strong><span class=\\\"text-brown\\\">Casa teva, el teu disseny, el teu futur. <span class=\\\"text-green\\\"><br \\\/>Construcci\\u00f3 modular sense l\\u00edmits.<\\\/span><\\\/span><\\\/strong>\",\"text_align\":\"center\",\"title_element\":\"h2\",\"title_style\":\"h2\"}},{\"type\":\"text\",\"props\":{\"block_align\":\"center\",\"column_breakpoint\":\"m\",\"content\":\"\n\n<p><span class=\\\"text-brown\\\">La fusta \\u00e9s un material renovable, ecol\\u00f2gic i amb baixa empremta de carboni, ideal per a la construcci\\u00f3 sostenible. El seu excel\\u00b7lent a\\u00efllament t\\u00e8rmic i ac\\u00fastic ajuda a mantenir una temperatura estable, reduint el consum energ\\u00e8tic i els costos en calefacci\\u00f3 i refrigeraci\\u00f3.<\\\/span><\\\/p>\\n\n\n<p><span class=\\\"text-brown\\\">A m\\u00e9s, el seu \\u00fas en habitatges modulars permet integrar energies renovables com panells solars i aerot\\u00e8rmia, optimitzant encara m\\u00e9s l'efici\\u00e8ncia i la sostenibilitat de la llar. D'aquesta manera, les cases de fusta ofereixen confort, modernitat i un menor impacte ambiental.<\\\/span><\\\/p>\",\"margin\":\"default\",\"maxwidth\":\"2xlarge\",\"text_align\":\"center\"}}]},{\"type\":\"column\",\"props\":{\"image_position\":\"center-center\",\"position_sticky_breakpoint\":\"m\",\"vertical_align\":\"middle\",\"width_medium\":\"1-2\"},\"children\":[{\"type\":\"image\",\"props\":{\"image\":\"wp-content\\\/uploads\\\/2025\\\/01\\\/casa-modular-alexandra90-1.webp\",\"image_height\":400,\"image_svg_color\":\"emphasis\",\"image_width\":800,\"margin\":\"default\",\"text_align\":\"center\",\"visibility\":\"l\"}}]}],\"props\":{\"layout\":\"1-2,1-2\"}}],\"name\":\"Text 2\"},{\"type\":\"section\",\"props\":{\"image_position\":\"center-center\",\"style\":\"primary\",\"title_breakpoint\":\"xl\",\"title_position\":\"top-left\",\"title_rotation\":\"left\",\"vertical_align\":\"middle\",\"width\":\"default\"},\"children\":[{\"type\":\"row\",\"children\":[{\"type\":\"column\",\"props\":{\"image_position\":\"center-center\",\"position_sticky_breakpoint\":\"m\",\"vertical_align\":\"middle\",\"width_medium\":\"1-2\"},\"children\":[{\"type\":\"image\",\"props\":{\"image\":\"wp-content\\\/uploads\\\/2025\\\/01\\\/casa-modular-veronica55-4.webp\",\"image_height\":400,\"image_svg_color\":\"emphasis\",\"image_width\":800,\"margin\":\"default\"}}]},{\"type\":\"column\",\"props\":{\"image_position\":\"center-center\",\"position_sticky_breakpoint\":\"m\",\"vertical_align\":\"middle\",\"width_medium\":\"1-2\"},\"children\":[{\"type\":\"headline\",\"props\":{\"content\":\"<strong><span class=\\\"text-brown\\\">R\\u00e0pides, ecol\\u00f2giques i personalitzades:<br \\\/>la llar del dem\\u00e0, avui.<\\\/span><\\\/strong>\",\"text_align\":\"center\",\"title_element\":\"h2\",\"title_style\":\"h2\"}},{\"type\":\"text\",\"props\":{\"block_align\":\"center\",\"column_breakpoint\":\"m\",\"content\":\"\n\n<p><span class=\\\"text-brown\\\">Amb una estructura lleugera i resistent, aquest tipus de vivendes ofereix una soluci\\u00f3 r\\u00e0pida i duradora per als que busquen una llar funcional i adaptable.<\\\/span><\\\/p>\\n\n\n<p><span class=\\\"text-brown\\\">Gr\\u00e0cies a la seva estructura lleugera, no es requereixen fonamentacions pesades, cosa que agilitza el proc\\u00e9s. A m\\u00e9s, la seva flexibilitat permet adaptar-se a diferents terrenys i possibilita ampliacions futures, fent d'aquests habitatges una inversi\\u00f3 intel\\u00b7ligent i pr\\u00e0ctica.<\\\/span><\\\/p>\",\"margin\":\"default\",\"maxwidth\":\"2xlarge\",\"text_align\":\"center\"}}]}],\"props\":{\"layout\":\"1-2,1-2\"}}],\"name\":\"Text 3\"},{\"type\":\"section\",\"props\":{\"image_position\":\"center-center\",\"padding\":\"small\",\"padding_remove_bottom\":false,\"padding_remove_top\":false,\"style\":\"default\",\"title_breakpoint\":\"xl\",\"title_position\":\"top-left\",\"title_rotation\":\"left\",\"vertical_align\":\"middle\",\"width\":\"default\"},\"children\":[{\"type\":\"row\",\"children\":[{\"type\":\"column\",\"props\":{\"image_position\":\"center-center\",\"position_sticky_breakpoint\":\"m\"},\"children\":[{\"name\":\"Button Style Primary\",\"type\":\"button\",\"children\":[{\"type\":\"button_item\",\"props\":{\"button_style\":\"default\",\"content\":\"Veure cases modulars\",\"dialog_layout\":\"modal\",\"dialog_offcanvas_flip\":true,\"icon\":\"home\",\"icon_align\":\"left\",\"link\":\"ca\\\/cases-bioeco-modulars\\\/\",\"link_title\":\"Veure cases modulars\"}}],\"props\":{\"fullwidth\":false,\"grid_column_gap\":\"small\",\"grid_row_gap\":\"small\",\"margin\":\"default\",\"margin_remove_top\":false,\"text_align\":\"center\"}}]}]}],\"name\":\"Bot\\u00f3 cases modulars\"},{\"type\":\"section\",\"props\":{\"image_position\":\"center-center\",\"style\":\"secondary\",\"title_breakpoint\":\"xl\",\"title_position\":\"top-left\",\"title_rotation\":\"left\",\"vertical_align\":\"middle\",\"width\":\"default\"},\"children\":[{\"type\":\"row\",\"children\":[{\"type\":\"column\",\"props\":{\"image_position\":\"center-center\",\"position_sticky_breakpoint\":\"m\"},\"children\":[{\"type\":\"text\",\"props\":{\"block_align\":\"center\",\"column_breakpoint\":\"m\",\"content\":\"\n\n<p><strong><span class=\\\"text-green\\\">Ressenyes<\\\/span> <span class=\\\"text-brown\\\">dels qui ja tenen la seva casa <span class=\\\"text-green\\\">bioeco<\\\/span><\\\/span><\\\/strong><\\\/p>\",\"margin\":\"default\",\"maxwidth\":\"2xlarge\",\"text_align\":\"center\",\"text_style\":\"large\"}},{\"type\":\"text\",\"props\":{\"block_align\":\"center\",\"column_breakpoint\":\"m\",\"content\":\"\n\n<p style=\\\"color: #000000;\\\">Ressenyes de clients que ja experimenten els beneficis d\\u2019una vida ecol\\u00f2gica amb una casa bioeco prefabricada.<\\\/p>\",\"margin\":\"default\",\"maxwidth\":\"2xlarge\",\"text_align\":\"center\",\"text_style\":\"lead\"}},{\"type\":\"text\",\"props\":{\"column_breakpoint\":\"m\",\"content\":\"\n\n<p>[trustindex no-registration=google]<\\\/p>\",\"margin\":\"default\"}}]}]}],\"name\":\"Rese\\u00f1as Google\"}],\"version\":\"4.5.4\"} --><\/p>\n","protected":false},"excerpt":{"rendered":"<p>Cases modulars prefabricades de fusta Innovaci\u00f3, efici\u00e8ncia i sostenibilitat s&#8217;uneixen per construir el futur de la vivenda. Les cases prefabricades de fusta han revolucionat la construcci\u00f3, oferint una alternativa r\u00e0pida, eficient i sostenible. Fabricades en m\u00f2duls i assemblades en destinaci\u00f3, reduir temps i costos. Si busques una vivenda innovadora, ecol\u00f2gica i confortable, Bioeco House \u00e9s [&hellip;]<\/p>\n","protected":false},"author":1,"featured_media":0,"parent":0,"menu_order":0,"comment_status":"closed","ping_status":"closed","template":"","meta":{"footnotes":""},"class_list":["post-8411","page","type-page","status-publish","hentry"],"_links":{"self":[{"href":"https:\/\/bioecohouse.es\/ca\/wp-json\/wp\/v2\/pages\/8411","targetHints":{"allow":["GET"]}}],"collection":[{"href":"https:\/\/bioecohouse.es\/ca\/wp-json\/wp\/v2\/pages"}],"about":[{"href":"https:\/\/bioecohouse.es\/ca\/wp-json\/wp\/v2\/types\/page"}],"author":[{"embeddable":true,"href":"https:\/\/bioecohouse.es\/ca\/wp-json\/wp\/v2\/users\/1"}],"replies":[{"embeddable":true,"href":"https:\/\/bioecohouse.es\/ca\/wp-json\/wp\/v2\/comments?post=8411"}],"version-history":[{"count":0,"href":"https:\/\/bioecohouse.es\/ca\/wp-json\/wp\/v2\/pages\/8411\/revisions"}],"wp:attachment":[{"href":"https:\/\/bioecohouse.es\/ca\/wp-json\/wp\/v2\/media?parent=8411"}],"curies":[{"name":"wp","href":"https:\/\/api.w.org\/{rel}","templated":true}]}}