{"id":8434,"date":"2025-02-06T20:09:57","date_gmt":"2025-02-06T19:09:57","guid":{"rendered":"https:\/?page_id=8434"},"modified":"2025-02-06T20:28:11","modified_gmt":"2025-02-06T19:28:11","slug":"prefabricated-wooden-modular-homes","status":"publish","type":"page","link":"https:\/\/bioecohouse.es\/en\/prefabricated-wooden-modular-homes\/","title":{"rendered":"Prefabricated wooden modular homes"},"content":{"rendered":"<p><img decoding=\"async\" src=\"\/wp-content\/uploads\/2024\/09\/modulares-icono.webp\" alt=\"\"><\/p>\n<h1>Prefabricated wooden modular homes<\/h1>\n<p><img decoding=\"async\" src=\"\/wp-content\/uploads\/2024\/11\/casa-modular-francesca81-5.webp\" alt=\"\"><\/p>\n<h2><strong><span class=\"text-brown\">Innovation, efficiency and sustainability <span class=\"text-green\"><br \/>they come together to build the future of housing.<\/span><\/span><\/strong><\/h2>\n<div>\n<p><span class=\"text-brown\">Prefab wooden houses have revolutionized construction, offering a fast, efficient and sustainable alternative. Manufactured in modules and assembled on site, they reduce time and costs.<\/span><\/p>\n<p><span class=\"text-brown\">If you are looking for an innovative, ecological and comfortable home, Bioeco House is the ideal option. Invest in your well-being and in caring for the planet!<\/span><\/p>\n<p><span class=\"text-brown\"><strong>Live in an ecological, efficient and modern way with Bioeco house!<\/strong><\/span><\/p>\n<\/div>\n<p><img decoding=\"async\" src=\"\/wp-content\/uploads\/2025\/01\/casa-modular-alexandra90-1.webp\" alt=\"\"><\/p>\n<h2><strong><span class=\"text-brown\">Your house, your design, your future. <span class=\"text-green\"><br \/>Unlimited modular construction.<\/span><\/span><\/strong><\/h2>\n<div>\n<p><span class=\"text-brown\">Wood is a renewable, ecological and low-carbon material, ideal for sustainable construction. Its excellent thermal and acoustic insulation helps maintain a stable temperature, reducing energy consumption and heating and cooling costs.<\/span><\/p>\n<p><span class=\"text-brown\">In addition, its use in modular homes allows the integration of renewable energies such as solar panels and aerothermia, further optimizing the efficiency and sustainability of the home. In this way, wooden houses offer comfort, modernity and a lower environmental impact.<\/span><\/p>\n<\/div>\n<p><img decoding=\"async\" src=\"\/wp-content\/uploads\/2025\/01\/casa-modular-alexandra90-1.webp\" alt=\"\"><br \/>\n<img decoding=\"async\" src=\"\/wp-content\/uploads\/2025\/01\/casa-modular-veronica55-4.webp\" alt=\"\"><\/p>\n<h2><strong><span class=\"text-brown\">Fast, ecological and personalized: the home of tomorrow, today.<\/span><\/strong><\/h2>\n<div>\n<p><span class=\"text-brown\">With a light and resistant structure, this type of housing offers a quick and durable solution for those looking for a functional and adaptable home.<\/span><\/p>\n<p><span class=\"text-brown\">Thanks to its light structure, heavy foundations are not required, which speeds up the process. In addition, its flexibility allows it to adapt to different terrains and allows for future extensions, making these homes a smart and practical investment.<\/span><\/p>\n<\/div>\n<p><p>\n        <a href=\"\/en\/modular-bioeco-houses\/\">See modular homes<\/a>\n    <\/p>\n<\/p>\n<div>\n<p><strong><span class=\"text-green\">Reviews<\/span> <span class=\"text-brown\">from those who already have their <span class=\"text-green\">bioeco house<\/span><\/span><\/strong><\/p>\n<\/div>\n<div>\n<p style=\"color: #000000;\">Reviews from customers who already experience the benefits of eco-friendly living with a prefabricated bioeco house.<\/p>\n<\/div>\n<div>\n<pre class=\"ti-widget\"><template id=\"trustindex-google-widget-html\"><div class=\" ti-widget  ti-goog ti-review-text-mode-readmore ti-text-align-center\" data-no-translation=\"true\" data-plugin-version=\"13.2.8\" data-layout-id=\"34\" data-layout-category=\"slider\" data-set-id=\"light-background\" data-pid=\"\" data-language=\"es\" data-close-locale=\"Cerca\" data-review-target-width=\"300\" data-css-version=\"2\" data-reply-by-locale=\"Respuesta del propietario\" data-only-rating-locale=\"Esta usuario solo dej\u00f3 una calificaci\u00f3n.\" data-pager-autoplay-timeout=\"6\"> <div class=\"ti-widget-container ti-col-3\"> <div class=\"ti-header ti-header-grid source-Google\"> <div class=\"ti-fade-container\"> <div class=\"ti-rating-text\"> <strong class=\"ti-rating ti-rating-large\"> EXCELENTE <\/strong> <\/div> <span class=\"ti-stars star-lg\"><trustindex-image class=\"ti-star\" data-imgurl=\"https:\/\/cdn.trustindex.io\/assets\/platform\/Google\/star\/f.svg\" alt=\"Google\" width=\"17\" height=\"17\" loading=\"lazy\"><\/trustindex-image><trustindex-image class=\"ti-star\" data-imgurl=\"https:\/\/cdn.trustindex.io\/assets\/platform\/Google\/star\/f.svg\" alt=\"Google\" width=\"17\" height=\"17\" loading=\"lazy\"><\/trustindex-image><trustindex-image class=\"ti-star\" data-imgurl=\"https:\/\/cdn.trustindex.io\/assets\/platform\/Google\/star\/f.svg\" alt=\"Google\" width=\"17\" height=\"17\" loading=\"lazy\"><\/trustindex-image><trustindex-image class=\"ti-star\" data-imgurl=\"https:\/\/cdn.trustindex.io\/assets\/platform\/Google\/star\/f.svg\" alt=\"Google\" width=\"17\" height=\"17\" loading=\"lazy\"><\/trustindex-image><trustindex-image class=\"ti-star\" data-imgurl=\"https:\/\/cdn.trustindex.io\/assets\/platform\/Google\/star\/f.svg\" alt=\"Google\" width=\"17\" height=\"17\" loading=\"lazy\"><\/trustindex-image><\/span> <div class=\"ti-rating-text\"> <span class=\"nowrap\">A base de <strong>3 rese\u00f1as<\/strong><\/span> <\/div> <div class=\"ti-large-logo\"> <div class=\"ti-v-center\"> <trustindex-image class=\"ti-logo-fb\" data-imgurl=\"https:\/\/cdn.trustindex.io\/assets\/platform\/Google\/logo.svg\" width=\"150\" height=\"25\" loading=\"lazy\" alt=\"Google\"><\/trustindex-image> <\/div> <\/div> <\/div> <\/div> <div class=\"ti-reviews-container\"> <div class=\"ti-controls\"> <div class=\"ti-next\" aria-label=\"Siguiente rese\u00f1a\" role=\"button\" tabindex=\"0\"><\/div> <div class=\"ti-prev\" aria-label=\"Rese\u00f1a anterior\" role=\"button\" tabindex=\"0\"><\/div> <\/div> <div class=\"ti-reviews-container-wrapper\">  <div data-empty=\"0\" class=\"ti-review-item source-Google ti-image-layout-thumbnail\" data-id=\"cfcd208495d565ef66e7dff9f98764da\"> <div class=\"ti-inner\"> <div class=\"ti-review-header\"> <div class=\"ti-platform-icon ti-with-tooltip\"> <span class=\"ti-tooltip\">Publicado en <\/span> <trustindex-image data-imgurl=\"https:\/\/cdn.trustindex.io\/assets\/platform\/Google\/icon.svg\" alt=\"\" width=\"20\" height=\"20\" loading=\"lazy\"><\/trustindex-image> <\/div> <div class=\"ti-profile-img\"> <trustindex-image data-imgurl=\"https:\/\/lh3.googleusercontent.com\/a-\/ALV-UjVXOZ5HgBwPvycMT3-Dt1QB_If9FpdPuoZYvr6PTI4nNEJip4i8tA=w40-h40-c-rp-mo-ba2-br100\" alt=\"agusti roberto valverde profile picture\" loading=\"lazy\"><\/trustindex-image> <\/div> <div class=\"ti-profile-details\"> <div class=\"ti-name\"> agusti roberto valverde <\/div> <div class=\"ti-date\">29\/01\/2025<\/div> <\/div> <\/div> <span class=\"ti-stars\"><trustindex-image class=\"ti-star\" data-imgurl=\"https:\/\/cdn.trustindex.io\/assets\/platform\/Google\/star\/f.svg\" alt=\"Google\" width=\"17\" height=\"17\" loading=\"lazy\"><\/trustindex-image><trustindex-image class=\"ti-star\" data-imgurl=\"https:\/\/cdn.trustindex.io\/assets\/platform\/Google\/star\/f.svg\" alt=\"Google\" width=\"17\" height=\"17\" loading=\"lazy\"><\/trustindex-image><trustindex-image class=\"ti-star\" data-imgurl=\"https:\/\/cdn.trustindex.io\/assets\/platform\/Google\/star\/f.svg\" alt=\"Google\" width=\"17\" height=\"17\" loading=\"lazy\"><\/trustindex-image><trustindex-image class=\"ti-star\" data-imgurl=\"https:\/\/cdn.trustindex.io\/assets\/platform\/Google\/star\/f.svg\" alt=\"Google\" width=\"17\" height=\"17\" loading=\"lazy\"><\/trustindex-image><trustindex-image class=\"ti-star\" data-imgurl=\"https:\/\/cdn.trustindex.io\/assets\/platform\/Google\/star\/f.svg\" alt=\"Google\" width=\"17\" height=\"17\" loading=\"lazy\"><\/trustindex-image><span class=\"ti-verified-review ti-verified-platform\"><span class=\"ti-verified-tooltip\">Trustindex verifica que la fuente original de la rese\u00f1a sea Google.<\/span><\/span><\/span> <div class=\"ti-review-text-container ti-review-content\"><!-- R-CONTENT -->trato sublime, explicaciones claras, todo magnifico para un resultado excepcional, la construcci\u00f3n ha sido r\u00e1pida con un resultado incre\u00edble. si buscas una casa sostenible a un buen  precio, no hay nadie mejor.<!-- R-CONTENT --><\/div> <span class=\"ti-read-more\" data-container=\".ti-review-content\" data-collapse-text=\"Ocultar\" data-open-text=\"Leer m\u00e1s\"><\/span> <\/div> <\/div>  <div data-empty=\"0\" class=\"ti-review-item source-Google ti-image-layout-thumbnail\" data-id=\"cfcd208495d565ef66e7dff9f98764da\"> <div class=\"ti-inner\"> <div class=\"ti-review-header\"> <div class=\"ti-platform-icon ti-with-tooltip\"> <span class=\"ti-tooltip\">Publicado en <\/span> <trustindex-image data-imgurl=\"https:\/\/cdn.trustindex.io\/assets\/platform\/Google\/icon.svg\" alt=\"\" width=\"20\" height=\"20\" loading=\"lazy\"><\/trustindex-image> <\/div> <div class=\"ti-profile-img\"> <trustindex-image data-imgurl=\"https:\/\/lh3.googleusercontent.com\/a\/ACg8ocLSQKIzwvBbajzJyEwdY90jYNKamMUc3lyr8UkvEOz6MGYfAw=w40-h40-c-rp-mo-br100\" alt=\"Marc Diestre Perez profile picture\" loading=\"lazy\"><\/trustindex-image> <\/div> <div class=\"ti-profile-details\"> <div class=\"ti-name\"> Marc Diestre Perez <\/div> <div class=\"ti-date\">20\/11\/2024<\/div> <\/div> <\/div> <span class=\"ti-stars\"><trustindex-image class=\"ti-star\" data-imgurl=\"https:\/\/cdn.trustindex.io\/assets\/platform\/Google\/star\/f.svg\" alt=\"Google\" width=\"17\" height=\"17\" loading=\"lazy\"><\/trustindex-image><trustindex-image class=\"ti-star\" data-imgurl=\"https:\/\/cdn.trustindex.io\/assets\/platform\/Google\/star\/f.svg\" alt=\"Google\" width=\"17\" height=\"17\" loading=\"lazy\"><\/trustindex-image><trustindex-image class=\"ti-star\" data-imgurl=\"https:\/\/cdn.trustindex.io\/assets\/platform\/Google\/star\/f.svg\" alt=\"Google\" width=\"17\" height=\"17\" loading=\"lazy\"><\/trustindex-image><trustindex-image class=\"ti-star\" data-imgurl=\"https:\/\/cdn.trustindex.io\/assets\/platform\/Google\/star\/f.svg\" alt=\"Google\" width=\"17\" height=\"17\" loading=\"lazy\"><\/trustindex-image><trustindex-image class=\"ti-star\" data-imgurl=\"https:\/\/cdn.trustindex.io\/assets\/platform\/Google\/star\/f.svg\" alt=\"Google\" width=\"17\" height=\"17\" loading=\"lazy\"><\/trustindex-image><span class=\"ti-verified-review ti-verified-platform\"><span class=\"ti-verified-tooltip\">Trustindex verifica que la fuente original de la rese\u00f1a sea Google.<\/span><\/span><\/span> <div class=\"ti-review-text-container ti-review-content\"><!-- R-CONTENT -->Gracias a los consejos y el buen hacer de Marius mi proyecto de casa vacacional ha ido sorteando todos los problemas que han surgido. Me ha ayudado en todo lo que ha podido. Un profesional como pocos. Mil gracias Marius<!-- R-CONTENT --><\/div> <span class=\"ti-read-more\" data-container=\".ti-review-content\" data-collapse-text=\"Ocultar\" data-open-text=\"Leer m\u00e1s\"><\/span> <\/div> <\/div>  <div data-empty=\"0\" class=\"ti-review-item source-Google ti-image-layout-thumbnail\" data-id=\"cfcd208495d565ef66e7dff9f98764da\"> <div class=\"ti-inner\"> <div class=\"ti-review-header\"> <div class=\"ti-platform-icon ti-with-tooltip\"> <span class=\"ti-tooltip\">Publicado en <\/span> <trustindex-image data-imgurl=\"https:\/\/cdn.trustindex.io\/assets\/platform\/Google\/icon.svg\" alt=\"\" width=\"20\" height=\"20\" loading=\"lazy\"><\/trustindex-image> <\/div> <div class=\"ti-profile-img\"> <trustindex-image data-imgurl=\"https:\/\/lh3.googleusercontent.com\/a-\/ALV-UjUAidMyiW-nu3rxzuAvYf4_UPSKYSVAd07aLVL0ynSKAhYnGuTA=w40-h40-c-rp-mo-br100\" alt=\"Alexandra Pa\u00f1os Alcal\u00e1 profile picture\" loading=\"lazy\"><\/trustindex-image> <\/div> <div class=\"ti-profile-details\"> <div class=\"ti-name\"> Alexandra Pa\u00f1os Alcal\u00e1 <\/div> <div class=\"ti-date\">12\/08\/2024<\/div> <\/div> <\/div> <span class=\"ti-stars\"><trustindex-image class=\"ti-star\" data-imgurl=\"https:\/\/cdn.trustindex.io\/assets\/platform\/Google\/star\/f.svg\" alt=\"Google\" width=\"17\" height=\"17\" loading=\"lazy\"><\/trustindex-image><trustindex-image class=\"ti-star\" data-imgurl=\"https:\/\/cdn.trustindex.io\/assets\/platform\/Google\/star\/f.svg\" alt=\"Google\" width=\"17\" height=\"17\" loading=\"lazy\"><\/trustindex-image><trustindex-image class=\"ti-star\" data-imgurl=\"https:\/\/cdn.trustindex.io\/assets\/platform\/Google\/star\/f.svg\" alt=\"Google\" width=\"17\" height=\"17\" loading=\"lazy\"><\/trustindex-image><trustindex-image class=\"ti-star\" data-imgurl=\"https:\/\/cdn.trustindex.io\/assets\/platform\/Google\/star\/f.svg\" alt=\"Google\" width=\"17\" height=\"17\" loading=\"lazy\"><\/trustindex-image><trustindex-image class=\"ti-star\" data-imgurl=\"https:\/\/cdn.trustindex.io\/assets\/platform\/Google\/star\/f.svg\" alt=\"Google\" width=\"17\" height=\"17\" loading=\"lazy\"><\/trustindex-image><span class=\"ti-verified-review ti-verified-platform\"><span class=\"ti-verified-tooltip\">Trustindex verifica que la fuente original de la rese\u00f1a sea Google.<\/span><\/span><\/span> <div class=\"ti-review-text-container ti-review-content\"><!-- R-CONTENT -->Para nosotros la atenci\u00f3n al cliente de Marius  ha sido inmejorable. Responde siempre r\u00e1pido con cualquier duda o pregunta que se presenta y es muy resolutivo. Estamos encantados con nuestra casa y el resultado es el esperado. Muchas gracias por todo!<!-- R-CONTENT --><\/div> <span class=\"ti-read-more\" data-container=\".ti-review-content\" data-collapse-text=\"Ocultar\" data-open-text=\"Leer m\u00e1s\"><\/span> <\/div> <\/div>  <\/div> <div class=\"ti-controls-line\"> <div class=\"dot\"><\/div> <\/div> <\/div>   <\/div> <\/div> <\/template><\/pre><div data-src=\"https:\/\/cdn.trustindex.io\/loader.js?wp-widget\" data-template-id=\"trustindex-google-widget-html\" data-css-url=\"https:\/\/bioecohouse.es\/wp-content\/uploads\/trustindex-google-widget.css?1773940234\"><\/div>\n<\/div>\n<p><!--more--><br \/>\n<!-- {\"type\":\"layout\",\"children\":[{\"type\":\"section\",\"props\":{\"height\":\"pixels\",\"height_viewport\":465,\"image\":\"wp-content\\\/uploads\\\/2025\\\/01\\\/casa-modular-veronica55-1.webp\",\"image_position\":\"center-center\",\"image_size\":\"cover\",\"media_overlay\":\"rgba(0, 0, 0, 0.62)\",\"style\":\"default\",\"title_breakpoint\":\"xl\",\"title_position\":\"top-left\",\"title_rotation\":\"left\",\"vertical_align\":\"middle\",\"width\":\"default\"},\"children\":[{\"type\":\"row\",\"children\":[{\"type\":\"column\",\"props\":{\"image_position\":\"center-center\",\"position_sticky_breakpoint\":\"m\"},\"children\":[{\"type\":\"image\",\"props\":{\"image\":\"wp-content\\\/uploads\\\/2024\\\/09\\\/modulares-icono.webp\",\"image_svg_color\":\"emphasis\",\"image_width\":80,\"margin\":\"small\",\"text_align\":\"center\"}},{\"type\":\"headline\",\"props\":{\"content\":\"Prefabricated wooden modular homes\",\"margin\":\"default\",\"text_align\":\"center\",\"title_element\":\"h1\",\"title_style\":\"h2\"},\"name\":\"Cabecera\"}]}]}],\"name\":\"Cover\"},{\"type\":\"section\",\"props\":{\"image_position\":\"center-center\",\"style\":\"default\",\"title_breakpoint\":\"xl\",\"title_position\":\"top-left\",\"title_rotation\":\"left\",\"vertical_align\":\"middle\",\"width\":\"default\"},\"children\":[{\"type\":\"row\",\"children\":[{\"type\":\"column\",\"props\":{\"image_position\":\"center-center\",\"position_sticky_breakpoint\":\"m\",\"vertical_align\":\"middle\",\"width_medium\":\"1-2\"},\"children\":[{\"type\":\"image\",\"props\":{\"image\":\"wp-content\\\/uploads\\\/2024\\\/11\\\/casa-modular-francesca81-5.webp\",\"image_height\":400,\"image_svg_color\":\"emphasis\",\"image_width\":800,\"margin\":\"default\"}}]},{\"type\":\"column\",\"props\":{\"image_position\":\"center-center\",\"position_sticky_breakpoint\":\"m\",\"vertical_align\":\"middle\",\"width_medium\":\"1-2\"},\"children\":[{\"type\":\"headline\",\"props\":{\"content\":\"<strong><span class=\\\"text-brown\\\">Innovation, efficiency and sustainability <span class=\\\"text-green\\\"><br \\\/>they come together to build the future of housing.<\\\/span><\\\/span><\\\/strong>\",\"text_align\":\"center\",\"title_element\":\"h2\",\"title_style\":\"h2\"}},{\"type\":\"text\",\"props\":{\"block_align\":\"center\",\"column_breakpoint\":\"m\",\"content\":\"\n\n<p><span class=\\\"text-brown\\\">Prefab wooden houses have revolutionized construction, offering a fast, efficient and sustainable alternative. Manufactured in modules and assembled on site, they reduce time and costs.<\\\/span><\\\/p>\\n\n\n<p><span class=\\\"text-brown\\\">If you are looking for an innovative, ecological and comfortable home, Bioeco House is the ideal option. Invest in your well-being and in caring for the planet!<\\\/span><\\\/p>\\n\n\n<p><span class=\\\"text-brown\\\"><strong>Live in an ecological, efficient and modern way with Bioeco house!<\\\/strong><\\\/span><\\\/p>\",\"margin\":\"default\",\"maxwidth\":\"2xlarge\",\"text_align\":\"center\"}}]}],\"props\":{\"layout\":\"1-2,1-2\"}}],\"name\":\"Text 1\"},{\"type\":\"section\",\"props\":{\"image_position\":\"center-center\",\"padding_remove_bottom\":true,\"style\":\"secondary\",\"title_breakpoint\":\"xl\",\"title_position\":\"top-left\",\"title_rotation\":\"left\",\"vertical_align\":\"middle\",\"width\":\"default\"},\"children\":[{\"type\":\"row\",\"children\":[{\"type\":\"column\",\"props\":{\"image_position\":\"center-center\",\"position_sticky_breakpoint\":\"m\"},\"children\":[{\"type\":\"image\",\"props\":{\"image\":\"wp-content\\\/uploads\\\/2025\\\/01\\\/casa-modular-alexandra90-1.webp\",\"image_height\":400,\"image_svg_color\":\"emphasis\",\"image_width\":800,\"margin\":\"default\",\"text_align\":\"center\",\"visibility\":\"hidden-l\"}}]}]}],\"name\":\"Photo text 2 mobile\"},{\"type\":\"section\",\"props\":{\"image_position\":\"center-center\",\"padding_remove_top\":false,\"style\":\"secondary\",\"title_breakpoint\":\"xl\",\"title_position\":\"top-left\",\"title_rotation\":\"left\",\"vertical_align\":\"middle\",\"width\":\"default\"},\"children\":[{\"type\":\"row\",\"children\":[{\"type\":\"column\",\"props\":{\"image_position\":\"center-center\",\"position_sticky_breakpoint\":\"m\",\"vertical_align\":\"middle\",\"width_medium\":\"1-2\"},\"children\":[{\"type\":\"headline\",\"props\":{\"content\":\"<strong><span class=\\\"text-brown\\\">Your house, your design, your future. <span class=\\\"text-green\\\"><br \\\/>Unlimited modular construction.<\\\/span><\\\/span><\\\/strong>\",\"text_align\":\"center\",\"title_element\":\"h2\",\"title_style\":\"h2\"}},{\"type\":\"text\",\"props\":{\"block_align\":\"center\",\"column_breakpoint\":\"m\",\"content\":\"\n\n<p><span class=\\\"text-brown\\\">Wood is a renewable, ecological and low-carbon material, ideal for sustainable construction. Its excellent thermal and acoustic insulation helps maintain a stable temperature, reducing energy consumption and heating and cooling costs.<\\\/span><\\\/p>\\n\n\n<p><span class=\\\"text-brown\\\">In addition, its use in modular homes allows the integration of renewable energies such as solar panels and aerothermia, further optimizing the efficiency and sustainability of the home. In this way, wooden houses offer comfort, modernity and a lower environmental impact.<\\\/span><\\\/p>\",\"margin\":\"default\",\"maxwidth\":\"2xlarge\",\"text_align\":\"center\"}}]},{\"type\":\"column\",\"props\":{\"image_position\":\"center-center\",\"position_sticky_breakpoint\":\"m\",\"vertical_align\":\"middle\",\"width_medium\":\"1-2\"},\"children\":[{\"type\":\"image\",\"props\":{\"image\":\"wp-content\\\/uploads\\\/2025\\\/01\\\/casa-modular-alexandra90-1.webp\",\"image_height\":400,\"image_svg_color\":\"emphasis\",\"image_width\":800,\"margin\":\"default\",\"text_align\":\"center\",\"visibility\":\"l\"}}]}],\"props\":{\"layout\":\"1-2,1-2\"}}],\"name\":\"Text 2\"},{\"type\":\"section\",\"props\":{\"image_position\":\"center-center\",\"style\":\"primary\",\"title_breakpoint\":\"xl\",\"title_position\":\"top-left\",\"title_rotation\":\"left\",\"vertical_align\":\"middle\",\"width\":\"default\"},\"children\":[{\"type\":\"row\",\"children\":[{\"type\":\"column\",\"props\":{\"image_position\":\"center-center\",\"position_sticky_breakpoint\":\"m\",\"vertical_align\":\"middle\",\"width_medium\":\"1-2\"},\"children\":[{\"type\":\"image\",\"props\":{\"image\":\"wp-content\\\/uploads\\\/2025\\\/01\\\/casa-modular-veronica55-4.webp\",\"image_height\":400,\"image_svg_color\":\"emphasis\",\"image_width\":800,\"margin\":\"default\"}}]},{\"type\":\"column\",\"props\":{\"image_position\":\"center-center\",\"position_sticky_breakpoint\":\"m\",\"vertical_align\":\"middle\",\"width_medium\":\"1-2\"},\"children\":[{\"type\":\"headline\",\"props\":{\"content\":\"<strong><span class=\\\"text-brown\\\">Fast, ecological and personalized: the home of tomorrow, today.<\\\/span><\\\/strong>\",\"text_align\":\"center\",\"title_element\":\"h2\",\"title_style\":\"h2\"}},{\"type\":\"text\",\"props\":{\"block_align\":\"center\",\"column_breakpoint\":\"m\",\"content\":\"\n\n<p><span class=\\\"text-brown\\\">With a light and resistant structure, this type of housing offers a quick and durable solution for those looking for a functional and adaptable home.<\\\/span><\\\/p>\\n\n\n<p><span class=\\\"text-brown\\\">Thanks to its light structure, heavy foundations are not required, which speeds up the process. In addition, its flexibility allows it to adapt to different terrains and allows for future extensions, making these homes a smart and practical investment.<\\\/span><\\\/p>\",\"margin\":\"default\",\"maxwidth\":\"2xlarge\",\"text_align\":\"center\"}}]}],\"props\":{\"layout\":\"1-2,1-2\"}}],\"name\":\"Text 3\"},{\"type\":\"section\",\"props\":{\"image_position\":\"center-center\",\"padding\":\"small\",\"padding_remove_bottom\":false,\"padding_remove_top\":false,\"style\":\"default\",\"title_breakpoint\":\"xl\",\"title_position\":\"top-left\",\"title_rotation\":\"left\",\"vertical_align\":\"middle\",\"width\":\"default\"},\"children\":[{\"type\":\"row\",\"children\":[{\"type\":\"column\",\"props\":{\"image_position\":\"center-center\",\"position_sticky_breakpoint\":\"m\"},\"children\":[{\"name\":\"Button Style Primary\",\"type\":\"button\",\"children\":[{\"type\":\"button_item\",\"props\":{\"button_style\":\"default\",\"content\":\"See modular homes\",\"dialog_layout\":\"modal\",\"dialog_offcanvas_flip\":true,\"icon\":\"home\",\"icon_align\":\"left\",\"link\":\"en\\\/modular-bioeco-houses\\\/\",\"link_title\":\"See modular homes\"}}],\"props\":{\"fullwidth\":false,\"grid_column_gap\":\"small\",\"grid_row_gap\":\"small\",\"margin\":\"default\",\"margin_remove_top\":false,\"text_align\":\"center\"}}]}]}],\"name\":\"Modular houses button\"},{\"type\":\"section\",\"props\":{\"image_position\":\"center-center\",\"style\":\"secondary\",\"title_breakpoint\":\"xl\",\"title_position\":\"top-left\",\"title_rotation\":\"left\",\"vertical_align\":\"middle\",\"width\":\"default\"},\"children\":[{\"type\":\"row\",\"children\":[{\"type\":\"column\",\"props\":{\"image_position\":\"center-center\",\"position_sticky_breakpoint\":\"m\"},\"children\":[{\"type\":\"text\",\"props\":{\"block_align\":\"center\",\"column_breakpoint\":\"m\",\"content\":\"\n\n<p><strong><span class=\\\"text-green\\\">Reviews<\\\/span> <span class=\\\"text-brown\\\">from those who already have their <span class=\\\"text-green\\\">bioeco house<\\\/span><\\\/span><\\\/strong><\\\/p>\",\"margin\":\"default\",\"maxwidth\":\"2xlarge\",\"text_align\":\"center\",\"text_style\":\"large\"}},{\"type\":\"text\",\"props\":{\"block_align\":\"center\",\"column_breakpoint\":\"m\",\"content\":\"\n\n<p style=\\\"color: #000000;\\\">Reviews from customers who already experience the benefits of eco-friendly living with a prefabricated bioeco house.<\\\/p>\",\"margin\":\"default\",\"maxwidth\":\"2xlarge\",\"text_align\":\"center\",\"text_style\":\"lead\"}},{\"type\":\"text\",\"props\":{\"column_breakpoint\":\"m\",\"content\":\"\n\n<p>[trustindex no-registration=google]<\\\/p>\",\"margin\":\"default\"}}]}]}],\"name\":\"Google Reviews\"}],\"version\":\"4.5.4\"} --><\/p>\n","protected":false},"excerpt":{"rendered":"<p>Prefabricated wooden modular homes Innovation, efficiency and sustainability they come together to build the future of housing. Prefab wooden houses have revolutionized construction, offering a fast, efficient and sustainable alternative. Manufactured in modules and assembled on site, they reduce time and costs. If you are looking for an innovative, ecological and comfortable home, Bioeco House [&hellip;]<\/p>\n","protected":false},"author":1,"featured_media":0,"parent":0,"menu_order":0,"comment_status":"closed","ping_status":"closed","template":"","meta":{"footnotes":""},"class_list":["post-8434","page","type-page","status-publish","hentry"],"_links":{"self":[{"href":"https:\/\/bioecohouse.es\/en\/wp-json\/wp\/v2\/pages\/8434","targetHints":{"allow":["GET"]}}],"collection":[{"href":"https:\/\/bioecohouse.es\/en\/wp-json\/wp\/v2\/pages"}],"about":[{"href":"https:\/\/bioecohouse.es\/en\/wp-json\/wp\/v2\/types\/page"}],"author":[{"embeddable":true,"href":"https:\/\/bioecohouse.es\/en\/wp-json\/wp\/v2\/users\/1"}],"replies":[{"embeddable":true,"href":"https:\/\/bioecohouse.es\/en\/wp-json\/wp\/v2\/comments?post=8434"}],"version-history":[{"count":0,"href":"https:\/\/bioecohouse.es\/en\/wp-json\/wp\/v2\/pages\/8434\/revisions"}],"wp:attachment":[{"href":"https:\/\/bioecohouse.es\/en\/wp-json\/wp\/v2\/media?parent=8434"}],"curies":[{"name":"wp","href":"https:\/\/api.w.org\/{rel}","templated":true}]}}